{"id":9624,"date":"2025-08-20T11:21:03","date_gmt":"2025-08-20T03:21:03","guid":{"rendered":"https:\/\/www.hvbio.com\/?post_type=product&#038;p=9624"},"modified":"2025-08-20T11:21:04","modified_gmt":"2025-08-20T03:21:04","slug":"oyster-freeze-dried-powder","status":"publish","type":"product","link":"https:\/\/www.hvbio.com\/fr\/produit\/oyster-freeze-dried-powder\/","title":{"rendered":"Poudre lyophilis\u00e9e d&#039;hu\u00eetres"},"content":{"rendered":"<table>\n<tbody>\n<tr>\n<td><strong>Nom du produit<\/strong><\/td>\n<td>Poudre lyophilis\u00e9e d&#039;hu\u00eetres<\/td>\n<\/tr>\n<tr>\n<td><strong>Nom latin<\/strong><\/td>\n<td>Cistanche deserticola Ma<\/td>\n<\/tr>\n<tr>\n<td><strong>Alias de produit<\/strong><\/td>\n<td>Coquille d&#039;hu\u00eetre, coquille d&#039;hu\u00eetre de mer, coquille gauche, hu\u00eetre gauche, palourde<\/td>\n<\/tr>\n<tr>\n<td><strong>Num\u00e9ro CAS<\/strong><\/td>\n<td>94465-79-9<\/td>\n<\/tr>\n<tr>\n<td><strong>Source d&#039;utilisation<\/strong><\/td>\n<td>Chair d&#039;hu\u00eetres provenant d&#039;esp\u00e8ces d&#039;hu\u00eetres telles que\u00a0<em>Crassostrea rivularis<\/em>,\u00a0<em>Crassostrea gigas<\/em>\u00a0ou\u00a0<em>Crassostrea talienwhanensis<\/em>\u00a0de la famille des Ostreidae<\/td>\n<\/tr>\n<tr>\n<td><strong>Composants chimiques<\/strong><\/td>\n<td>Prot\u00e9ines, acides amin\u00e9s<\/td>\n<\/tr>\n<tr>\n<td><strong>Sp\u00e9cifications du produit<\/strong><\/td>\n<td>Poudre lyophilis\u00e9e<\/td>\n<\/tr>\n<tr>\n<td><strong>Taille des mailles du produit<\/strong><\/td>\n<td>100% \u00e0 travers un tamis de 30 mesh<\/td>\n<\/tr>\n<tr>\n<td><strong>Propri\u00e9t\u00e9s du produit<\/strong><\/td>\n<td>Poudre brun-jaune, test\u00e9e par CCM (chromatographie sur couche mince)<\/td>\n<\/tr>\n<tr>\n<td><strong>Origine des mati\u00e8res premi\u00e8res<\/strong><\/td>\n<td>Principalement produit dans les zones c\u00f4ti\u00e8res telles que les provinces du Jiangsu, du Fujian, du Guangdong, du Zhejiang, du Liaoning et du Shandong<\/td>\n<\/tr>\n<tr>\n<td><strong>Dur\u00e9e de conservation<\/strong><\/td>\n<td>24 mois<\/td>\n<\/tr>\n<tr>\n<td><strong>Express\/Logistique<\/strong><\/td>\n<td>Livraison express ou service logistique<br class=\"container-utlnW2 wrapper-d0Cc1k undefined\" \/>L&#039;express national arrive g\u00e9n\u00e9ralement dans les 3 jours ; la logistique arrive g\u00e9n\u00e9ralement dans les 5 jours<br class=\"container-utlnW2 wrapper-d0Cc1k undefined\" \/>Les devis incluent g\u00e9n\u00e9ralement les frais de transport int\u00e9rieur<\/td>\n<\/tr>\n<\/tbody>\n<\/table>","protected":false},"excerpt":{"rendered":"<table>\n<tbody>\n<tr>\n<td><strong>Nom du produit<\/strong><\/td>\n<td>Poudre lyophilis\u00e9e d&#039;hu\u00eetres<\/td>\n<\/tr>\n<tr>\n<td><strong>Nom latin<\/strong><\/td>\n<td>Cistanche deserticola Ma<\/td>\n<\/tr>\n<tr>\n<td><strong>Alias de produit<\/strong><\/td>\n<td>Coquille d&#039;hu\u00eetre, coquille d&#039;hu\u00eetre de mer, coquille gauche, hu\u00eetre gauche, palourde<\/td>\n<\/tr>\n<tr>\n<td><strong>Num\u00e9ro CAS<\/strong><\/td>\n<td>94465-79-9<\/td>\n<\/tr>\n<tr>\n<td><strong>Source d&#039;utilisation<\/strong><\/td>\n<td>Chair d&#039;hu\u00eetres provenant d&#039;esp\u00e8ces d&#039;hu\u00eetres telles que\u00a0<em>Crassostrea rivularis<\/em>,\u00a0<em>Crassostrea gigas<\/em>\u00a0ou\u00a0<em>Crassostrea talienwhanensis<\/em>\u00a0de la famille des Ostreidae<\/td>\n<\/tr>\n<tr>\n<td><strong>Composants chimiques<\/strong><\/td>\n<td>Prot\u00e9ines, acides amin\u00e9s<\/td>\n<\/tr>\n<tr>\n<td><strong>Sp\u00e9cifications du produit<\/strong><\/td>\n<td>Poudre lyophilis\u00e9e<\/td>\n<\/tr>\n<tr>\n<td><strong>Taille des mailles du produit<\/strong><\/td>\n<td>100% \u00e0 travers un tamis de 30 mesh<\/td>\n<\/tr>\n<tr>\n<td><strong>Propri\u00e9t\u00e9s du produit<\/strong><\/td>\n<td>Poudre brun-jaune, test\u00e9e par CCM (chromatographie sur couche mince)<\/td>\n<\/tr>\n<tr>\n<td><strong>Origine des mati\u00e8res premi\u00e8res<\/strong><\/td>\n<td>Principalement produit dans les zones c\u00f4ti\u00e8res telles que les provinces du Jiangsu, du Fujian, du Guangdong, du Zhejiang, du Liaoning et du Shandong<\/td>\n<\/tr>\n<tr>\n<td><strong>Dur\u00e9e de conservation<\/strong><\/td>\n<td>24 mois<\/td>\n<\/tr>\n<tr>\n<td><strong>Express\/Logistique<\/strong><\/td>\n<td>Livraison express ou service logistique<br class=\"container-utlnW2 wrapper-d0Cc1k undefined\" \/>L&#039;express national arrive g\u00e9n\u00e9ralement dans les 3 jours ; la logistique arrive g\u00e9n\u00e9ralement dans les 5 jours<br class=\"container-utlnW2 wrapper-d0Cc1k undefined\" \/>Les devis incluent g\u00e9n\u00e9ralement les frais de transport int\u00e9rieur<\/td>\n<\/tr>\n<\/tbody>\n<\/table>","protected":false},"featured_media":9633,"comment_status":"closed","ping_status":"closed","template":"","meta":[],"product_brand":[],"product_cat":[21,18],"product_tag":[],"class_list":{"0":"post-9624","1":"product","2":"type-product","3":"status-publish","4":"has-post-thumbnail","6":"product_cat-lyophilized-powder","7":"product_cat-fruit-and-vegetable-powder","9":"first","10":"instock","11":"shipping-taxable","12":"product-type-simple"},"_links":{"self":[{"href":"https:\/\/www.hvbio.com\/fr\/wp-json\/wp\/v2\/product\/9624","targetHints":{"allow":["GET"]}}],"collection":[{"href":"https:\/\/www.hvbio.com\/fr\/wp-json\/wp\/v2\/product"}],"about":[{"href":"https:\/\/www.hvbio.com\/fr\/wp-json\/wp\/v2\/types\/product"}],"replies":[{"embeddable":true,"href":"https:\/\/www.hvbio.com\/fr\/wp-json\/wp\/v2\/comments?post=9624"}],"wp:featuredmedia":[{"embeddable":true,"href":"https:\/\/www.hvbio.com\/fr\/wp-json\/wp\/v2\/media\/9633"}],"wp:attachment":[{"href":"https:\/\/www.hvbio.com\/fr\/wp-json\/wp\/v2\/media?parent=9624"}],"wp:term":[{"taxonomy":"product_brand","embeddable":true,"href":"https:\/\/www.hvbio.com\/fr\/wp-json\/wp\/v2\/product_brand?post=9624"},{"taxonomy":"product_cat","embeddable":true,"href":"https:\/\/www.hvbio.com\/fr\/wp-json\/wp\/v2\/product_cat?post=9624"},{"taxonomy":"product_tag","embeddable":true,"href":"https:\/\/www.hvbio.com\/fr\/wp-json\/wp\/v2\/product_tag?post=9624"}],"curies":[{"name":"wp","href":"https:\/\/api.w.org\/{rel}","templated":true}]}}