{"id":9625,"date":"2025-08-20T11:28:07","date_gmt":"2025-08-20T03:28:07","guid":{"rendered":"https:\/\/www.hvbio.com\/?post_type=product&#038;p=9625"},"modified":"2025-08-20T11:41:11","modified_gmt":"2025-08-20T03:41:11","slug":"broccoli-powder","status":"publish","type":"product","link":"https:\/\/www.hvbio.com\/fr\/produit\/broccoli-powder\/","title":{"rendered":"Poudre de brocoli"},"content":{"rendered":"<table style=\"height: 358px;\" width=\"1360\">\n<thead>\n<tr>\n<th><strong>Article<\/strong><\/th>\n<th><strong>D\u00e9tails<\/strong><\/th>\n<\/tr>\n<\/thead>\n<tbody>\n<tr>\n<td><strong>Nom du produit<\/strong><\/td>\n<td>Poudre de brocoli<\/td>\n<\/tr>\n<tr>\n<td><strong>Autres noms<\/strong><\/td>\n<td>Poudre de chou-fleur, poudre de chou-fleur vert, poudre de pollen de l\u00e9gumes verts, poudre de brocoli bleu, poudre de brocoli vert<\/td>\n<\/tr>\n<tr>\n<td><strong>Solvant d&#039;extraction et pi\u00e8ce utilis\u00e9e<\/strong><\/td>\n<td>&#8211;\u00a0<strong>Pi\u00e8ce utilis\u00e9e<\/strong>: Fruit<br class=\"container-utlnW2 wrapper-d0Cc1k undefined\" \/>&#8211;\u00a0<strong>Solvants d&#039;extraction<\/strong>:\u00c9thanol et eau (pour l&#039;extrait de brocoli)<\/td>\n<\/tr>\n<tr>\n<td><strong>Apparence<\/strong><\/td>\n<td>poudre verte<\/td>\n<\/tr>\n<tr>\n<td><strong>M\u00e9thode de d\u00e9tection<\/strong><\/td>\n<td>CCM (chromatographie sur couche mince)<\/td>\n<\/tr>\n<tr>\n<td><strong>Stockage<\/strong><\/td>\n<td>Conserver dans un r\u00e9cipient herm\u00e9tique, dans un endroit frais, sec et sombre, \u00e0 l&#039;abri des sources de chaleur et des environnements humides.<\/td>\n<\/tr>\n<tr>\n<td><strong>Dur\u00e9e de conservation<\/strong><\/td>\n<td>Deux ans<\/td>\n<\/tr>\n<\/tbody>\n<\/table>","protected":false},"excerpt":{"rendered":"<h5 class=\"header-vfC6AV auto-hide-last-sibling-br\">Nom du produit : Poudre de brocoli<\/h5>\n<div class=\"auto-hide-last-sibling-br paragraph-JOTKXA paragraph-element br-paragraph-space\">Autres noms : Poudre de chou-fleur, Poudre de brocoli vert, Pollen de l\u00e9gumes verts, Poudre de brocoli bleu, Poudre de chou-fleur vert<br class=\"container-utlnW2 wrapper-d0Cc1k undefined\" \/>Solvant d&#039;extraction et partie utilis\u00e9e : La partie d&#039;extraction de la poudre de brocoli est le fruit ; l&#039;\u00e9thanol et l&#039;eau peuvent \u00eatre utilis\u00e9s comme solvants pour l&#039;extrait de brocoli.<br class=\"container-utlnW2 wrapper-d0Cc1k undefined\" \/>Aspect : poudre verte<br class=\"container-utlnW2 wrapper-d0Cc1k undefined\" \/>M\u00e9thode de d\u00e9tection : CCM<\/div>\n<h5 class=\"header-vfC6AV auto-hide-last-sibling-br\">Instructions d&#039;achat<\/h5>\n<ul class=\"auto-hide-last-sibling-br\">\n<li>\u3010M\u00e9thode d&#039;emballage\u301125 kg\/f\u00fbt en carton ou sac en aluminium<\/li>\n<li>\u3010Conditions de stockage\u3011Doit \u00eatre scell\u00e9 et prot\u00e9g\u00e9 de la lumi\u00e8re, stock\u00e9 dans un endroit sec, frais et bien ventil\u00e9<\/li>\n<li>\u3010Dur\u00e9e de conservation\u3011Deux ans<\/li>\n<li>\u3010\u00c9chantillon\u3011En g\u00e9n\u00e9ral, des \u00e9chantillons de 5 \u00e0 20 g sont fournis pour la plupart des produits ; certains produits facturent des frais d&#039;\u00e9chantillon.<\/li>\n<li>\u3010Emballage du produit\u3011Emball\u00e9 dans des f\u00fbts en carton ou des sacs en aluminium (emballage personnalisable disponible sur demande du client)<\/li>\n<li>\u3010D\u00e9lai de livraison\u3011Les produits non personnalis\u00e9s seront exp\u00e9di\u00e9s dans les 48 heures ; le d\u00e9lai de livraison des produits personnalis\u00e9s sera ajust\u00e9 en fonction des besoins r\u00e9els.<\/li>\n<li>\u3010M\u00e9thode d&#039;emballage\u301125 kg\/f\u00fbt en carton ou sac en aluminium ; l&#039;emballage peut \u00eatre ajust\u00e9 en fonction des conditions r\u00e9elles.<\/li>\n<li>\u3010Mode de transport\u3011Logistique express nationale ; le devis comprend les frais de transport.<\/li>\n<li>\u3010Conditions de stockage\u3011Scell\u00e9 et prot\u00e9g\u00e9 de la lumi\u00e8re, stock\u00e9 dans un endroit sec, frais et bien ventil\u00e9.<\/li>\n<\/ul>","protected":false},"featured_media":9629,"comment_status":"closed","ping_status":"closed","template":"","meta":[],"product_brand":[],"product_cat":[18,19],"product_tag":[],"class_list":{"0":"post-9625","1":"product","2":"type-product","3":"status-publish","4":"has-post-thumbnail","6":"product_cat-fruit-and-vegetable-powder","7":"product_cat-vegetable-powders","9":"first","10":"instock","11":"shipping-taxable","12":"product-type-simple"},"_links":{"self":[{"href":"https:\/\/www.hvbio.com\/fr\/wp-json\/wp\/v2\/product\/9625","targetHints":{"allow":["GET"]}}],"collection":[{"href":"https:\/\/www.hvbio.com\/fr\/wp-json\/wp\/v2\/product"}],"about":[{"href":"https:\/\/www.hvbio.com\/fr\/wp-json\/wp\/v2\/types\/product"}],"replies":[{"embeddable":true,"href":"https:\/\/www.hvbio.com\/fr\/wp-json\/wp\/v2\/comments?post=9625"}],"wp:featuredmedia":[{"embeddable":true,"href":"https:\/\/www.hvbio.com\/fr\/wp-json\/wp\/v2\/media\/9629"}],"wp:attachment":[{"href":"https:\/\/www.hvbio.com\/fr\/wp-json\/wp\/v2\/media?parent=9625"}],"wp:term":[{"taxonomy":"product_brand","embeddable":true,"href":"https:\/\/www.hvbio.com\/fr\/wp-json\/wp\/v2\/product_brand?post=9625"},{"taxonomy":"product_cat","embeddable":true,"href":"https:\/\/www.hvbio.com\/fr\/wp-json\/wp\/v2\/product_cat?post=9625"},{"taxonomy":"product_tag","embeddable":true,"href":"https:\/\/www.hvbio.com\/fr\/wp-json\/wp\/v2\/product_tag?post=9625"}],"curies":[{"name":"wp","href":"https:\/\/api.w.org\/{rel}","templated":true}]}}