{"id":9641,"date":"2025-08-20T11:37:48","date_gmt":"2025-08-20T03:37:48","guid":{"rendered":"https:\/\/www.hvbio.com\/?post_type=product&#038;p=9641"},"modified":"2025-08-20T11:37:49","modified_gmt":"2025-08-20T03:37:49","slug":"rhamnus-bark-total-anthraquinones-10","status":"publish","type":"product","link":"https:\/\/www.hvbio.com\/fr\/produit\/rhamnus-bark-total-anthraquinones-10\/","title":{"rendered":"\u00c9corce de Rhamnus Anthraquinones totales 10%"},"content":{"rendered":"<table>\n<tbody>\n<tr>\n<td><strong>Nom du produit<\/strong><\/td>\n<td>\u00c9corce de Rhamnus Anthraquinones totales 10%<\/td>\n<\/tr>\n<tr>\n<td><strong>Nom alternatif de la mati\u00e8re premi\u00e8re<\/strong><\/td>\n<td>\u00c9corce d&#039;arbre verte gel\u00e9e<\/td>\n<\/tr>\n<tr>\n<td><strong>Caract\u00e9ristiques de la plante<\/strong><\/td>\n<td>L&#039;\u00e9corce est plate ou l\u00e9g\u00e8rement en forme de cuvette, avec des longueurs variables et une \u00e9paisseur de 2 \u00e0 3 mm.<br class=\"container-utlnW2 wrapper-d0Cc1k undefined\" \/>Surface ext\u00e9rieure : Brun gris\u00e2tre, rugueuse, avec des fissures verticales et horizontales et des lenticelles horizontales ; l&#039;\u00e9corce des branches est plus lisse, brun rouge\u00e2tre lorsque le li\u00e8ge est retir\u00e9.<br class=\"container-utlnW2 wrapper-d0Cc1k undefined\" \/>Surface int\u00e9rieure : Brun rouge\u00e2tre fonc\u00e9, avec des textures verticales blanc cass\u00e9.<br class=\"container-utlnW2 wrapper-d0Cc1k undefined\" \/>Texture : Dure et cassante, facile \u00e0 casser, section transversale fibreuse.<br class=\"container-utlnW2 wrapper-d0Cc1k undefined\" \/>Odeur et go\u00fbt : Odeur faible et sp\u00e9cifique, go\u00fbt amer.<\/td>\n<\/tr>\n<tr>\n<td><strong>Distribution principale<\/strong><\/td>\n<td>Distribu\u00e9 dans l&#039;est de la Chine, le centre-sud, le sud-ouest de la Chine, ainsi que dans le Hebei, le Shanxi, le Shaanxi, le Gansu et d&#039;autres r\u00e9gions.<\/td>\n<\/tr>\n<tr>\n<td><strong>Source d&#039;extraction<\/strong><\/td>\n<td>\u00c9corce ou \u00e9corce de racine de\u00a0<em>Rhamnus utilis<\/em>\u00a0Decne. (une plante de la famille des Rhamnac\u00e9es)<\/td>\n<\/tr>\n<tr>\n<td><strong>Sp\u00e9cification<\/strong><\/td>\n<td>10% Anthraquinones ou personnalis\u00e9es selon les exigences du client<\/td>\n<\/tr>\n<tr>\n<td><strong>Apparence<\/strong><\/td>\n<td>Poudre jaune brun\u00e2tre<\/td>\n<\/tr>\n<tr>\n<td><strong>Taille des mailles<\/strong><\/td>\n<td>Tamis\u00e9 \u00e0 travers 80 \u00e0 100 mailles<\/td>\n<\/tr>\n<tr>\n<td><strong>Conditions de stockage<\/strong><\/td>\n<td>\u00c0 conserver dans un endroit frais et sec, \u00e0 l&#039;abri de la lumi\u00e8re et des temp\u00e9ratures \u00e9lev\u00e9es. Dur\u00e9e de conservation\u00a0: 2\u00a0ans.<\/td>\n<\/tr>\n<\/tbody>\n<\/table>","protected":false},"excerpt":{"rendered":"<table>\n<tbody>\n<tr>\n<td><strong>Nom du produit<\/strong><\/td>\n<td>\u00c9corce de Rhamnus Anthraquinones totales 10%<\/td>\n<\/tr>\n<tr>\n<td><strong>Nom alternatif de la mati\u00e8re premi\u00e8re<\/strong><\/td>\n<td>\u00c9corce d&#039;arbre verte gel\u00e9e<\/td>\n<\/tr>\n<tr>\n<td><strong>Caract\u00e9ristiques de la plante<\/strong><\/td>\n<td>L&#039;\u00e9corce est plate ou l\u00e9g\u00e8rement en forme de cuvette, avec des longueurs variables et une \u00e9paisseur de 2 \u00e0 3 mm.<br class=\"container-utlnW2 wrapper-d0Cc1k undefined\" \/>Surface ext\u00e9rieure : Brun gris\u00e2tre, rugueuse, avec des fissures verticales et horizontales et des lenticelles horizontales ; l&#039;\u00e9corce des branches est plus lisse, brun rouge\u00e2tre lorsque le li\u00e8ge est retir\u00e9.<br class=\"container-utlnW2 wrapper-d0Cc1k undefined\" \/>Surface int\u00e9rieure : Brun rouge\u00e2tre fonc\u00e9, avec des textures verticales blanc cass\u00e9.<br class=\"container-utlnW2 wrapper-d0Cc1k undefined\" \/>Texture : Dure et cassante, facile \u00e0 casser, section transversale fibreuse.<br class=\"container-utlnW2 wrapper-d0Cc1k undefined\" \/>Odeur et go\u00fbt : Odeur faible et sp\u00e9cifique, go\u00fbt amer.<\/td>\n<\/tr>\n<tr>\n<td><strong>Distribution principale<\/strong><\/td>\n<td>Distribu\u00e9 dans l&#039;est de la Chine, le centre-sud, le sud-ouest de la Chine, ainsi que dans le Hebei, le Shanxi, le Shaanxi, le Gansu et d&#039;autres r\u00e9gions.<\/td>\n<\/tr>\n<tr>\n<td><strong>Source d&#039;extraction<\/strong><\/td>\n<td>\u00c9corce ou \u00e9corce de racine de\u00a0<em>Rhamnus utilis<\/em>\u00a0Decne. (une plante de la famille des Rhamnac\u00e9es)<\/td>\n<\/tr>\n<tr>\n<td><strong>Sp\u00e9cification<\/strong><\/td>\n<td>10% Anthraquinones ou personnalis\u00e9es selon les exigences du client<\/td>\n<\/tr>\n<tr>\n<td><strong>Apparence<\/strong><\/td>\n<td>Poudre jaune brun\u00e2tre<\/td>\n<\/tr>\n<tr>\n<td><strong>Taille des mailles<\/strong><\/td>\n<td>Tamis\u00e9 \u00e0 travers 80 \u00e0 100 mailles<\/td>\n<\/tr>\n<tr>\n<td><strong>Conditions de stockage<\/strong><\/td>\n<td>\u00c0 conserver dans un endroit frais et sec, \u00e0 l&#039;abri de la lumi\u00e8re et des temp\u00e9ratures \u00e9lev\u00e9es. Dur\u00e9e de conservation\u00a0: 2\u00a0ans.<\/td>\n<\/tr>\n<\/tbody>\n<\/table>","protected":false},"featured_media":9651,"comment_status":"closed","ping_status":"closed","template":"","meta":[],"product_brand":[],"product_cat":[23,17],"product_tag":[],"class_list":{"0":"post-9641","1":"product","2":"type-product","3":"status-publish","4":"has-post-thumbnail","6":"product_cat-standard-extract","7":"product_cat-plant-extract","9":"first","10":"instock","11":"shipping-taxable","12":"product-type-simple"},"_links":{"self":[{"href":"https:\/\/www.hvbio.com\/fr\/wp-json\/wp\/v2\/product\/9641","targetHints":{"allow":["GET"]}}],"collection":[{"href":"https:\/\/www.hvbio.com\/fr\/wp-json\/wp\/v2\/product"}],"about":[{"href":"https:\/\/www.hvbio.com\/fr\/wp-json\/wp\/v2\/types\/product"}],"replies":[{"embeddable":true,"href":"https:\/\/www.hvbio.com\/fr\/wp-json\/wp\/v2\/comments?post=9641"}],"wp:featuredmedia":[{"embeddable":true,"href":"https:\/\/www.hvbio.com\/fr\/wp-json\/wp\/v2\/media\/9651"}],"wp:attachment":[{"href":"https:\/\/www.hvbio.com\/fr\/wp-json\/wp\/v2\/media?parent=9641"}],"wp:term":[{"taxonomy":"product_brand","embeddable":true,"href":"https:\/\/www.hvbio.com\/fr\/wp-json\/wp\/v2\/product_brand?post=9641"},{"taxonomy":"product_cat","embeddable":true,"href":"https:\/\/www.hvbio.com\/fr\/wp-json\/wp\/v2\/product_cat?post=9641"},{"taxonomy":"product_tag","embeddable":true,"href":"https:\/\/www.hvbio.com\/fr\/wp-json\/wp\/v2\/product_tag?post=9641"}],"curies":[{"name":"wp","href":"https:\/\/api.w.org\/{rel}","templated":true}]}}