{"id":9645,"date":"2025-08-20T11:39:05","date_gmt":"2025-08-20T03:39:05","guid":{"rendered":"https:\/\/www.hvbio.com\/?post_type=product&#038;p=9645"},"modified":"2025-08-20T11:49:46","modified_gmt":"2025-08-20T03:49:46","slug":"freeze-dried-dragon-fruit-powder","status":"publish","type":"product","link":"https:\/\/www.hvbio.com\/fr\/produit\/freeze-dried-dragon-fruit-powder\/","title":{"rendered":"Poudre lyophilis\u00e9e de fruit du dragon"},"content":{"rendered":"<table style=\"height: 360px;\" width=\"1163\">\n<thead>\n<tr>\n<th>Article<\/th>\n<th>D\u00e9tails<\/th>\n<\/tr>\n<\/thead>\n<tbody>\n<tr>\n<td>Nom du produit<\/td>\n<td>Poudre lyophilis\u00e9e de fruit du dragon<\/td>\n<\/tr>\n<tr>\n<td>Autres noms<\/td>\n<td>Dragon Fruit Extract, Red Dragon Fruit Powder<\/td>\n<\/tr>\n<tr>\n<td>Solvant d&#039;extraction et pi\u00e8ce utilis\u00e9e<\/td>\n<td>The commonly used extraction solvent is ethanol, and the main extraction part is the pulp of dragon fruit.<\/td>\n<\/tr>\n<tr>\n<td>Apparence<\/td>\n<td>Purple-Red Powder<\/td>\n<\/tr>\n<tr>\n<td>M\u00e9thode d&#039;essai<\/td>\n<td>CCM (chromatographie sur couche mince)<\/td>\n<\/tr>\n<tr>\n<td>Stockage<\/td>\n<td>Store in a sealed container in a cool, dry, and dark place, away from heat sources and humid environments.<\/td>\n<\/tr>\n<tr>\n<td>Dur\u00e9e de conservation<\/td>\n<td>Deux ans<\/td>\n<\/tr>\n<\/tbody>\n<\/table>","protected":false},"excerpt":{"rendered":"<h5 class=\"header-vfC6AV auto-hide-last-sibling-br\">Product Name: Dragon Fruit Freeze &#8211; Dried Powder<\/h5>\n<div class=\"auto-hide-last-sibling-br paragraph-JOTKXA paragraph-element br-paragraph-space\">Other Names: Dragon Fruit Extract, Red-Pitaya Fruit Powder<br class=\"container-utlnW2 wrapper-d0Cc1k undefined\" \/>Extraction Solvent &amp; Used Part: The commonly used extraction solvent is ethanol, and the main extraction part is the flesh of dragon fruit.<br class=\"container-utlnW2 wrapper-d0Cc1k undefined\" \/>Appearance: Fuchsia powder<br class=\"container-utlnW2 wrapper-d0Cc1k undefined\" \/>M\u00e9thode de d\u00e9tection : CCM<\/div>\n<h5 class=\"header-vfC6AV auto-hide-last-sibling-br\">Instructions d&#039;achat<\/h5>\n<ul class=\"auto-hide-last-sibling-br\">\n<li><strong>M\u00e9thode d&#039;emballage<\/strong>: 25 kg\/f\u00fbt en carton ou sac en aluminium<\/li>\n<li><strong>Conditions de stockage<\/strong>:Doit \u00eatre scell\u00e9 et prot\u00e9g\u00e9 de la lumi\u00e8re, stock\u00e9 dans un endroit sec, frais et bien ventil\u00e9<\/li>\n<li><strong>Dur\u00e9e de conservation<\/strong>: 2 ans<\/li>\n<li><strong>Exemple de disposition<\/strong>:En g\u00e9n\u00e9ral, des \u00e9chantillons de 5 \u00e0 20 g sont fournis pour la plupart des produits\u00a0; des frais d&#039;\u00e9chantillon sont factur\u00e9s pour certains produits.<\/li>\n<li><strong>Emballage du produit<\/strong>: Conditionn\u00e9 dans des f\u00fbts en carton ou des sacs en aluminium (emballage personnalisable disponible sur demande du client)<\/li>\n<li><strong>D\u00e9lai de livraison<\/strong>: Les produits non personnalis\u00e9s seront exp\u00e9di\u00e9s dans les 48 heures ; le d\u00e9lai de livraison des produits personnalis\u00e9s sera ajust\u00e9 en fonction des besoins r\u00e9els.<\/li>\n<li><strong>Mode de transport<\/strong>:Logistique express nationale ; le prix indiqu\u00e9 comprend les frais de transport.<\/li>\n<\/ul>","protected":false},"featured_media":9646,"comment_status":"closed","ping_status":"closed","template":"","meta":[],"product_brand":[],"product_cat":[18,21],"product_tag":[],"class_list":{"0":"post-9645","1":"product","2":"type-product","3":"status-publish","4":"has-post-thumbnail","6":"product_cat-fruit-and-vegetable-powder","7":"product_cat-lyophilized-powder","9":"first","10":"instock","11":"shipping-taxable","12":"product-type-simple"},"_links":{"self":[{"href":"https:\/\/www.hvbio.com\/fr\/wp-json\/wp\/v2\/product\/9645","targetHints":{"allow":["GET"]}}],"collection":[{"href":"https:\/\/www.hvbio.com\/fr\/wp-json\/wp\/v2\/product"}],"about":[{"href":"https:\/\/www.hvbio.com\/fr\/wp-json\/wp\/v2\/types\/product"}],"replies":[{"embeddable":true,"href":"https:\/\/www.hvbio.com\/fr\/wp-json\/wp\/v2\/comments?post=9645"}],"wp:featuredmedia":[{"embeddable":true,"href":"https:\/\/www.hvbio.com\/fr\/wp-json\/wp\/v2\/media\/9646"}],"wp:attachment":[{"href":"https:\/\/www.hvbio.com\/fr\/wp-json\/wp\/v2\/media?parent=9645"}],"wp:term":[{"taxonomy":"product_brand","embeddable":true,"href":"https:\/\/www.hvbio.com\/fr\/wp-json\/wp\/v2\/product_brand?post=9645"},{"taxonomy":"product_cat","embeddable":true,"href":"https:\/\/www.hvbio.com\/fr\/wp-json\/wp\/v2\/product_cat?post=9645"},{"taxonomy":"product_tag","embeddable":true,"href":"https:\/\/www.hvbio.com\/fr\/wp-json\/wp\/v2\/product_tag?post=9645"}],"curies":[{"name":"wp","href":"https:\/\/api.w.org\/{rel}","templated":true}]}}