{"id":9659,"date":"2025-08-20T11:58:32","date_gmt":"2025-08-20T03:58:32","guid":{"rendered":"https:\/\/www.hvbio.com\/?post_type=product&#038;p=9659"},"modified":"2025-08-20T12:01:21","modified_gmt":"2025-08-20T04:01:21","slug":"ganoderma-total-triterpenes-2-5","status":"publish","type":"product","link":"https:\/\/www.hvbio.com\/fr\/produit\/ganoderma-total-triterpenes-2-5\/","title":{"rendered":"Triterp\u00e8nes totaux de Ganoderma 2,5%"},"content":{"rendered":"<table style=\"height: 357px;\" width=\"1272\">\n<thead>\n<tr>\n<th><strong>Article<\/strong><\/th>\n<th><strong>D\u00e9tails<\/strong><\/th>\n<\/tr>\n<\/thead>\n<tbody>\n<tr>\n<td><strong>Nom du produit<\/strong><\/td>\n<td>Triterp\u00e8nes totaux de Ganoderma 2,5%<\/td>\n<\/tr>\n<tr>\n<td><strong>Autres noms<\/strong><\/td>\n<td>Triterp\u00e8nes de Ganoderma, triterp\u00e9no\u00efdes, triterp\u00e9no\u00efdes totaux<\/td>\n<\/tr>\n<tr>\n<td><strong>Apparence<\/strong><\/td>\n<td>Poudre jaune brun\u00e2tre<\/td>\n<\/tr>\n<tr>\n<td><strong>Solvant d&#039;extraction et pi\u00e8ce utilis\u00e9e<\/strong><\/td>\n<td>&#8211;\u00a0<strong>Solvants d&#039;extraction courants<\/strong>: Solvants organiques tels que le m\u00e9thanol, l&#039;\u00e9thanol, le chloroforme, l&#039;ac\u00e9tate d&#039;\u00e9thyle, etc.<br class=\"container-utlnW2 wrapper-d0Cc1k undefined\" \/>&#8211;\u00a0<strong>Partie d&#039;extraction principale<\/strong>: Fructification du Ganoderma<\/td>\n<\/tr>\n<tr>\n<td><strong>M\u00e9thode de d\u00e9tection<\/strong><\/td>\n<td>UV (Spectrophotom\u00e9trie ultraviolette)<\/td>\n<\/tr>\n<tr>\n<td><strong>Stockage<\/strong><\/td>\n<td>Conserver dans un r\u00e9cipient herm\u00e9tiquement ferm\u00e9, dans un endroit frais, sec et \u00e0 l&#039;abri de la lumi\u00e8re, \u00e0 l&#039;abri des sources de chaleur et des environnements humides.<\/td>\n<\/tr>\n<tr>\n<td><strong>Dur\u00e9e de conservation<\/strong><\/td>\n<td>Deux ans<\/td>\n<\/tr>\n<\/tbody>\n<\/table>","protected":false},"excerpt":{"rendered":"<div class=\"inter-jQQQ8P\">\n<div class=\"container-PrUkKo\">\n<div class=\"item-hGGxLi\">\n<div class=\"container-arOxqB chrome70-container\">\n<div class=\"inner-FyM8gE inner-item-swzCut\" data-target-id=\"message-box-target-id\" data-testid=\"union_message\">\n<div class=\"message-block-container-aFugD6\" data-testid=\"message-block-container\">\n<div class=\"flex flex-row w-full w-full max-w-full s-font-base text-s-color-text-secondary p-0 rounded-s-radius-s bg-transparent group data-[attr=select-mode]:-mt-10 data-[attr=select-mode]:py-10 data-[attr=select-mode]:px-16 data-[attr=select-mode]:sm:p-10 data-[attr=select-mode]:hover:bg-s-color-bg-base data-[attr=select-mode]:hover:rounded-s-radius-xs data-[attr=select-mode]:has-[:checked]:bg-s-color-bg-trans data-[attr=select-mode]:has-[:checked]:rounded-s-radius-xs data-[attr=select-mode]:pointer-events-none\" data-testid=\"receive_message\">\n<div class=\"flex flex-col flex-grow max-w-full min-w-0\">\n<div class=\"flex flex-row w-full\" data-testid=\"message_content\" data-message-id=\"17047689443524866\">\n<div class=\"w-full\" data-plugin-identifier=\"Symbol(infra:receive-message-box:text)\">\n<div class=\"container-ZYIsnH flow-markdown-body theme-samantha-Nbr9UN\" dir=\"ltr\" data-testid=\"message_text_content\" data-show-indicator=\"false\">\n<h4 class=\"header-vfC6AV auto-hide-last-sibling-br\">Nom du produit : Triterp\u00e8nes totaux de Ganoderma 2.5%<\/h4>\n<div class=\"auto-hide-last-sibling-br paragraph-JOTKXA paragraph-element br-paragraph-space\">Autres noms\u00a0: triterp\u00e8nes de Ganoderma, triterp\u00e9no\u00efdes, triterp\u00e9no\u00efdes totaux<br class=\"container-utlnW2 wrapper-d0Cc1k undefined\" \/>Solvants d&#039;extraction et pi\u00e8ces utilis\u00e9es : Les solvants d&#039;extraction courants comprennent les solvants organiques tels que le m\u00e9thanol, l&#039;\u00e9thanol, le chloroforme et l&#039;ac\u00e9tate d&#039;\u00e9thyle ; la principale partie d&#039;extraction est le\u00a0<strong>Fructification de Ganoderma lucidum<\/strong>.<br class=\"container-utlnW2 wrapper-d0Cc1k undefined\" \/>Aspect : Poudre jaune brun\u00e2tre<br class=\"container-utlnW2 wrapper-d0Cc1k undefined\" \/>M\u00e9thode de d\u00e9tection : UV<\/div>\n<h4 class=\"header-vfC6AV auto-hide-last-sibling-br\">Notes d&#039;achat<\/h4>\n<ul class=\"auto-hide-last-sibling-br\">\n<li><strong>M\u00e9thode d&#039;emballage<\/strong>: 25 kg\/f\u00fbt en carton ou sac en aluminium<\/li>\n<li><strong>Conditions de stockage<\/strong>:Doit \u00eatre scell\u00e9 et prot\u00e9g\u00e9 de la lumi\u00e8re, stock\u00e9 dans un endroit sec, frais et bien ventil\u00e9<\/li>\n<li><strong>Dur\u00e9e de conservation<\/strong>: 2 ans<\/li>\n<li><strong>Exemple de disposition<\/strong>:En g\u00e9n\u00e9ral, des \u00e9chantillons de 5 \u00e0 20 g sont fournis pour les produits\u00a0; des frais d&#039;\u00e9chantillon sont factur\u00e9s pour certains produits.<\/li>\n<li><strong>Emballage du produit<\/strong>: Emballage en f\u00fbt de carton ou en sac en aluminium (personnalisable selon les exigences du client)<\/li>\n<li><strong>D\u00e9lai de livraison<\/strong>: Les produits non personnalis\u00e9s sont exp\u00e9di\u00e9s dans les 48 heures ; le d\u00e9lai de livraison des produits personnalis\u00e9s est ajust\u00e9 en fonction des besoins r\u00e9els.<\/li>\n<li><strong>Ajustement de l&#039;emballage<\/strong>: 25 kg\/f\u00fbt en carton ou sac en aluminium ; l&#039;emballage peut \u00eatre ajust\u00e9 en fonction des conditions r\u00e9elles.<\/li>\n<li><strong>Mode de transport<\/strong>:Logistique express nationale ; le devis comprend les frais de transport.<\/li>\n<li><strong>Rappel de stockage r\u00e9p\u00e9t\u00e9<\/strong>:Scell\u00e9 et prot\u00e9g\u00e9 de la lumi\u00e8re, conserv\u00e9 dans un endroit sec, frais et bien ventil\u00e9<\/li>\n<\/ul>\n<\/div>\n<\/div>\n<\/div>\n<div class=\"answer-action-bar-pgm2JD answer-action-bar flex flex-col justify-end\" data-testid=\"message_action_bar\">\n<div class=\"container-rxM4SW flex flex-row items-start w-full self-center\" data-message-action-bar=\"1\"><\/div>\n<\/div>\n<\/div>\n<\/div>\n<\/div>\n<\/div>\n<\/div>\n<\/div>\n<\/div>\n<\/div>","protected":false},"featured_media":9661,"comment_status":"closed","ping_status":"closed","template":"","meta":[],"product_brand":[],"product_cat":[23,17],"product_tag":[],"class_list":{"0":"post-9659","1":"product","2":"type-product","3":"status-publish","4":"has-post-thumbnail","6":"product_cat-standard-extract","7":"product_cat-plant-extract","9":"first","10":"instock","11":"shipping-taxable","12":"product-type-simple"},"_links":{"self":[{"href":"https:\/\/www.hvbio.com\/fr\/wp-json\/wp\/v2\/product\/9659","targetHints":{"allow":["GET"]}}],"collection":[{"href":"https:\/\/www.hvbio.com\/fr\/wp-json\/wp\/v2\/product"}],"about":[{"href":"https:\/\/www.hvbio.com\/fr\/wp-json\/wp\/v2\/types\/product"}],"replies":[{"embeddable":true,"href":"https:\/\/www.hvbio.com\/fr\/wp-json\/wp\/v2\/comments?post=9659"}],"wp:featuredmedia":[{"embeddable":true,"href":"https:\/\/www.hvbio.com\/fr\/wp-json\/wp\/v2\/media\/9661"}],"wp:attachment":[{"href":"https:\/\/www.hvbio.com\/fr\/wp-json\/wp\/v2\/media?parent=9659"}],"wp:term":[{"taxonomy":"product_brand","embeddable":true,"href":"https:\/\/www.hvbio.com\/fr\/wp-json\/wp\/v2\/product_brand?post=9659"},{"taxonomy":"product_cat","embeddable":true,"href":"https:\/\/www.hvbio.com\/fr\/wp-json\/wp\/v2\/product_cat?post=9659"},{"taxonomy":"product_tag","embeddable":true,"href":"https:\/\/www.hvbio.com\/fr\/wp-json\/wp\/v2\/product_tag?post=9659"}],"curies":[{"name":"wp","href":"https:\/\/api.w.org\/{rel}","templated":true}]}}