{"id":9672,"date":"2025-08-20T12:15:23","date_gmt":"2025-08-20T04:15:23","guid":{"rendered":"https:\/\/www.hvbio.com\/?post_type=product&#038;p=9672"},"modified":"2025-08-20T12:31:16","modified_gmt":"2025-08-20T04:31:16","slug":"sophora-flavescens-total-alkaloids-10","status":"publish","type":"product","link":"https:\/\/www.hvbio.com\/fr\/produit\/sophora-flavescens-total-alkaloids-10\/","title":{"rendered":"Alcalo\u00efdes totaux de Sophora flavescens 10%"},"content":{"rendered":"<div class=\"inter-jQQQ8P\">\n<div class=\"container-PrUkKo\">\n<div class=\"item-hGGxLi\">\n<div class=\"container-arOxqB chrome70-container\">\n<div class=\"inner-FyM8gE inner-item-swzCut\" data-target-id=\"message-box-target-id\" data-testid=\"union_message\">\n<div class=\"message-block-container-aFugD6\" data-testid=\"message-block-container\">\n<div class=\"flex flex-row w-full w-full max-w-full s-font-base text-s-color-text-secondary p-0 rounded-s-radius-s bg-transparent group data-[attr=select-mode]:-mt-10 data-[attr=select-mode]:py-10 data-[attr=select-mode]:px-16 data-[attr=select-mode]:sm:p-10 data-[attr=select-mode]:hover:bg-s-color-bg-base data-[attr=select-mode]:hover:rounded-s-radius-xs data-[attr=select-mode]:has-[:checked]:bg-s-color-bg-trans data-[attr=select-mode]:has-[:checked]:rounded-s-radius-xs data-[attr=select-mode]:pointer-events-none\" data-testid=\"receive_message\">\n<div class=\"flex flex-col flex-grow max-w-full min-w-0\">\n<div class=\"flex flex-row w-full\" data-testid=\"message_content\" data-message-id=\"17042185659823362\">\n<div class=\"w-full\" data-plugin-identifier=\"Symbol(infra:receive-message-box:text)\">\n<div class=\"container-ZYIsnH flow-markdown-body theme-samantha-Nbr9UN\" dir=\"ltr\" data-testid=\"message_text_content\" data-show-indicator=\"false\">\n<div class=\"auto-hide-last-sibling-br mdbox-table-root table-container-GhL7Lo\" data-scroll-inline-overflow=\"false\" data-scroll-inline-at-start=\"true\" data-scroll-inline-start-overflow=\"false\" data-scroll-inline-at-end=\"true\" data-scroll-inline-end-overflow=\"false\">\n<div class=\"table-scroll-container-hgHkfW mdbox-table-scroll-container\">\n<table>\n<thead>\n<tr>\n<th>Article<\/th>\n<th>D\u00e9tails<\/th>\n<\/tr>\n<\/thead>\n<tbody>\n<tr>\n<td>Nom du produit<\/td>\n<td>Alcalo\u00efdes totaux de Sophora flavescens 10%<\/td>\n<\/tr>\n<tr>\n<td>Nom anglais<\/td>\n<td>Alcalo\u00efdes totaux de Sophorae Flavescentis<\/td>\n<\/tr>\n<tr>\n<td>Source v\u00e9g\u00e9tale<\/td>\n<td>Racines s\u00e9ch\u00e9es de\u00a0<em>Sophora flavescens<\/em>\u00a0Ait. (famille des Fabac\u00e9es)<\/td>\n<\/tr>\n<tr>\n<td>Alias<\/td>\n<td>\u00a0(Ye Huai), (Haohan Zhi), (Ku Gu), (Di Gu), (Di Huai), (Shan Huaizi)<\/td>\n<\/tr>\n<tr>\n<td>Ingr\u00e9dients actifs<\/td>\n<td>Matrine, oxymatrine et divers autres alcalo\u00efdes<\/td>\n<\/tr>\n<tr>\n<td>Contenu du produit<\/td>\n<td>10%<\/td>\n<\/tr>\n<tr>\n<td>Caract\u00e9ristiques du produit<\/td>\n<td>Poudre jaune brun\u00e2tre \u00e0 blanc cass\u00e9 ; l\u00e9g\u00e8re odeur ; go\u00fbt extr\u00eamement amer<\/td>\n<\/tr>\n<tr>\n<td>M\u00e9thode de d\u00e9tection<\/td>\n<td>HPLC (Chromatographie liquide haute performance)<\/td>\n<\/tr>\n<tr>\n<td>M\u00e9thode de stockage<\/td>\n<td>Fermer herm\u00e9tiquement et conserver dans un endroit frais et sec ; prot\u00e9ger de l&#039;humidit\u00e9 et des infestations de mites<\/td>\n<\/tr>\n<tr>\n<td>Emballage du produit<\/td>\n<td>25 kg par f\u00fbt en carton ; 1 kg par sac en aluminium ; ou selon les exigences du client<\/td>\n<\/tr>\n<\/tbody>\n<\/table>\n<\/div>\n<\/div>\n<\/div>\n<\/div>\n<\/div>\n<\/div>\n<\/div>\n<\/div>\n<\/div>\n<\/div>\n<\/div>\n<\/div>\n<\/div>","protected":false},"excerpt":{"rendered":"<p>Alcalo\u00efdes totaux de Sophora flavescens 10%,<strong>Divers alcalo\u00efdes tels que la matrine et l&#039;oxymatrine, poudre jaune brun\u00e2tre \u00e0 blanc cass\u00e9, l\u00e9g\u00e8rement aromatique, go\u00fbt extr\u00eamement amer<\/strong><\/p>","protected":false},"featured_media":9673,"comment_status":"closed","ping_status":"closed","template":"","meta":[],"product_brand":[],"product_cat":[17,23],"product_tag":[33],"class_list":{"0":"post-9672","1":"product","2":"type-product","3":"status-publish","4":"has-post-thumbnail","6":"product_cat-plant-extract","7":"product_cat-standard-extract","8":"product_tag-sophora-flavescens-total-alkaloids-10","10":"first","11":"instock","12":"shipping-taxable","13":"product-type-simple"},"_links":{"self":[{"href":"https:\/\/www.hvbio.com\/fr\/wp-json\/wp\/v2\/product\/9672","targetHints":{"allow":["GET"]}}],"collection":[{"href":"https:\/\/www.hvbio.com\/fr\/wp-json\/wp\/v2\/product"}],"about":[{"href":"https:\/\/www.hvbio.com\/fr\/wp-json\/wp\/v2\/types\/product"}],"replies":[{"embeddable":true,"href":"https:\/\/www.hvbio.com\/fr\/wp-json\/wp\/v2\/comments?post=9672"}],"wp:featuredmedia":[{"embeddable":true,"href":"https:\/\/www.hvbio.com\/fr\/wp-json\/wp\/v2\/media\/9673"}],"wp:attachment":[{"href":"https:\/\/www.hvbio.com\/fr\/wp-json\/wp\/v2\/media?parent=9672"}],"wp:term":[{"taxonomy":"product_brand","embeddable":true,"href":"https:\/\/www.hvbio.com\/fr\/wp-json\/wp\/v2\/product_brand?post=9672"},{"taxonomy":"product_cat","embeddable":true,"href":"https:\/\/www.hvbio.com\/fr\/wp-json\/wp\/v2\/product_cat?post=9672"},{"taxonomy":"product_tag","embeddable":true,"href":"https:\/\/www.hvbio.com\/fr\/wp-json\/wp\/v2\/product_tag?post=9672"}],"curies":[{"name":"wp","href":"https:\/\/api.w.org\/{rel}","templated":true}]}}