{"id":9677,"date":"2025-08-20T12:28:27","date_gmt":"2025-08-20T04:28:27","guid":{"rendered":"https:\/\/www.hvbio.com\/?post_type=product&#038;p=9677"},"modified":"2025-08-20T12:33:49","modified_gmt":"2025-08-20T04:33:49","slug":"seabuckthorn-freeze-dried-powder","status":"publish","type":"product","link":"https:\/\/www.hvbio.com\/fr\/produit\/seabuckthorn-freeze-dried-powder\/","title":{"rendered":"Poudre lyophilis\u00e9e d&#039;argousier"},"content":{"rendered":"<table>\n<thead>\n<tr>\n<th>Article<\/th>\n<th>D\u00e9tails<\/th>\n<\/tr>\n<\/thead>\n<tbody>\n<tr>\n<td>Nom du produit<\/td>\n<td>Poudre lyophilis\u00e9e d&#039;argousier<\/td>\n<\/tr>\n<tr>\n<td>Nom latin<\/td>\n<td><em>Hippophae rhamnoides<\/em>\u00a0Linn.<\/td>\n<\/tr>\n<tr>\n<td>Sp\u00e9cifications du produit<\/td>\n<td>Poudre lyophilis\u00e9e<\/td>\n<\/tr>\n<tr>\n<td>Partie d&#039;extraction<\/td>\n<td>Seabuckthorn fruits<\/td>\n<\/tr>\n<tr>\n<td>Caract\u00e9ristiques<\/td>\n<td>Orange powder, detected by TLC<\/td>\n<\/tr>\n<tr>\n<td>Taille des particules<\/td>\n<td>98% passe \u00e0 travers un tamis de 80 mesh<\/td>\n<\/tr>\n<tr>\n<td>Conditionnement<\/td>\n<td>25 kg par f\u00fbt en carton ou sac en aluminium<\/td>\n<\/tr>\n<tr>\n<td>Conditions de stockage<\/td>\n<td>Doit \u00eatre scell\u00e9 et prot\u00e9g\u00e9 de la lumi\u00e8re, conserv\u00e9 dans un endroit sec, frais et bien ventil\u00e9.<\/td>\n<\/tr>\n<tr>\n<td>Dur\u00e9e de conservation<\/td>\n<td>24 mois<\/td>\n<\/tr>\n<\/tbody>\n<\/table>","protected":false},"excerpt":{"rendered":"<table>\n<thead>\n<tr>\n<th>Article<\/th>\n<th>D\u00e9tails<\/th>\n<\/tr>\n<\/thead>\n<tbody>\n<tr>\n<td>Nom du produit<\/td>\n<td>Poudre lyophilis\u00e9e d&#039;argousier<\/td>\n<\/tr>\n<tr>\n<td>Nom latin<\/td>\n<td><em>Hippophae rhamnoides<\/em>\u00a0Linn.<\/td>\n<\/tr>\n<tr>\n<td>Sp\u00e9cifications du produit<\/td>\n<td>Poudre lyophilis\u00e9e<\/td>\n<\/tr>\n<tr>\n<td>Partie d&#039;extraction<\/td>\n<td>Seabuckthorn fruits<\/td>\n<\/tr>\n<tr>\n<td>Caract\u00e9ristiques<\/td>\n<td>Orange powder, detected by TLC<\/td>\n<\/tr>\n<tr>\n<td>Taille des particules<\/td>\n<td>98% passe \u00e0 travers un tamis de 80 mesh<\/td>\n<\/tr>\n<tr>\n<td>Conditionnement<\/td>\n<td>25 kg par f\u00fbt en carton ou sac en aluminium<\/td>\n<\/tr>\n<tr>\n<td>Conditions de stockage<\/td>\n<td>Doit \u00eatre scell\u00e9 et prot\u00e9g\u00e9 de la lumi\u00e8re, conserv\u00e9 dans un endroit sec, frais et bien ventil\u00e9.<\/td>\n<\/tr>\n<tr>\n<td>Dur\u00e9e de conservation<\/td>\n<td>24 mois<\/td>\n<\/tr>\n<\/tbody>\n<\/table>","protected":false},"featured_media":9678,"comment_status":"closed","ping_status":"closed","template":"","meta":[],"product_brand":[],"product_cat":[18,20,21],"product_tag":[34],"class_list":{"0":"post-9677","1":"product","2":"type-product","3":"status-publish","4":"has-post-thumbnail","6":"product_cat-fruit-and-vegetable-powder","7":"product_cat-fruit-powder","8":"product_cat-lyophilized-powder","9":"product_tag-seabuckthorn-freeze-dried-powder","11":"first","12":"instock","13":"shipping-taxable","14":"product-type-simple"},"_links":{"self":[{"href":"https:\/\/www.hvbio.com\/fr\/wp-json\/wp\/v2\/product\/9677","targetHints":{"allow":["GET"]}}],"collection":[{"href":"https:\/\/www.hvbio.com\/fr\/wp-json\/wp\/v2\/product"}],"about":[{"href":"https:\/\/www.hvbio.com\/fr\/wp-json\/wp\/v2\/types\/product"}],"replies":[{"embeddable":true,"href":"https:\/\/www.hvbio.com\/fr\/wp-json\/wp\/v2\/comments?post=9677"}],"wp:featuredmedia":[{"embeddable":true,"href":"https:\/\/www.hvbio.com\/fr\/wp-json\/wp\/v2\/media\/9678"}],"wp:attachment":[{"href":"https:\/\/www.hvbio.com\/fr\/wp-json\/wp\/v2\/media?parent=9677"}],"wp:term":[{"taxonomy":"product_brand","embeddable":true,"href":"https:\/\/www.hvbio.com\/fr\/wp-json\/wp\/v2\/product_brand?post=9677"},{"taxonomy":"product_cat","embeddable":true,"href":"https:\/\/www.hvbio.com\/fr\/wp-json\/wp\/v2\/product_cat?post=9677"},{"taxonomy":"product_tag","embeddable":true,"href":"https:\/\/www.hvbio.com\/fr\/wp-json\/wp\/v2\/product_tag?post=9677"}],"curies":[{"name":"wp","href":"https:\/\/api.w.org\/{rel}","templated":true}]}}