{"id":9691,"date":"2025-08-21T11:43:24","date_gmt":"2025-08-21T03:43:24","guid":{"rendered":"https:\/\/www.hvbio.com\/?post_type=product&#038;p=9691"},"modified":"2025-08-21T11:55:26","modified_gmt":"2025-08-21T03:55:26","slug":"valeric-acid-0-8","status":"publish","type":"product","link":"https:\/\/www.hvbio.com\/fr\/produit\/valeric-acid-0-8\/","title":{"rendered":"Acide val\u00e9rique 0,8%"},"content":{"rendered":"<div class=\"inter-jQQQ8P\">\n<div class=\"container-PrUkKo\">\n<div class=\"item-hGGxLi\">\n<div class=\"container-arOxqB chrome70-container\">\n<div class=\"inner-FyM8gE inner-item-swzCut\" data-target-id=\"message-box-target-id\" data-testid=\"union_message\">\n<div class=\"message-block-container-aFugD6\" data-testid=\"message-block-container\">\n<div class=\"flex flex-row w-full w-full max-w-full s-font-base text-s-color-text-secondary p-0 rounded-s-radius-s bg-transparent group data-[attr=select-mode]:-mt-10 data-[attr=select-mode]:py-10 data-[attr=select-mode]:px-16 data-[attr=select-mode]:sm:p-10 data-[attr=select-mode]:hover:bg-s-color-bg-base data-[attr=select-mode]:hover:rounded-s-radius-xs data-[attr=select-mode]:has-[:checked]:bg-s-color-bg-trans data-[attr=select-mode]:has-[:checked]:rounded-s-radius-xs data-[attr=select-mode]:pointer-events-none\" data-testid=\"receive_message\">\n<div class=\"flex flex-col flex-grow max-w-full min-w-0\">\n<div class=\"flex flex-row w-full\" data-testid=\"message_content\" data-message-id=\"17188356160536578\">\n<div class=\"w-full\" data-plugin-identifier=\"Symbol(infra:receive-message-box:text)\">\n<div class=\"container-ZYIsnH flow-markdown-body theme-samantha-Nbr9UN\" dir=\"ltr\" data-testid=\"message_text_content\" data-show-indicator=\"false\">\n<div class=\"auto-hide-last-sibling-br mdbox-table-root table-container-GhL7Lo\" data-scroll-inline-overflow=\"false\" data-scroll-inline-at-start=\"true\" data-scroll-inline-start-overflow=\"false\" data-scroll-inline-at-end=\"true\" data-scroll-inline-end-overflow=\"false\">\n<div class=\"table-scroll-container-hgHkfW mdbox-table-scroll-container\">\n<table>\n<thead>\n<tr>\n<th>Article<\/th>\n<th>D\u00e9tails<\/th>\n<\/tr>\n<\/thead>\n<tbody>\n<tr>\n<td>Nom du produit<\/td>\n<td>Acide val\u00e9rique 0,8%<\/td>\n<\/tr>\n<tr>\n<td>Nom anglais<\/td>\n<td>Acide val\u00e9rique 0,8%<\/td>\n<\/tr>\n<tr>\n<td>Alias chinois<\/td>\n<td>(W\u00f9 Su\u0101n), (B\u01d0ngj\u012b Y\u01d0 Su\u0101n)<\/td>\n<\/tr>\n<tr>\n<td>Num\u00e9ro CAS<\/td>\n<td>109-52-4<\/td>\n<\/tr>\n<tr>\n<td>Formule mol\u00e9culaire<\/td>\n<td>C\u2085H\u2081\u2080O\u2082<\/td>\n<\/tr>\n<tr>\n<td>Source de mati\u00e8re premi\u00e8re<\/td>\n<td>Racines et rhizomes s\u00e9ch\u00e9s de Valeriana officinalis L. (Val\u00e9riane, une plante de la famille des Caprifoliac\u00e9es)<\/td>\n<\/tr>\n<tr>\n<td>Partie d&#039;extraction<\/td>\n<td>Racines<\/td>\n<\/tr>\n<tr>\n<td>Sp\u00e9cifications du produit<\/td>\n<td>Le prix indiqu\u00e9 est pour l&#039;acide val\u00e9rique avec une teneur de 0,8% ; pour d&#039;autres sp\u00e9cifications, veuillez contacter le service client.<\/td>\n<\/tr>\n<tr>\n<td>M\u00e9thode de d\u00e9tection<\/td>\n<td>GC (Chromatographie en phase gazeuse)<\/td>\n<\/tr>\n<tr>\n<td>Caract\u00e8re du produit<\/td>\n<td>Poudre brun\u00e2tre<\/td>\n<\/tr>\n<tr>\n<td>Sp\u00e9cifications d&#039;emballage<\/td>\n<td>25 kg par carton (int\u00e9rieur : sac en plastique ; ext\u00e9rieur : f\u00fbt en carton)<\/td>\n<\/tr>\n<tr>\n<td>Conditions de stockage<\/td>\n<td>Conserver dans un endroit frais et sec, \u00e0 l&#039;abri de la lumi\u00e8re et des temp\u00e9ratures \u00e9lev\u00e9es.<\/td>\n<\/tr>\n<\/tbody>\n<\/table>\n<\/div>\n<\/div>\n<\/div>\n<\/div>\n<\/div>\n<div class=\"answer-action-bar-pgm2JD answer-action-bar flex flex-col justify-end\" data-testid=\"message_action_bar\">\n<div class=\"container-rxM4SW flex flex-row items-start w-full self-center\" data-message-action-bar=\"1\">\n<div class=\"left-Y7jNAM\">\n<div class=\"bp5-overflow-list container-i9_9R9 align-start-BRJcKo inner-K6EVuU\"><\/div>\n<\/div>\n<\/div>\n<\/div>\n<\/div>\n<\/div>\n<\/div>\n<\/div>\n<\/div>\n<\/div>\n<\/div>\n<\/div>","protected":false},"excerpt":{"rendered":"<div>Acide val\u00e9rique 0,8%<\/div>\n<div class=\"auto-hide-last-sibling-br paragraph-JOTKXA paragraph-element br-paragraph-space\">Ce produit dispose d&#039;un\u00a0<strong>0,8% concentration d&#039;acide val\u00e9rique<\/strong>, un acide gras d&#039;origine naturelle reconnu pour ses propri\u00e9t\u00e9s apaisantes et calmantes. Formul\u00e9 pour une utilisation cibl\u00e9e, il est con\u00e7u pour d\u00e9livrer l&#039;ingr\u00e9dient actif en douceur, ce qui le rend id\u00e9al pour les applications o\u00f9 des effets l\u00e9gers et b\u00e9n\u00e9fiques sont recherch\u00e9s (par exemple, dans certaines formulations topiques ou ax\u00e9es sur le bien-\u00eatre). Sa concentration \u00e9quilibr\u00e9e garantit l&#039;efficacit\u00e9 tout en privil\u00e9giant la compatibilit\u00e9 avec les applications pr\u00e9vues.<\/div>","protected":false},"featured_media":9692,"comment_status":"closed","ping_status":"closed","template":"","meta":[],"product_brand":[],"product_cat":[17,23],"product_tag":[35],"class_list":{"0":"post-9691","1":"product","2":"type-product","3":"status-publish","4":"has-post-thumbnail","6":"product_cat-plant-extract","7":"product_cat-standard-extract","8":"product_tag-valeric-acid-0-8","10":"first","11":"instock","12":"shipping-taxable","13":"product-type-simple"},"_links":{"self":[{"href":"https:\/\/www.hvbio.com\/fr\/wp-json\/wp\/v2\/product\/9691","targetHints":{"allow":["GET"]}}],"collection":[{"href":"https:\/\/www.hvbio.com\/fr\/wp-json\/wp\/v2\/product"}],"about":[{"href":"https:\/\/www.hvbio.com\/fr\/wp-json\/wp\/v2\/types\/product"}],"replies":[{"embeddable":true,"href":"https:\/\/www.hvbio.com\/fr\/wp-json\/wp\/v2\/comments?post=9691"}],"wp:featuredmedia":[{"embeddable":true,"href":"https:\/\/www.hvbio.com\/fr\/wp-json\/wp\/v2\/media\/9692"}],"wp:attachment":[{"href":"https:\/\/www.hvbio.com\/fr\/wp-json\/wp\/v2\/media?parent=9691"}],"wp:term":[{"taxonomy":"product_brand","embeddable":true,"href":"https:\/\/www.hvbio.com\/fr\/wp-json\/wp\/v2\/product_brand?post=9691"},{"taxonomy":"product_cat","embeddable":true,"href":"https:\/\/www.hvbio.com\/fr\/wp-json\/wp\/v2\/product_cat?post=9691"},{"taxonomy":"product_tag","embeddable":true,"href":"https:\/\/www.hvbio.com\/fr\/wp-json\/wp\/v2\/product_tag?post=9691"}],"curies":[{"name":"wp","href":"https:\/\/api.w.org\/{rel}","templated":true}]}}