{"id":9696,"date":"2025-08-21T11:51:57","date_gmt":"2025-08-21T03:51:57","guid":{"rendered":"https:\/\/www.hvbio.com\/?post_type=product&#038;p=9696"},"modified":"2025-08-21T11:51:58","modified_gmt":"2025-08-21T03:51:58","slug":"parthenolide-0-8","status":"publish","type":"product","link":"https:\/\/www.hvbio.com\/fr\/produit\/parthenolide-0-8\/","title":{"rendered":"Parth\u00e9nolide 0,8%"},"content":{"rendered":"<table>\n<tbody>\n<tr>\n<td><strong>Nom du produit<\/strong><\/td>\n<td>Parth\u00e9nolide 0,8%<\/td>\n<\/tr>\n<tr>\n<td><strong>Nom latin<\/strong><\/td>\n<td>Chrysanth\u00e8me parth\u00e9nium<\/td>\n<\/tr>\n<tr>\n<td><strong>M\u00e9thode d&#039;essai<\/strong><\/td>\n<td>HPLC<\/td>\n<\/tr>\n<tr>\n<td><strong>Propri\u00e9t\u00e9 du produit<\/strong><\/td>\n<td>Poudre brune<\/td>\n<\/tr>\n<tr>\n<td><strong>M\u00e9thode d&#039;emballage<\/strong><\/td>\n<td>25 kg\/f\u00fbt en carton ou sac en aluminium ; l&#039;emballage peut \u00eatre ajust\u00e9 selon les besoins<\/td>\n<\/tr>\n<tr>\n<td><strong>Conditions de stockage<\/strong><\/td>\n<td>Doit \u00eatre scell\u00e9 et prot\u00e9g\u00e9 de la lumi\u00e8re, conserv\u00e9 dans un endroit sec, frais et bien ventil\u00e9.<\/td>\n<\/tr>\n<tr>\n<td><strong>P\u00e9riode de validit\u00e9<\/strong><\/td>\n<td>2 ans (24 mois)<\/td>\n<\/tr>\n<tr>\n<td><strong>Express\/Logistique<\/strong><\/td>\n<td>Express ou logistique. Le d\u00e9lai de livraison est g\u00e9n\u00e9ralement de 3 jours pour les envois express nationaux\u00a0; le d\u00e9lai de livraison logistique est g\u00e9n\u00e9ralement de 5 jours pour les envois internationaux. Les devis incluent g\u00e9n\u00e9ralement les frais de transport nationaux.<\/td>\n<\/tr>\n<tr>\n<td><strong>Exemple de disposition<\/strong><\/td>\n<td>En g\u00e9n\u00e9ral, des \u00e9chantillons de 5 \u00e0 20 g sont fournis pour la plupart des produits\u00a0; des frais d&#039;\u00e9chantillons sont factur\u00e9s pour certains produits.<\/td>\n<\/tr>\n<tr>\n<td><strong>D\u00e9lai de livraison<\/strong><\/td>\n<td>Les produits non personnalis\u00e9s sont exp\u00e9di\u00e9s dans les 48 heures ; le d\u00e9lai de livraison des produits personnalis\u00e9s est ajust\u00e9 en fonction des besoins r\u00e9els.<\/td>\n<\/tr>\n<\/tbody>\n<\/table>","protected":false},"excerpt":{"rendered":"<div class=\"auto-hide-last-sibling-br paragraph-JOTKXA paragraph-element br-paragraph-space\"><strong>Parth\u00e9nolide 0,8% \u2013 Br\u00e8ve description<\/strong><\/div>\n<div class=\"auto-hide-last-sibling-br paragraph-JOTKXA paragraph-element br-paragraph-space\">Parth\u00e9nolide 0,8% fait r\u00e9f\u00e9rence \u00e0 une formulation (par exemple, un extrait, une solution ou un ingr\u00e9dient cosm\u00e9tique) contenant 0,8% en poids\/volume de parth\u00e9nolide, une lactone sesquiterp\u00e9nique naturelle principalement d\u00e9riv\u00e9e de\u00a0<em>Tanacetum parthenium<\/em>\u00a0(grande camomille).<\/div>\n<div class=\"auto-hide-last-sibling-br paragraph-JOTKXA paragraph-element br-paragraph-space\">Cette concentration est couramment utilis\u00e9e dans la recherche ou dans des applications sp\u00e9cialis\u00e9es (par exemple, soins de la peau, compl\u00e9ments \u00e0 base de plantes) pour exploiter les propri\u00e9t\u00e9s biologiques du parth\u00e9nolide, tout en garantissant le contr\u00f4le du dosage et en minimisant l&#039;irritation potentielle associ\u00e9e \u00e0 des concentrations plus \u00e9lev\u00e9es.<\/div>","protected":false},"featured_media":9700,"comment_status":"closed","ping_status":"closed","template":"","meta":[],"product_brand":[],"product_cat":[23,17],"product_tag":[],"class_list":{"0":"post-9696","1":"product","2":"type-product","3":"status-publish","4":"has-post-thumbnail","6":"product_cat-standard-extract","7":"product_cat-plant-extract","9":"first","10":"instock","11":"shipping-taxable","12":"product-type-simple"},"_links":{"self":[{"href":"https:\/\/www.hvbio.com\/fr\/wp-json\/wp\/v2\/product\/9696","targetHints":{"allow":["GET"]}}],"collection":[{"href":"https:\/\/www.hvbio.com\/fr\/wp-json\/wp\/v2\/product"}],"about":[{"href":"https:\/\/www.hvbio.com\/fr\/wp-json\/wp\/v2\/types\/product"}],"replies":[{"embeddable":true,"href":"https:\/\/www.hvbio.com\/fr\/wp-json\/wp\/v2\/comments?post=9696"}],"wp:featuredmedia":[{"embeddable":true,"href":"https:\/\/www.hvbio.com\/fr\/wp-json\/wp\/v2\/media\/9700"}],"wp:attachment":[{"href":"https:\/\/www.hvbio.com\/fr\/wp-json\/wp\/v2\/media?parent=9696"}],"wp:term":[{"taxonomy":"product_brand","embeddable":true,"href":"https:\/\/www.hvbio.com\/fr\/wp-json\/wp\/v2\/product_brand?post=9696"},{"taxonomy":"product_cat","embeddable":true,"href":"https:\/\/www.hvbio.com\/fr\/wp-json\/wp\/v2\/product_cat?post=9696"},{"taxonomy":"product_tag","embeddable":true,"href":"https:\/\/www.hvbio.com\/fr\/wp-json\/wp\/v2\/product_tag?post=9696"}],"curies":[{"name":"wp","href":"https:\/\/api.w.org\/{rel}","templated":true}]}}