{"id":9701,"date":"2025-08-21T11:50:47","date_gmt":"2025-08-21T03:50:47","guid":{"rendered":"https:\/\/www.hvbio.com\/?post_type=product&#038;p=9701"},"modified":"2025-08-21T11:50:47","modified_gmt":"2025-08-21T03:50:47","slug":"astragaloside-iv-1","status":"publish","type":"product","link":"https:\/\/www.hvbio.com\/fr\/produit\/astragaloside-iv-1\/","title":{"rendered":"Astragaloside IV 1%"},"content":{"rendered":"<table style=\"height: 320px;\" width=\"1569\">\n<thead>\n<tr>\n<th>Article<\/th>\n<th>D\u00e9tails<\/th>\n<\/tr>\n<\/thead>\n<tbody>\n<tr>\n<td>Nom du produit<\/td>\n<td>Astragaloside IV 1%<\/td>\n<\/tr>\n<tr>\n<td>Autres noms<\/td>\n<td>Astragaloside IV; Astragaloside IV; Astragaloside IV; Astragaloside IV<\/td>\n<\/tr>\n<tr>\n<td>Solvant d&#039;extraction et partie de la plante utilis\u00e9e<\/td>\n<td>Solvants d&#039;extraction\u00a0: solvant d&#039;extraction aqueux, solvant mixte eau-alcool. La source est la racine s\u00e9ch\u00e9e de\u00a0<em>Astragale membranaire<\/em>\u00a0(Poisson) Bge. ou\u00a0<em>Astragale membranaire<\/em>\u00a0(Poisson) Bge. var.\u00a0<em>mongholicus<\/em>\u00a0(Bge.) Hsiao (famille des Fabac\u00e9es)<\/td>\n<\/tr>\n<tr>\n<td>Apparence<\/td>\n<td>Poudre brun fonc\u00e9<\/td>\n<\/tr>\n<tr>\n<td>M\u00e9thode d&#039;essai<\/td>\n<td>HPLC (Chromatographie liquide haute performance)<\/td>\n<\/tr>\n<tr>\n<td>Stockage<\/td>\n<td>Conserver dans un r\u00e9cipient herm\u00e9tique dans un endroit frais, sec et sombre, \u00e0 l&#039;abri de la chaleur et de l&#039;humidit\u00e9.<\/td>\n<\/tr>\n<tr>\n<td>Dur\u00e9e de conservation<\/td>\n<td>Deux ans<\/td>\n<\/tr>\n<\/tbody>\n<\/table>","protected":false},"excerpt":{"rendered":"<h4 class=\"header-vfC6AV auto-hide-last-sibling-br\">Nom du produit : Astragaloside IV 1%<\/h4>\n<h4 class=\"auto-hide-last-sibling-br paragraph-JOTKXA paragraph-element br-paragraph-space\">Autres noms : Astragaloside IV<\/h4>\n<h4 class=\"header-vfC6AV auto-hide-last-sibling-br\">Solvant d&#039;extraction et pi\u00e8ce usag\u00e9e :<\/h4>\n<ul class=\"auto-hide-last-sibling-br\">\n<li>\n<h4>Source principale : Racines s\u00e9ch\u00e9es de\u00a0<em>Astragale membranaire<\/em>\u00a0(une plante l\u00e9gumineuse).<\/h4>\n<\/li>\n<li>\n<h4>Solvants d&#039;extraction : Solvant d&#039;extraction aqueux, solvant mixte eau-\u00e9thanol.<\/h4>\n<\/li>\n<\/ul>\n<h4 class=\"header-vfC6AV auto-hide-last-sibling-br\">Apparence:<\/h4>\n<h4 class=\"auto-hide-last-sibling-br paragraph-JOTKXA paragraph-element br-paragraph-space\">Poudre brun fonc\u00e9<\/h4>\n<h4 class=\"header-vfC6AV auto-hide-last-sibling-br\">M\u00e9thode de d\u00e9tection :<\/h4>\n<h4 class=\"auto-hide-last-sibling-br paragraph-JOTKXA paragraph-element br-paragraph-space\">HPLC (Chromatographie liquide haute performance)<\/h4>\n<h4 class=\"header-vfC6AV auto-hide-last-sibling-br\">Conditions d&#039;achat<\/h4>\n<ul class=\"auto-hide-last-sibling-br\">\n<li>\n<h4><strong>M\u00e9thode d&#039;emballage<\/strong>: 25 kg\/f\u00fbt en carton ou sac en aluminium.<\/h4>\n<\/li>\n<li>\n<h4><strong>Conditions de stockage<\/strong>:Doit \u00eatre scell\u00e9 et prot\u00e9g\u00e9 de la lumi\u00e8re ; conserv\u00e9 dans un endroit sec, frais et bien ventil\u00e9.<\/h4>\n<\/li>\n<li>\n<h4><strong>Dur\u00e9e de conservation<\/strong>: 2 ans.<\/h4>\n<\/li>\n<li>\n<h4><strong>Exemple de disposition<\/strong>:En g\u00e9n\u00e9ral, des \u00e9chantillons de 5 \u00e0 20 g sont fournis pour la plupart des produits\u00a0; des frais d&#039;\u00e9chantillons peuvent s&#039;appliquer \u00e0 certains produits.<\/h4>\n<\/li>\n<li>\n<h4><strong>Emballage du produit<\/strong>:F\u00fbt en carton ou sac en aluminium (personnalisable selon les exigences du client).<\/h4>\n<\/li>\n<li>\n<h4><strong>D\u00e9lai de livraison<\/strong>: Les produits non personnalis\u00e9s sont exp\u00e9di\u00e9s dans les 48 heures ; le d\u00e9lai de livraison des produits personnalis\u00e9s est ajust\u00e9 en fonction des besoins r\u00e9els.<\/h4>\n<\/li>\n<li>\n<h4><strong>Mode de transport<\/strong>:Logistique express nationale ; le prix indiqu\u00e9 comprend les frais de transport.<\/h4>\n<\/li>\n<\/ul>","protected":false},"featured_media":9702,"comment_status":"closed","ping_status":"closed","template":"","meta":[],"product_brand":[],"product_cat":[17,23],"product_tag":[],"class_list":{"0":"post-9701","1":"product","2":"type-product","3":"status-publish","4":"has-post-thumbnail","6":"product_cat-plant-extract","7":"product_cat-standard-extract","9":"first","10":"instock","11":"shipping-taxable","12":"product-type-simple"},"_links":{"self":[{"href":"https:\/\/www.hvbio.com\/fr\/wp-json\/wp\/v2\/product\/9701","targetHints":{"allow":["GET"]}}],"collection":[{"href":"https:\/\/www.hvbio.com\/fr\/wp-json\/wp\/v2\/product"}],"about":[{"href":"https:\/\/www.hvbio.com\/fr\/wp-json\/wp\/v2\/types\/product"}],"replies":[{"embeddable":true,"href":"https:\/\/www.hvbio.com\/fr\/wp-json\/wp\/v2\/comments?post=9701"}],"wp:featuredmedia":[{"embeddable":true,"href":"https:\/\/www.hvbio.com\/fr\/wp-json\/wp\/v2\/media\/9702"}],"wp:attachment":[{"href":"https:\/\/www.hvbio.com\/fr\/wp-json\/wp\/v2\/media?parent=9701"}],"wp:term":[{"taxonomy":"product_brand","embeddable":true,"href":"https:\/\/www.hvbio.com\/fr\/wp-json\/wp\/v2\/product_brand?post=9701"},{"taxonomy":"product_cat","embeddable":true,"href":"https:\/\/www.hvbio.com\/fr\/wp-json\/wp\/v2\/product_cat?post=9701"},{"taxonomy":"product_tag","embeddable":true,"href":"https:\/\/www.hvbio.com\/fr\/wp-json\/wp\/v2\/product_tag?post=9701"}],"curies":[{"name":"wp","href":"https:\/\/api.w.org\/{rel}","templated":true}]}}