{"id":9706,"date":"2025-08-21T12:01:32","date_gmt":"2025-08-21T04:01:32","guid":{"rendered":"https:\/\/www.hvbio.com\/?post_type=product&#038;p=9706"},"modified":"2025-08-21T14:26:03","modified_gmt":"2025-08-21T06:26:03","slug":"tongkat-ali-extract-1","status":"publish","type":"product","link":"https:\/\/www.hvbio.com\/fr\/produit\/tongkat-ali-extract-1\/","title":{"rendered":"Extrait de Tongkat Ali 1%"},"content":{"rendered":"<div class=\"inter-jQQQ8P\">\n<div class=\"container-PrUkKo\">\n<div class=\"item-hGGxLi\">\n<div class=\"container-arOxqB chrome70-container\">\n<div class=\"inner-FyM8gE inner-item-swzCut\" data-target-id=\"message-box-target-id\" data-testid=\"union_message\">\n<div class=\"message-block-container-aFugD6\" data-testid=\"message-block-container\">\n<div class=\"flex flex-row w-full w-full max-w-full s-font-base text-s-color-text-secondary p-0 rounded-s-radius-s bg-transparent group data-[attr=select-mode]:-mt-10 data-[attr=select-mode]:py-10 data-[attr=select-mode]:px-16 data-[attr=select-mode]:sm:p-10 data-[attr=select-mode]:hover:bg-s-color-bg-base data-[attr=select-mode]:hover:rounded-s-radius-xs data-[attr=select-mode]:has-[:checked]:bg-s-color-bg-trans data-[attr=select-mode]:has-[:checked]:rounded-s-radius-xs data-[attr=select-mode]:pointer-events-none\" data-testid=\"receive_message\">\n<div class=\"flex flex-col flex-grow max-w-full min-w-0\">\n<div class=\"flex flex-row w-full\" data-testid=\"message_content\" data-message-id=\"17192137117883394\">\n<div class=\"w-full\" data-plugin-identifier=\"Symbol(infra:receive-message-box:text)\">\n<div class=\"container-ZYIsnH flow-markdown-body theme-samantha-Nbr9UN\" dir=\"ltr\" data-testid=\"message_text_content\" data-show-indicator=\"false\">\n<div class=\"auto-hide-last-sibling-br mdbox-table-root table-container-GhL7Lo\" data-scroll-inline-overflow=\"false\" data-scroll-inline-at-start=\"true\" data-scroll-inline-start-overflow=\"false\" data-scroll-inline-at-end=\"true\" data-scroll-inline-end-overflow=\"false\">\n<div class=\"table-scroll-container-hgHkfW mdbox-table-scroll-container\">\n<table>\n<thead>\n<tr>\n<th>Article<\/th>\n<th>D\u00e9tails<\/th>\n<\/tr>\n<\/thead>\n<tbody>\n<tr>\n<td>Nom du produit<\/td>\n<td>Extrait de Tongkat Ali 1%<\/td>\n<\/tr>\n<tr>\n<td>Nom anglais<\/td>\n<td>Extrait d&#039;Eurycoma Longifolia<\/td>\n<\/tr>\n<tr>\n<td>Source v\u00e9g\u00e9tale<\/td>\n<td>Racines d&#039;Eurycoma longifolia Jack (une plante de la famille des Simaroubaceae)<\/td>\n<\/tr>\n<tr>\n<td>Alias<\/td>\n<td>\u00a0(N\u00e1ny\u00e1ng R\u00e9nsh\u0113n), (D\u014dngg\u00e9 Y\u00e0l\u01d0)<\/td>\n<\/tr>\n<tr>\n<td>Ingr\u00e9dients actifs<\/td>\n<td>Eurycomanone et autres compos\u00e9s apparent\u00e9s<\/td>\n<\/tr>\n<tr>\n<td>Contenu du produit<\/td>\n<td>1% Eurycomanone<\/td>\n<\/tr>\n<tr>\n<td>Caract\u00e8re du produit<\/td>\n<td>Poudre fine jaune brun\u00e2tre<\/td>\n<\/tr>\n<tr>\n<td>M\u00e9thode de d\u00e9tection<\/td>\n<td>HPLC (Chromatographie liquide haute performance)<\/td>\n<\/tr>\n<tr>\n<td>M\u00e9thode de stockage<\/td>\n<td>Fermer herm\u00e9tiquement et conserver dans un endroit frais et sec ; prot\u00e9ger de l&#039;humidit\u00e9 et des mites<\/td>\n<\/tr>\n<tr>\n<td>Emballage du produit<\/td>\n<td>25 kg\/f\u00fbt en carton ; 1 kg\/sac en aluminium ; ou selon les exigences du client<\/td>\n<\/tr>\n<\/tbody>\n<\/table>\n<\/div>\n<\/div>\n<\/div>\n<\/div>\n<\/div>\n<div class=\"answer-action-bar-pgm2JD answer-action-bar flex flex-col justify-end\" data-testid=\"message_action_bar\">\n<div class=\"container-rxM4SW flex flex-row items-start w-full self-center\" data-message-action-bar=\"1\">\n<div class=\"left-Y7jNAM\"><\/div>\n<\/div>\n<\/div>\n<div class=\"suggest-message-list-wrapper-Hn7Sfr\" data-testid=\"suggest_message_list\">\n<div class=\"suggest-list-item suggest-message-LJeEWd\" data-testid=\"suggest_message_item\"><\/div>\n<\/div>\n<\/div>\n<\/div>\n<\/div>\n<\/div>\n<\/div>\n<\/div>\n<\/div>\n<\/div>\n<div class=\"top-lAPxtl\">\n<div class=\"container-arOxqB chrome70-container\"><\/div>\n<\/div>","protected":false},"excerpt":{"rendered":"<div class=\"ace-line\" dir=\"auto\" data-node=\"true\"><span data-leaf=\"true\"><span class=\"lb\">Extrait de Tongkat Ali 1%<\/span><\/span><span data-string=\"true\" data-enter=\"true\" data-leaf=\"true\">\u200b \uff0c<\/span><span data-leaf=\"true\"><span class=\"lb\">Poudre brun-jaune<\/span><\/span><span data-string=\"true\" data-enter=\"true\" data-leaf=\"true\">\u200b<\/span><\/div>\n<div class=\"ace-line\" dir=\"auto\" data-node=\"true\"><span data-leaf=\"true\"><span class=\"lb\">Le rhizome s\u00e9ch\u00e9 d&#039;Eurycoma Longifolia Jack (une plante de la famille des Simaroubaceae) de Malaisie<\/span><\/span><span data-string=\"true\" data-enter=\"true\" data-leaf=\"true\">\u200b<\/span><\/div>\n<div class=\"ace-line\" dir=\"auto\" data-node=\"true\"><span data-leaf=\"true\"><span class=\"lb\">Norme de test : HPLC (chromatographie liquide haute performance)<\/span><\/span><span data-string=\"true\" data-enter=\"true\" data-leaf=\"true\">\u200b<\/span><span data-string=\"true\" data-enter=\"true\" data-leaf=\"true\">\u200b<\/span><\/div>\n<div class=\"ace-line\" dir=\"auto\" data-node=\"true\"><span data-leaf=\"true\"><span class=\"lb\">Ce produit est extrait de racines de Tongkat Ali de haute qualit\u00e9 et utilise une technologie avanc\u00e9e pour garantir la stabilit\u00e9 des ingr\u00e9dients actifs. Il est rigoureusement test\u00e9 par HPLC, garantissant une qualit\u00e9 fiable. Il peut \u00eatre utilis\u00e9 dans divers produits de sant\u00e9, vous apportant un soutien naturel pour votre sant\u00e9.<\/span><\/span><\/div>","protected":false},"featured_media":9707,"comment_status":"closed","ping_status":"closed","template":"","meta":[],"product_brand":[],"product_cat":[17,23],"product_tag":[36],"class_list":{"0":"post-9706","1":"product","2":"type-product","3":"status-publish","4":"has-post-thumbnail","6":"product_cat-plant-extract","7":"product_cat-standard-extract","8":"product_tag-tongkat-ali-extract-1","10":"first","11":"instock","12":"shipping-taxable","13":"product-type-simple"},"_links":{"self":[{"href":"https:\/\/www.hvbio.com\/fr\/wp-json\/wp\/v2\/product\/9706","targetHints":{"allow":["GET"]}}],"collection":[{"href":"https:\/\/www.hvbio.com\/fr\/wp-json\/wp\/v2\/product"}],"about":[{"href":"https:\/\/www.hvbio.com\/fr\/wp-json\/wp\/v2\/types\/product"}],"replies":[{"embeddable":true,"href":"https:\/\/www.hvbio.com\/fr\/wp-json\/wp\/v2\/comments?post=9706"}],"wp:featuredmedia":[{"embeddable":true,"href":"https:\/\/www.hvbio.com\/fr\/wp-json\/wp\/v2\/media\/9707"}],"wp:attachment":[{"href":"https:\/\/www.hvbio.com\/fr\/wp-json\/wp\/v2\/media?parent=9706"}],"wp:term":[{"taxonomy":"product_brand","embeddable":true,"href":"https:\/\/www.hvbio.com\/fr\/wp-json\/wp\/v2\/product_brand?post=9706"},{"taxonomy":"product_cat","embeddable":true,"href":"https:\/\/www.hvbio.com\/fr\/wp-json\/wp\/v2\/product_cat?post=9706"},{"taxonomy":"product_tag","embeddable":true,"href":"https:\/\/www.hvbio.com\/fr\/wp-json\/wp\/v2\/product_tag?post=9706"}],"curies":[{"name":"wp","href":"https:\/\/api.w.org\/{rel}","templated":true}]}}