{"id":9715,"date":"2025-08-21T14:10:31","date_gmt":"2025-08-21T06:10:31","guid":{"rendered":"https:\/\/www.hvbio.com\/?post_type=product&#038;p=9715"},"modified":"2025-08-21T14:10:31","modified_gmt":"2025-08-21T06:10:31","slug":"polygonum-cuspidatum-emodin-95","status":"publish","type":"product","link":"https:\/\/www.hvbio.com\/fr\/produit\/polygonum-cuspidatum-emodin-95\/","title":{"rendered":"Polygonum Cuspidatum \u00c9modine 95%"},"content":{"rendered":"<table>\n<tbody>\n<tr>\n<td><strong>Nom du produit<\/strong><\/td>\n<td>Polygonum Cuspidatum \u00c9modine 95%<\/td>\n<\/tr>\n<tr>\n<td><strong>Alias de produit<\/strong><\/td>\n<td>Extrait de\u00a0<em>Polygonum cuspidatum<\/em>\u00a0(Alias courants : extrait de Dayeshezongguan, extrait de Shandahuang, extrait de Banzhang, extrait de Suantanggan)<\/td>\n<\/tr>\n<tr>\n<td><strong>Nom anglais<\/strong><\/td>\n<td>Rhizome de renou\u00e9e g\u00e9ante<\/td>\n<\/tr>\n<tr>\n<td><strong>Source de mati\u00e8re premi\u00e8re<\/strong><\/td>\n<td>Rhizomes et racines de\u00a0<em>Polygonum cuspidatum<\/em>\u00a0Sieb. et Zucc., une plante de la famille des Polygonac\u00e9es<\/td>\n<\/tr>\n<tr>\n<td><strong>Ingr\u00e9dients actifs<\/strong><\/td>\n<td>Resv\u00e9ratrol, \u00e9modine<\/td>\n<\/tr>\n<tr>\n<td><strong>Sp\u00e9cification<\/strong><\/td>\n<td>Sp\u00e9cification standard : Extrait de rhizome de renou\u00e9e g\u00e9ante avec \u00e9modine 95%<br class=\"container-utlnW2 wrapper-d0Cc1k undefined\" \/>Autres sp\u00e9cifications (50%, 98% Emodin ; ratio 10:1) disponibles, veuillez contacter le service client<\/td>\n<\/tr>\n<tr>\n<td><strong>M\u00e9thode d&#039;essai<\/strong><\/td>\n<td>HPLC<\/td>\n<\/tr>\n<tr>\n<td><strong>Couleur<\/strong><\/td>\n<td>Poudre brun-jaune<\/td>\n<\/tr>\n<tr>\n<td><strong>Taille des mailles<\/strong><\/td>\n<td>80-100 mesh<\/td>\n<\/tr>\n<tr>\n<td><strong>M\u00e9thode d&#039;emballage<\/strong><\/td>\n<td>Pour les commandes \u2264 5KG : Emballage plastique double couche avec emballage ext\u00e9rieur en feuille d&#039;aluminium<br class=\"container-utlnW2 wrapper-d0Cc1k undefined\" \/>Pour les commandes \u2265 25KG : Emballage en f\u00fbt de papier<br class=\"container-utlnW2 wrapper-d0Cc1k undefined\" \/>Emballage standard : 25 kg\/f\u00fbt<\/td>\n<\/tr>\n<tr>\n<td><strong>Conditions de stockage<\/strong><\/td>\n<td>Fermer herm\u00e9tiquement et prot\u00e9ger de la lumi\u00e8re<br class=\"container-utlnW2 wrapper-d0Cc1k undefined\" \/>Conserver dans un endroit sec, frais et bien ventil\u00e9<br class=\"container-utlnW2 wrapper-d0Cc1k undefined\" \/>Dur\u00e9e de conservation : 2 ans<\/td>\n<\/tr>\n<\/tbody>\n<\/table>","protected":false},"excerpt":{"rendered":"<p>Polygonum Cuspidatum \u00c9modine 95%<\/p>\n<p><span data-leaf=\"true\"><span class=\"lb\">Extrait de Polygonum Cuspidatum avec <\/span><\/span><span data-leaf=\"true\"><span class=\"lb\">95% \u00c9modine<\/span><\/span><span data-leaf=\"true\"><span class=\"lb\"> (composant actif), test\u00e9 et v\u00e9rifi\u00e9 par <\/span><\/span><span data-leaf=\"true\"><span class=\"lb\">HPLC (Chromatographie liquide haute performance)<\/span><\/span><span data-leaf=\"true\"><span class=\"lb\"> pour une puret\u00e9 et une qualit\u00e9 garanties. Stock\u00e9 dans un endroit ferm\u00e9 et \u00e0 l&#039;abri de la lumi\u00e8re, il pr\u00e9sente une <\/span><\/span><span data-leaf=\"true\"><span class=\"lb\">Dur\u00e9e de conservation de 24 mois<\/span><\/span><span data-leaf=\"true\"><span class=\"lb\">Id\u00e9al pour les industries pharmaceutiques et des compl\u00e9ments alimentaires, fournissant une mati\u00e8re premi\u00e8re hautement puissante pour le d\u00e9veloppement de formules.<\/span><\/span><\/p>","protected":false},"featured_media":9716,"comment_status":"closed","ping_status":"closed","template":"","meta":[],"product_brand":[],"product_cat":[23,17],"product_tag":[],"class_list":{"0":"post-9715","1":"product","2":"type-product","3":"status-publish","4":"has-post-thumbnail","6":"product_cat-standard-extract","7":"product_cat-plant-extract","9":"first","10":"instock","11":"shipping-taxable","12":"product-type-simple"},"_links":{"self":[{"href":"https:\/\/www.hvbio.com\/fr\/wp-json\/wp\/v2\/product\/9715","targetHints":{"allow":["GET"]}}],"collection":[{"href":"https:\/\/www.hvbio.com\/fr\/wp-json\/wp\/v2\/product"}],"about":[{"href":"https:\/\/www.hvbio.com\/fr\/wp-json\/wp\/v2\/types\/product"}],"replies":[{"embeddable":true,"href":"https:\/\/www.hvbio.com\/fr\/wp-json\/wp\/v2\/comments?post=9715"}],"wp:featuredmedia":[{"embeddable":true,"href":"https:\/\/www.hvbio.com\/fr\/wp-json\/wp\/v2\/media\/9716"}],"wp:attachment":[{"href":"https:\/\/www.hvbio.com\/fr\/wp-json\/wp\/v2\/media?parent=9715"}],"wp:term":[{"taxonomy":"product_brand","embeddable":true,"href":"https:\/\/www.hvbio.com\/fr\/wp-json\/wp\/v2\/product_brand?post=9715"},{"taxonomy":"product_cat","embeddable":true,"href":"https:\/\/www.hvbio.com\/fr\/wp-json\/wp\/v2\/product_cat?post=9715"},{"taxonomy":"product_tag","embeddable":true,"href":"https:\/\/www.hvbio.com\/fr\/wp-json\/wp\/v2\/product_tag?post=9715"}],"curies":[{"name":"wp","href":"https:\/\/api.w.org\/{rel}","templated":true}]}}