{"id":9731,"date":"2025-08-21T14:19:46","date_gmt":"2025-08-21T06:19:46","guid":{"rendered":"https:\/\/www.hvbio.com\/?post_type=product&#038;p=9731"},"modified":"2025-08-21T14:19:47","modified_gmt":"2025-08-21T06:19:47","slug":"rutin-95","status":"publish","type":"product","link":"https:\/\/www.hvbio.com\/fr\/produit\/rutin-95\/","title":{"rendered":"Rutine 95%"},"content":{"rendered":"<table>\n<tbody>\n<tr>\n<td><strong>Nom du produit<\/strong><\/td>\n<td>Rutine 95%<\/td>\n<\/tr>\n<tr>\n<td><strong>Source v\u00e9g\u00e9tale<\/strong><\/td>\n<td>Boutons de fleurs s\u00e9ch\u00e9es de\u00a0<em>Sophora japonica L.<\/em>\u00a0(une plante l\u00e9gumineuse) ; \u00e9galement largement pr\u00e9sente dans les feuilles de rue, les feuilles de tabac, les jujubes, les abricots, les \u00e9corces d&#039;orange, les tomates, les fleurs de sarrasin et d&#039;autres plantes.<\/td>\n<\/tr>\n<tr>\n<td><strong>Noms alternatifs<\/strong><\/td>\n<td>Rutoside, Rutamarine, Vitamine P, Rutine Rutoside, Lutidine, Luotong<\/td>\n<\/tr>\n<tr>\n<td><strong>Ingr\u00e9dient actif<\/strong><\/td>\n<td>La rutine, qui est le glycoside rutinose de la querc\u00e9tine (un compos\u00e9 flavonol) et un type de flavono\u00efde.<\/td>\n<\/tr>\n<tr>\n<td><strong>Contenu du produit<\/strong><\/td>\n<td>95%<\/td>\n<\/tr>\n<tr>\n<td><strong>Caract\u00e8re du produit<\/strong><\/td>\n<td>Poudre vert clair<\/td>\n<\/tr>\n<tr>\n<td><strong>M\u00e9thode d&#039;essai<\/strong><\/td>\n<td>UV (Spectrophotom\u00e9trie ultraviolette)<\/td>\n<\/tr>\n<tr>\n<td><strong>M\u00e9thode de stockage<\/strong><\/td>\n<td>Fermer herm\u00e9tiquement et conserver dans un endroit frais et sec ; prot\u00e9ger de l&#039;humidit\u00e9 et des mites.<\/td>\n<\/tr>\n<tr>\n<td><strong>Emballage du produit<\/strong><\/td>\n<td>25 kg\/f\u00fbt en carton ; 1 kg\/sac en aluminium ; ou personnalis\u00e9 selon les exigences du client.<\/td>\n<\/tr>\n<\/tbody>\n<\/table>","protected":false},"excerpt":{"rendered":"<div class=\"ace-line\" dir=\"auto\" data-node=\"true\"><span data-leaf=\"true\"><span class=\"lb\">La rutine 95% est extraite de l\u00e9gumineuses. Elle se pr\u00e9sente sous forme de poudre cristalline aciculaire vert clair et poss\u00e8de des propri\u00e9t\u00e9s antioxydantes. Test\u00e9e aux UV, elle a une puret\u00e9 de 95%. Sa dur\u00e9e de conservation est de 24 mois, garantissant une qualit\u00e9 stable et fiable.<\/span><\/span><span data-string=\"true\" data-enter=\"true\" data-leaf=\"true\">\u200b<\/span><\/div>","protected":false},"featured_media":9735,"comment_status":"closed","ping_status":"closed","template":"","meta":[],"product_brand":[],"product_cat":[17,23],"product_tag":[],"class_list":{"0":"post-9731","1":"product","2":"type-product","3":"status-publish","4":"has-post-thumbnail","6":"product_cat-plant-extract","7":"product_cat-standard-extract","9":"first","10":"instock","11":"shipping-taxable","12":"product-type-simple"},"_links":{"self":[{"href":"https:\/\/www.hvbio.com\/fr\/wp-json\/wp\/v2\/product\/9731","targetHints":{"allow":["GET"]}}],"collection":[{"href":"https:\/\/www.hvbio.com\/fr\/wp-json\/wp\/v2\/product"}],"about":[{"href":"https:\/\/www.hvbio.com\/fr\/wp-json\/wp\/v2\/types\/product"}],"replies":[{"embeddable":true,"href":"https:\/\/www.hvbio.com\/fr\/wp-json\/wp\/v2\/comments?post=9731"}],"wp:featuredmedia":[{"embeddable":true,"href":"https:\/\/www.hvbio.com\/fr\/wp-json\/wp\/v2\/media\/9735"}],"wp:attachment":[{"href":"https:\/\/www.hvbio.com\/fr\/wp-json\/wp\/v2\/media?parent=9731"}],"wp:term":[{"taxonomy":"product_brand","embeddable":true,"href":"https:\/\/www.hvbio.com\/fr\/wp-json\/wp\/v2\/product_brand?post=9731"},{"taxonomy":"product_cat","embeddable":true,"href":"https:\/\/www.hvbio.com\/fr\/wp-json\/wp\/v2\/product_cat?post=9731"},{"taxonomy":"product_tag","embeddable":true,"href":"https:\/\/www.hvbio.com\/fr\/wp-json\/wp\/v2\/product_tag?post=9731"}],"curies":[{"name":"wp","href":"https:\/\/api.w.org\/{rel}","templated":true}]}}