{"id":9736,"date":"2025-08-21T14:19:42","date_gmt":"2025-08-21T06:19:42","guid":{"rendered":"https:\/\/www.hvbio.com\/?post_type=product&#038;p=9736"},"modified":"2025-08-21T14:19:42","modified_gmt":"2025-08-21T06:19:42","slug":"caffeic-acid-99","status":"publish","type":"product","link":"https:\/\/www.hvbio.com\/fr\/produit\/caffeic-acid-99\/","title":{"rendered":"Acide caf\u00e9ique 99%"},"content":{"rendered":"<table>\n<thead>\n<tr>\n<th><strong>Article<\/strong><\/th>\n<th><strong>D\u00e9tails<\/strong><\/th>\n<\/tr>\n<\/thead>\n<tbody>\n<tr>\n<td><strong>Nom du produit<\/strong><\/td>\n<td>Acide caf\u00e9ique 99%<\/td>\n<\/tr>\n<tr>\n<td><strong>Autres noms<\/strong><\/td>\n<td>Acide 3,4-dihydroxycinnamique; acide 3,4-dihydroxyph\u00e9nylacrylique<\/td>\n<\/tr>\n<tr>\n<td><strong>Solvant d&#039;extraction et pi\u00e8ce<\/strong><\/td>\n<td>&#8211;\u00a0<strong>Solvants d&#039;extraction<\/strong>:Les solvants d\u2019extraction courants comprennent les solvants organiques tels que le m\u00e9thanol et l\u2019\u00e9thanol.<br class=\"container-utlnW2 wrapper-d0Cc1k undefined\" \/>&#8211;\u00a0<strong>Pi\u00e8ces d&#039;extraction<\/strong>:L&#039;acide caf\u00e9ique peut \u00eatre extrait de diff\u00e9rentes parties de diverses plantes, notamment\u00a0<em>Artemisia capillaris<\/em>\u00a0(parties a\u00e9riennes), artichaut (<em>Cynara scolymus<\/em>), bourgeons de ch\u00e8vrefeuille (<em>Lonicera japonica<\/em>), fruit de la passion, rhizomes d&#039;act\u00e9e \u00e0 grappes (<em>Cimicifuga<\/em>\u00a0spp.), racines de val\u00e9riane (<em>Val\u00e9riane officinale<\/em>), des zestes de citron et toute l&#039;herbe de verge d&#039;or (<em>Solidago decurrens<\/em>., famille des Ast\u00e9rac\u00e9es).<\/td>\n<\/tr>\n<tr>\n<td><strong>Apparence<\/strong><\/td>\n<td>Poudre jaune clair<\/td>\n<\/tr>\n<tr>\n<td><strong>M\u00e9thode d&#039;essai<\/strong><\/td>\n<td>HPLC (Chromatographie liquide haute performance)<\/td>\n<\/tr>\n<tr>\n<td><strong>Stockage<\/strong><\/td>\n<td>Conserver dans un r\u00e9cipient herm\u00e9tique, dans un endroit frais, sec et \u00e0 l&#039;abri de la lumi\u00e8re, \u00e0 l&#039;abri des sources de chaleur et des environnements humides.<\/td>\n<\/tr>\n<tr>\n<td><strong>Dur\u00e9e de conservation<\/strong><\/td>\n<td>Deux ans<\/td>\n<\/tr>\n<\/tbody>\n<\/table>","protected":false},"excerpt":{"rendered":"<h5 class=\"header-vfC6AV auto-hide-last-sibling-br\">Nom du produit : Acide caf\u00e9ique 99%<\/h5>\n<h5 class=\"auto-hide-last-sibling-br paragraph-JOTKXA paragraph-element br-paragraph-space\">Autres noms : acide 3,4-dihydroxycinnamique, acide 3,4-dihydroxycinnamique<\/h5>\n<h5 class=\"header-vfC6AV auto-hide-last-sibling-br\">Solvants d&#039;extraction et parties de plantes usag\u00e9es<\/h5>\n<h5 class=\"auto-hide-last-sibling-br paragraph-JOTKXA paragraph-element br-paragraph-space\">Les solvants d&#039;extraction courants comprennent les solvants organiques tels que le m\u00e9thanol et l&#039;\u00e9thanol. L&#039;acide caf\u00e9ique peut \u00eatre extrait de diff\u00e9rentes parties de plantes, notamment\u00a0<em>Artemisia capillaris<\/em>\u00a0(Yinchen), artichaut,\u00a0<em>Lonicera japonica<\/em>\u00a0(Ch\u00e8vrefeuille), fruit de la passion, rhizomes de\u00a0<em>Cimicifuga foetida<\/em>\u00a0(Shengma), racines de val\u00e9riane, \u00e9corces de citron et toute l&#039;herbe de\u00a0<em>Solidago decurrens<\/em>\u00a0(une plante de la famille des Ast\u00e9rac\u00e9es).<\/h5>\n<h5 class=\"header-vfC6AV auto-hide-last-sibling-br\">Aspect : Poudre jaune clair<\/h5>\n<h5 class=\"header-vfC6AV auto-hide-last-sibling-br\">M\u00e9thode de d\u00e9tection : HPLC<\/h5>\n<h5 class=\"header-vfC6AV auto-hide-last-sibling-br\">Instructions d&#039;achat<\/h5>\n<ul class=\"auto-hide-last-sibling-br\">\n<li>\n<h5><strong>M\u00e9thode d&#039;emballage<\/strong>: 25 kg par f\u00fbt en papier ou sac en aluminium<\/h5>\n<\/li>\n<li>\n<h5><strong>Conditions de stockage<\/strong>:Doit \u00eatre scell\u00e9 et prot\u00e9g\u00e9 de la lumi\u00e8re ; conserv\u00e9 dans un endroit sec, frais et bien ventil\u00e9<\/h5>\n<\/li>\n<li>\n<h5><strong>Dur\u00e9e de conservation<\/strong>: 2 ans<\/h5>\n<\/li>\n<li>\n<h5><strong>Exemple de disposition<\/strong>:En g\u00e9n\u00e9ral, des \u00e9chantillons de 5 \u00e0 20 g sont fournis pour la plupart des produits\u00a0; des frais d&#039;\u00e9chantillons peuvent s&#039;appliquer \u00e0 certains produits.<\/h5>\n<\/li>\n<li>\n<h5><strong>Emballage du produit<\/strong>:Emball\u00e9 dans des f\u00fbts en papier ou des sacs en aluminium (personnalisables selon les exigences du client)<\/h5>\n<\/li>\n<li>\n<h5><strong>D\u00e9lai de livraison<\/strong>: Les produits non personnalis\u00e9s seront exp\u00e9di\u00e9s dans les 48 heures ; le d\u00e9lai de livraison des produits personnalis\u00e9s sera ajust\u00e9 en fonction des besoins r\u00e9els.<\/h5>\n<\/li>\n<li>\n<h5><strong>Mode de transport<\/strong>:Logistique express nationale ; le prix indiqu\u00e9 comprend les frais de transport.<\/h5>\n<\/li>\n<\/ul>","protected":false},"featured_media":9742,"comment_status":"closed","ping_status":"closed","template":"","meta":[],"product_brand":[],"product_cat":[17,23],"product_tag":[],"class_list":{"0":"post-9736","1":"product","2":"type-product","3":"status-publish","4":"has-post-thumbnail","6":"product_cat-plant-extract","7":"product_cat-standard-extract","9":"first","10":"instock","11":"shipping-taxable","12":"product-type-simple"},"_links":{"self":[{"href":"https:\/\/www.hvbio.com\/fr\/wp-json\/wp\/v2\/product\/9736","targetHints":{"allow":["GET"]}}],"collection":[{"href":"https:\/\/www.hvbio.com\/fr\/wp-json\/wp\/v2\/product"}],"about":[{"href":"https:\/\/www.hvbio.com\/fr\/wp-json\/wp\/v2\/types\/product"}],"replies":[{"embeddable":true,"href":"https:\/\/www.hvbio.com\/fr\/wp-json\/wp\/v2\/comments?post=9736"}],"wp:featuredmedia":[{"embeddable":true,"href":"https:\/\/www.hvbio.com\/fr\/wp-json\/wp\/v2\/media\/9742"}],"wp:attachment":[{"href":"https:\/\/www.hvbio.com\/fr\/wp-json\/wp\/v2\/media?parent=9736"}],"wp:term":[{"taxonomy":"product_brand","embeddable":true,"href":"https:\/\/www.hvbio.com\/fr\/wp-json\/wp\/v2\/product_brand?post=9736"},{"taxonomy":"product_cat","embeddable":true,"href":"https:\/\/www.hvbio.com\/fr\/wp-json\/wp\/v2\/product_cat?post=9736"},{"taxonomy":"product_tag","embeddable":true,"href":"https:\/\/www.hvbio.com\/fr\/wp-json\/wp\/v2\/product_tag?post=9736"}],"curies":[{"name":"wp","href":"https:\/\/api.w.org\/{rel}","templated":true}]}}