{"id":9746,"date":"2025-08-21T14:31:10","date_gmt":"2025-08-21T06:31:10","guid":{"rendered":"https:\/\/www.hvbio.com\/?post_type=product&#038;p=9746"},"modified":"2025-08-21T14:31:11","modified_gmt":"2025-08-21T06:31:11","slug":"gastrodin-5","status":"publish","type":"product","link":"https:\/\/www.hvbio.com\/fr\/produit\/gastrodin-5\/","title":{"rendered":"Gastrodine 5%"},"content":{"rendered":"<table style=\"height: 328px;\" width=\"1459\">\n<thead>\n<tr>\n<th><strong>Article<\/strong><\/th>\n<th><strong>D\u00e9tails<\/strong><\/th>\n<\/tr>\n<\/thead>\n<tbody>\n<tr>\n<td><strong>Nom du produit<\/strong><\/td>\n<td>Gastrodine 5%<\/td>\n<\/tr>\n<tr>\n<td><strong>Autres noms<\/strong><\/td>\n<td>Gastrodioside; 4-hydroxym\u00e9thylph\u00e9nyl-\u03b2-D-glucopyranoside<\/td>\n<\/tr>\n<tr>\n<td><strong>Solvant d&#039;extraction et partie de la plante utilis\u00e9e<\/strong><\/td>\n<td>&#8211;\u00a0<strong>Partie d&#039;extraction<\/strong>:Racines tub\u00e9reuses s\u00e9ch\u00e9es de\u00a0<em>Gastrodia elata<\/em>\u00a0Bl. (une plante de la famille des Orchidac\u00e9es)<br class=\"container-utlnW2 wrapper-d0Cc1k undefined\" \/>&#8211;\u00a0<strong>Solvants d&#039;extraction<\/strong>:L&#039;\u00e9thanol est l&#039;un des solvants couramment utilis\u00e9s pour l&#039;extraction de la gastrodine ; l&#039;eau peut \u00e9galement \u00eatre utilis\u00e9e comme solvant pour l&#039;extraction de la gastrodine.<\/td>\n<\/tr>\n<tr>\n<td><strong>Apparence<\/strong><\/td>\n<td>Poudre jaune brun\u00e2tre<\/td>\n<\/tr>\n<tr>\n<td><strong>M\u00e9thode de d\u00e9tection<\/strong><\/td>\n<td>HPLC\/UV<\/td>\n<\/tr>\n<tr>\n<td><strong>Stockage<\/strong><\/td>\n<td>Conserver dans un r\u00e9cipient herm\u00e9tique, dans un endroit frais, sec et \u00e0 l&#039;abri de la lumi\u00e8re, \u00e0 l&#039;abri des sources de chaleur et des environnements humides.<\/td>\n<\/tr>\n<tr>\n<td><strong>Dur\u00e9e de conservation<\/strong><\/td>\n<td>Deux ans<\/td>\n<\/tr>\n<\/tbody>\n<\/table>","protected":false},"excerpt":{"rendered":"<h5 class=\"header-vfC6AV auto-hide-last-sibling-br\">Nom du produit : Gastrodin 5%<\/h5>\n<ul class=\"auto-hide-last-sibling-br\">\n<li>\n<h5><strong>Autres noms<\/strong>: Gastrodioside, 4-hydroxym\u00e9thylph\u00e9nyl-\u03b2-D-glucopyranoside<\/h5>\n<\/li>\n<li>\n<h5><strong>Solvant d&#039;extraction et pi\u00e8ce usag\u00e9e<\/strong>:La partie d&#039;extraction est le tubercule s\u00e9ch\u00e9 de\u00a0<em>Gastrodia elata<\/em>\u00a0Bl. (plante de la famille des Orchidac\u00e9es). L&#039;\u00e9thanol est l&#039;un des solvants les plus couramment utilis\u00e9s pour extraire la gastrodine, et l&#039;eau peut \u00e9galement \u00eatre utilis\u00e9e comme solvant.<\/h5>\n<\/li>\n<li>\n<h5><strong>Apparence<\/strong>:Poudre jaune brun\u00e2tre<\/h5>\n<\/li>\n<li>\n<h5><strong>M\u00e9thode de d\u00e9tection<\/strong>:HPLC\/UV<\/h5>\n<\/li>\n<\/ul>\n<h5 class=\"header-vfC6AV auto-hide-last-sibling-br\">Conditions d&#039;achat<\/h5>\n<ul class=\"auto-hide-last-sibling-br\">\n<li>\n<h5><strong>M\u00e9thode d&#039;emballage<\/strong>: 25 kg par f\u00fbt en fibre ou sac en aluminium ; l&#039;emballage peut \u00eatre ajust\u00e9 selon les exigences du client.<\/h5>\n<\/li>\n<li>\n<h5><strong>Conditions de stockage<\/strong>:Doit \u00eatre scell\u00e9 et prot\u00e9g\u00e9 de la lumi\u00e8re, et stock\u00e9 dans un endroit sec, frais et bien ventil\u00e9.<\/h5>\n<\/li>\n<li>\n<h5><strong>Dur\u00e9e de conservation<\/strong>: 2 ans<\/h5>\n<\/li>\n<li>\n<h5><strong>Acquisition d&#039;\u00e9chantillons<\/strong>: G\u00e9n\u00e9ralement, des petits \u00e9chantillons de 5 \u00e0 20 g sont fournis pour les produits ; des frais d&#039;\u00e9chantillonnage sont factur\u00e9s pour certains produits.<\/h5>\n<\/li>\n<li>\n<h5><strong>D\u00e9lai de livraison<\/strong>: Les produits non personnalis\u00e9s seront exp\u00e9di\u00e9s dans les 48 heures ; le d\u00e9lai de livraison des produits personnalis\u00e9s sera ajust\u00e9 en fonction des besoins r\u00e9els.<\/h5>\n<\/li>\n<li>\n<h5><strong>Mode de transport<\/strong>:Logistique express nationale ; le prix indiqu\u00e9 comprend les frais de transport.<\/h5>\n<\/li>\n<\/ul>","protected":false},"featured_media":9748,"comment_status":"closed","ping_status":"closed","template":"","meta":[],"product_brand":[],"product_cat":[17,23],"product_tag":[],"class_list":{"0":"post-9746","1":"product","2":"type-product","3":"status-publish","4":"has-post-thumbnail","6":"product_cat-plant-extract","7":"product_cat-standard-extract","9":"first","10":"instock","11":"shipping-taxable","12":"product-type-simple"},"_links":{"self":[{"href":"https:\/\/www.hvbio.com\/fr\/wp-json\/wp\/v2\/product\/9746","targetHints":{"allow":["GET"]}}],"collection":[{"href":"https:\/\/www.hvbio.com\/fr\/wp-json\/wp\/v2\/product"}],"about":[{"href":"https:\/\/www.hvbio.com\/fr\/wp-json\/wp\/v2\/types\/product"}],"replies":[{"embeddable":true,"href":"https:\/\/www.hvbio.com\/fr\/wp-json\/wp\/v2\/comments?post=9746"}],"wp:featuredmedia":[{"embeddable":true,"href":"https:\/\/www.hvbio.com\/fr\/wp-json\/wp\/v2\/media\/9748"}],"wp:attachment":[{"href":"https:\/\/www.hvbio.com\/fr\/wp-json\/wp\/v2\/media?parent=9746"}],"wp:term":[{"taxonomy":"product_brand","embeddable":true,"href":"https:\/\/www.hvbio.com\/fr\/wp-json\/wp\/v2\/product_brand?post=9746"},{"taxonomy":"product_cat","embeddable":true,"href":"https:\/\/www.hvbio.com\/fr\/wp-json\/wp\/v2\/product_cat?post=9746"},{"taxonomy":"product_tag","embeddable":true,"href":"https:\/\/www.hvbio.com\/fr\/wp-json\/wp\/v2\/product_tag?post=9746"}],"curies":[{"name":"wp","href":"https:\/\/api.w.org\/{rel}","templated":true}]}}