{"id":9755,"date":"2025-08-21T14:40:19","date_gmt":"2025-08-21T06:40:19","guid":{"rendered":"https:\/\/www.hvbio.com\/?post_type=product&#038;p=9755"},"modified":"2025-08-21T14:49:11","modified_gmt":"2025-08-21T06:49:11","slug":"sunflower-disk-alkaloids-30","status":"publish","type":"product","link":"https:\/\/www.hvbio.com\/fr\/produit\/sunflower-disk-alkaloids-30\/","title":{"rendered":"Alcalo\u00efdes de disque de tournesol 30%"},"content":{"rendered":"<div class=\"inter-jQQQ8P\">\n<div class=\"container-PrUkKo\">\n<div class=\"item-hGGxLi\">\n<div class=\"container-arOxqB chrome70-container\">\n<div class=\"inner-FyM8gE inner-item-swzCut\" data-target-id=\"message-box-target-id\" data-testid=\"union_message\">\n<div class=\"message-block-container-aFugD6\" data-testid=\"message-block-container\">\n<div class=\"flex flex-row w-full w-full max-w-full s-font-base text-s-color-text-secondary p-0 rounded-s-radius-s bg-transparent group data-[attr=select-mode]:-mt-10 data-[attr=select-mode]:py-10 data-[attr=select-mode]:px-16 data-[attr=select-mode]:sm:p-10 data-[attr=select-mode]:hover:bg-s-color-bg-base data-[attr=select-mode]:hover:rounded-s-radius-xs data-[attr=select-mode]:has-[:checked]:bg-s-color-bg-trans data-[attr=select-mode]:has-[:checked]:rounded-s-radius-xs data-[attr=select-mode]:pointer-events-none\" data-testid=\"receive_message\">\n<div class=\"flex flex-col flex-grow max-w-full min-w-0\">\n<div class=\"flex flex-row w-full\" data-testid=\"message_content\" data-message-id=\"17203300335246850\">\n<div class=\"w-full\" data-plugin-identifier=\"Symbol(infra:receive-message-box:text)\">\n<div class=\"container-ZYIsnH flow-markdown-body theme-samantha-Nbr9UN\" dir=\"ltr\" data-testid=\"message_text_content\" data-show-indicator=\"false\">\n<div class=\"auto-hide-last-sibling-br mdbox-table-root table-container-GhL7Lo\" data-scroll-inline-overflow=\"false\" data-scroll-inline-at-start=\"true\" data-scroll-inline-start-overflow=\"false\" data-scroll-inline-at-end=\"true\" data-scroll-inline-end-overflow=\"false\">\n<div class=\"table-scroll-container-hgHkfW mdbox-table-scroll-container\">\n<table>\n<tbody>\n<tr>\n<td><strong>Nom du produit<\/strong><\/td>\n<td>Alcalo\u00efdes de disque de tournesol 30%<\/td>\n<\/tr>\n<tr>\n<td><strong>Alias de produit<\/strong><\/td>\n<td>R\u00e9ceptacle de tournesol, g\u00e2teau de tournesol, Kui Fang (pinyin chinois), disque de tournesol<\/td>\n<\/tr>\n<tr>\n<td><strong>Source du produit<\/strong><\/td>\n<td>R\u00e9ceptacle de\u00a0<em>Helianthus annuus<\/em>\u00a0L. (une plante de la famille des Ast\u00e9rac\u00e9es).<br class=\"container-utlnW2 wrapper-d0Cc1k undefined\" \/>R\u00e9colte et stockage : R\u00e9colt\u00e9 en automne, avec les fruits compl\u00e8tement retir\u00e9s ; utilis\u00e9 frais ou s\u00e9ch\u00e9 au soleil.<\/td>\n<\/tr>\n<tr>\n<td><strong>Morphologie des plantes<\/strong><\/td>\n<td>Plante herbac\u00e9e annuelle, de 1 \u00e0 3 m de haut. Tige dress\u00e9e, robuste, \u00e0 moelle centrale bien d\u00e9velopp\u00e9e, recouverte de soies \u00e9paisses et rigides.<br class=\"container-utlnW2 wrapper-d0Cc1k undefined\" \/>Feuilles : Alternes, \u00e0 long p\u00e9tiole ; limbes larges-ovales ou cord\u00e9s-ovales, de 10 \u00e0 30 cm de long et plus, de 8 \u00e0 25 cm de large, apex acumin\u00e9\/aigu, base cord\u00e9e\/tronqu\u00e9e, marge grossi\u00e8rement dent\u00e9e, les deux c\u00f4t\u00e9s \u00e0 poils rugueux, \u00e0 3 nervures.<br class=\"container-utlnW2 wrapper-d0Cc1k undefined\" \/>Inflorescence : Capitule terminal solitaire, jusqu&#039;\u00e0 35 cm de diam\u00e8tre ; bract\u00e9es involucr\u00e9es ovales\/ovales-lanc\u00e9ol\u00e9es, apex caud\u00e9-acumin\u00e9, couvertes de longues soies rigides.<br class=\"container-utlnW2 wrapper-d0Cc1k undefined\" \/>Fleurs : Fleurons femelles ligul\u00e9s jaune dor\u00e9, st\u00e9riles ; fleurons tubulaires bisexu\u00e9s bruns\/violets, fertiles ; r\u00e9ceptacle plat ; bract\u00e9oles membraneuses.<br class=\"container-utlnW2 wrapper-d0Cc1k undefined\" \/>Fruits : Ak\u00e8nes obovales ou ovales-oblongs, l\u00e9g\u00e8rement aplatis, gris clair\/noir ; aigrette \u00e0 2 ar\u00eates \u00e9cailleuses, caduques.<br class=\"container-utlnW2 wrapper-d0Cc1k undefined\" \/>P\u00e9riode de floraison : juin-juillet.<\/td>\n<\/tr>\n<tr>\n<td><strong>Apparence du produit<\/strong><\/td>\n<td>Poudre brune<\/td>\n<\/tr>\n<tr>\n<td><strong>Sp\u00e9cifications du produit<\/strong><\/td>\n<td>30%. D&#039;autres sp\u00e9cifications (20%, 10%) sont disponibles aupr\u00e8s du service client\u00a0; la production sur mesure est possible.<\/td>\n<\/tr>\n<tr>\n<td><strong>M\u00e9thode d&#039;essai<\/strong><\/td>\n<td>UV<\/td>\n<\/tr>\n<tr>\n<td><strong>Conditions de stockage<\/strong><\/td>\n<td>Bien fermer et prot\u00e9ger de la lumi\u00e8re, \u00e9viter les temp\u00e9ratures \u00e9lev\u00e9es ; conserver dans un endroit sec, frais et bien ventil\u00e9.<\/td>\n<\/tr>\n<tr>\n<td><strong>M\u00e9thode d&#039;emballage<\/strong><\/td>\n<td>Marchandises en vrac\u00a0: f\u00fbt de 25\u00a0kg\u00a0; petits \u00e9chantillons\u00a0: sac en aluminium de 1\u00a0kg. Emballage personnalis\u00e9 possible selon les besoins du client.<\/td>\n<\/tr>\n<tr>\n<td><strong>Mode de transport<\/strong><\/td>\n<td>Livraison express ou logistique.<br class=\"container-utlnW2 wrapper-d0Cc1k undefined\" \/>\u2013 Livraison express nationale : Arriv\u00e9e sous 3 jours.<br class=\"container-utlnW2 wrapper-d0Cc1k undefined\" \/>\u2013 Logistique : Arriv\u00e9e sous 5 jours.<br class=\"container-utlnW2 wrapper-d0Cc1k undefined\" \/>Les devis incluent g\u00e9n\u00e9ralement les frais de transport int\u00e9rieur.<\/td>\n<\/tr>\n<tr>\n<td><strong>Dur\u00e9e de conservation<\/strong><\/td>\n<td>2 ans<\/td>\n<\/tr>\n<\/tbody>\n<\/table>\n<\/div>\n<\/div>\n<\/div>\n<\/div>\n<\/div>\n<div class=\"answer-action-bar-pgm2JD answer-action-bar flex flex-col justify-end\" data-testid=\"message_action_bar\">\n<div class=\"container-rxM4SW flex flex-row items-start w-full self-center\" data-message-action-bar=\"1\">\n<div class=\"left-Y7jNAM\"><\/div>\n<\/div>\n<\/div>\n<\/div>\n<\/div>\n<\/div>\n<\/div>\n<\/div>\n<\/div>\n<\/div>\n<\/div>\n<div class=\"top-lAPxtl\">\n<div class=\"container-arOxqB chrome70-container\"><\/div>\n<\/div>","protected":false},"excerpt":{"rendered":"<p>Alcalo\u00efdes de tournesol 30%. Ce produit contient le principe actif 30%, g\u00e9n\u00e9ralement sous forme de poudre blanc cass\u00e9 \u00e0 jaune clair. Sa dur\u00e9e de conservation standard est de 24 mois et la chromatographie HPLC est utilis\u00e9e comme norme de test pour garantir la conformit\u00e9 de la composition et de la qualit\u00e9 des ingr\u00e9dients.<\/p>","protected":false},"featured_media":9757,"comment_status":"closed","ping_status":"closed","template":"","meta":[],"product_brand":[],"product_cat":[17,23],"product_tag":[38],"class_list":{"0":"post-9755","1":"product","2":"type-product","3":"status-publish","4":"has-post-thumbnail","6":"product_cat-plant-extract","7":"product_cat-standard-extract","8":"product_tag-sunflower-disk-alkaloids-30","10":"first","11":"instock","12":"shipping-taxable","13":"product-type-simple"},"_links":{"self":[{"href":"https:\/\/www.hvbio.com\/fr\/wp-json\/wp\/v2\/product\/9755","targetHints":{"allow":["GET"]}}],"collection":[{"href":"https:\/\/www.hvbio.com\/fr\/wp-json\/wp\/v2\/product"}],"about":[{"href":"https:\/\/www.hvbio.com\/fr\/wp-json\/wp\/v2\/types\/product"}],"replies":[{"embeddable":true,"href":"https:\/\/www.hvbio.com\/fr\/wp-json\/wp\/v2\/comments?post=9755"}],"wp:featuredmedia":[{"embeddable":true,"href":"https:\/\/www.hvbio.com\/fr\/wp-json\/wp\/v2\/media\/9757"}],"wp:attachment":[{"href":"https:\/\/www.hvbio.com\/fr\/wp-json\/wp\/v2\/media?parent=9755"}],"wp:term":[{"taxonomy":"product_brand","embeddable":true,"href":"https:\/\/www.hvbio.com\/fr\/wp-json\/wp\/v2\/product_brand?post=9755"},{"taxonomy":"product_cat","embeddable":true,"href":"https:\/\/www.hvbio.com\/fr\/wp-json\/wp\/v2\/product_cat?post=9755"},{"taxonomy":"product_tag","embeddable":true,"href":"https:\/\/www.hvbio.com\/fr\/wp-json\/wp\/v2\/product_tag?post=9755"}],"curies":[{"name":"wp","href":"https:\/\/api.w.org\/{rel}","templated":true}]}}