{"id":9762,"date":"2025-08-21T14:40:57","date_gmt":"2025-08-21T06:40:57","guid":{"rendered":"https:\/\/www.hvbio.com\/?post_type=product&#038;p=9762"},"modified":"2025-08-21T14:40:57","modified_gmt":"2025-08-21T06:40:57","slug":"ginsenosides-80","status":"publish","type":"product","link":"https:\/\/www.hvbio.com\/fr\/produit\/ginsenosides-80\/","title":{"rendered":"Gins\u00e9nosides 80%"},"content":{"rendered":"<table style=\"height: 340px;\" width=\"1119\">\n<thead>\n<tr>\n<th><strong>Article<\/strong><\/th>\n<th><strong>D\u00e9tails<\/strong><\/th>\n<\/tr>\n<\/thead>\n<tbody>\n<tr>\n<td>Nom du produit<\/td>\n<td>Gins\u00e9nosides 80%<\/td>\n<\/tr>\n<tr>\n<td>Autres noms<\/td>\n<td>Gins\u00e9nosides totaux 80%, extrait de ginseng 80%, gins\u00e9nosides totaux 80% (caract\u00e8re chinois alternatif pour \u00ab\u00a0\u82f7\u00a0\u00bb)<\/td>\n<\/tr>\n<tr>\n<td>Solvant d&#039;extraction et pi\u00e8ce usag\u00e9e<\/td>\n<td>&#8211;\u00a0<strong>Pi\u00e8ce d&#039;occasion<\/strong>:Racines, tiges, feuilles et fruits du ginseng (une plante de la famille des Araliac\u00e9es)<br class=\"container-utlnW2 wrapper-d0Cc1k undefined\" \/>&#8211;\u00a0<strong>Solvant d&#039;extraction<\/strong>:Comprend g\u00e9n\u00e9ralement de l&#039;eau et de l&#039;\u00e9thanol<\/td>\n<\/tr>\n<tr>\n<td>Apparence<\/td>\n<td>Poudre jaune clair<\/td>\n<\/tr>\n<tr>\n<td>M\u00e9thode de d\u00e9tection<\/td>\n<td>UV (Spectrophotom\u00e9trie ultraviolette)<\/td>\n<\/tr>\n<tr>\n<td>Conditions de stockage<\/td>\n<td>Conserver dans un r\u00e9cipient herm\u00e9tiquement ferm\u00e9, dans un endroit frais, sec et \u00e0 l&#039;abri de la lumi\u00e8re ; tenir \u00e0 l&#039;\u00e9cart des sources de chaleur et des environnements humides.<\/td>\n<\/tr>\n<tr>\n<td>Dur\u00e9e de conservation<\/td>\n<td>2 ans<\/td>\n<\/tr>\n<\/tbody>\n<\/table>","protected":false},"excerpt":{"rendered":"<h4 class=\"header-vfC6AV auto-hide-last-sibling-br\">Nom du produit<\/h4>\n<ul class=\"auto-hide-last-sibling-br\">\n<li>\n<h4>Gins\u00e9noside 80%<\/h4>\n<\/li>\n<\/ul>\n<h4 class=\"header-vfC6AV auto-hide-last-sibling-br\">Autres noms<\/h4>\n<ul class=\"auto-hide-last-sibling-br\">\n<li>\n<h4>Gins\u00e9nosides totaux 80%<\/h4>\n<\/li>\n<li>\n<h4>Extrait de ginseng 80%<\/h4>\n<\/li>\n<li>\n<h4>Gins\u00e9nosides totaux 80%<\/h4>\n<\/li>\n<\/ul>\n<h4 class=\"header-vfC6AV auto-hide-last-sibling-br\">Solvant d&#039;extraction et pi\u00e8ces utilis\u00e9es<\/h4>\n<ul class=\"auto-hide-last-sibling-br\">\n<li>\n<h4>Extrait des racines, des tiges, des feuilles et des fruits du ginseng. Les solvants d&#039;extraction comprennent g\u00e9n\u00e9ralement de l&#039;eau et de l&#039;\u00e9thanol.<\/h4>\n<\/li>\n<\/ul>\n<h4 class=\"header-vfC6AV auto-hide-last-sibling-br\">Apparence<\/h4>\n<ul class=\"auto-hide-last-sibling-br\">\n<li>\n<h4>Poudre jaune clair<\/h4>\n<\/li>\n<\/ul>\n<h4 class=\"header-vfC6AV auto-hide-last-sibling-br\">M\u00e9thode de d\u00e9tection<\/h4>\n<ul class=\"auto-hide-last-sibling-br\">\n<li>\n<h4>UV<\/h4>\n<\/li>\n<\/ul>\n<h4 class=\"header-vfC6AV auto-hide-last-sibling-br\">Avis d&#039;achat<\/h4>\n<ul class=\"auto-hide-last-sibling-br\">\n<li>\n<h4><strong>M\u00e9thode d&#039;emballage<\/strong>: 25 kg\/f\u00fbt ou sac en aluminium<\/h4>\n<\/li>\n<li>\n<h4><strong>Conditions de stockage<\/strong>:Doit \u00eatre scell\u00e9 et prot\u00e9g\u00e9 de la lumi\u00e8re, conserv\u00e9 dans un endroit sec, frais et bien ventil\u00e9.<\/h4>\n<\/li>\n<li>\n<h4><strong>P\u00e9riode de validit\u00e9<\/strong>:Deux ans<\/h4>\n<\/li>\n<li>\n<h4><strong>\u00c9chantillon<\/strong>:En g\u00e9n\u00e9ral, 5 \u00e0 20 g d&#039;\u00e9chantillon sont fournis gratuitement, et des frais d&#039;\u00e9chantillon peuvent \u00eatre factur\u00e9s pour certains produits.<\/h4>\n<\/li>\n<li>\n<h4><strong>Emballage du produit<\/strong>: Emballage en f\u00fbt ou en sac en aluminium (peut \u00eatre personnalis\u00e9 selon les exigences du client)<\/h4>\n<\/li>\n<li>\n<h4><strong>D\u00e9lai de livraison<\/strong>: Les produits non personnalis\u00e9s seront livr\u00e9s dans les 48 heures et le d\u00e9lai de livraison des produits personnalis\u00e9s sera ajust\u00e9 en fonction des besoins r\u00e9els.<\/h4>\n<\/li>\n<li>\n<h4><strong>M\u00e9thode d&#039;emballage<\/strong>: 25 kg\/f\u00fbt, sac en aluminium. L&#039;emballage peut \u00eatre adapt\u00e9 \u00e0 la situation.<\/h4>\n<\/li>\n<li>\n<h4><strong>Mode de transport<\/strong>:Logistique express nationale, le devis comprend le co\u00fbt du transport.<\/h4>\n<\/li>\n<li>\n<h4><strong>Conditions de stockage<\/strong>:Ferm\u00e9 et prot\u00e9g\u00e9 de la lumi\u00e8re, dans un endroit sec, frais et bien ventil\u00e9.<\/h4>\n<\/li>\n<\/ul>","protected":false},"featured_media":9764,"comment_status":"closed","ping_status":"closed","template":"","meta":[],"product_brand":[],"product_cat":[17,23],"product_tag":[],"class_list":{"0":"post-9762","1":"product","2":"type-product","3":"status-publish","4":"has-post-thumbnail","6":"product_cat-plant-extract","7":"product_cat-standard-extract","9":"first","10":"instock","11":"shipping-taxable","12":"product-type-simple"},"_links":{"self":[{"href":"https:\/\/www.hvbio.com\/fr\/wp-json\/wp\/v2\/product\/9762","targetHints":{"allow":["GET"]}}],"collection":[{"href":"https:\/\/www.hvbio.com\/fr\/wp-json\/wp\/v2\/product"}],"about":[{"href":"https:\/\/www.hvbio.com\/fr\/wp-json\/wp\/v2\/types\/product"}],"replies":[{"embeddable":true,"href":"https:\/\/www.hvbio.com\/fr\/wp-json\/wp\/v2\/comments?post=9762"}],"wp:featuredmedia":[{"embeddable":true,"href":"https:\/\/www.hvbio.com\/fr\/wp-json\/wp\/v2\/media\/9764"}],"wp:attachment":[{"href":"https:\/\/www.hvbio.com\/fr\/wp-json\/wp\/v2\/media?parent=9762"}],"wp:term":[{"taxonomy":"product_brand","embeddable":true,"href":"https:\/\/www.hvbio.com\/fr\/wp-json\/wp\/v2\/product_brand?post=9762"},{"taxonomy":"product_cat","embeddable":true,"href":"https:\/\/www.hvbio.com\/fr\/wp-json\/wp\/v2\/product_cat?post=9762"},{"taxonomy":"product_tag","embeddable":true,"href":"https:\/\/www.hvbio.com\/fr\/wp-json\/wp\/v2\/product_tag?post=9762"}],"curies":[{"name":"wp","href":"https:\/\/api.w.org\/{rel}","templated":true}]}}