{"id":9779,"date":"2025-08-22T11:15:08","date_gmt":"2025-08-22T03:15:08","guid":{"rendered":"https:\/\/www.hvbio.com\/?post_type=product&#038;p=9779"},"modified":"2025-08-22T11:15:08","modified_gmt":"2025-08-22T03:15:08","slug":"peanut-red-skin-95","status":"publish","type":"product","link":"https:\/\/www.hvbio.com\/fr\/produit\/peanut-red-skin-95\/","title":{"rendered":"Cacahu\u00e8te \u00e0 peau rouge 95%"},"content":{"rendered":"<table>\n<tbody>\n<tr>\n<td><strong>Nom du produit<\/strong><\/td>\n<td>Cacahu\u00e8te \u00e0 peau rouge 95%<\/td>\n<\/tr>\n<tr>\n<td><strong>Source v\u00e9g\u00e9tale<\/strong><\/td>\n<td>T\u00e9gument de la graine de\u00a0<em>Arachis hypogaea L.<\/em>\u00a0(une plante du genre\u00a0<em>Arachis<\/em>\u00a0dans la famille des Fabac\u00e9es)<\/td>\n<\/tr>\n<tr>\n<td><strong>Noms alternatifs<\/strong><\/td>\n<td>Manteau d&#039;arachide, peau d&#039;arachide<\/td>\n<\/tr>\n<tr>\n<td><strong>Ingr\u00e9dient actif<\/strong><\/td>\n<td>Proanthocyanidines<\/td>\n<\/tr>\n<tr>\n<td><strong>Contenu du produit<\/strong><\/td>\n<td>95%<\/td>\n<\/tr>\n<tr>\n<td><strong>Caract\u00e8re du produit<\/strong><\/td>\n<td>Poudre fine brun-rouge; l\u00e9ger ar\u00f4me; go\u00fbt astringent et l\u00e9g\u00e8rement amer<\/td>\n<\/tr>\n<tr>\n<td><strong>M\u00e9thode d&#039;essai<\/strong><\/td>\n<td>HPLC<\/td>\n<\/tr>\n<tr>\n<td><strong>M\u00e9thode de stockage<\/strong><\/td>\n<td>Scell\u00e9, conserv\u00e9 dans un endroit frais et sec, \u00e0 l&#039;abri de l&#039;humidit\u00e9 et des mites<\/td>\n<\/tr>\n<tr>\n<td><strong>Emballage du produit<\/strong><\/td>\n<td>25 kg\/f\u00fbt en carton ; 1 kg\/sac en aluminium ; ou personnalis\u00e9 selon les exigences du client<\/td>\n<\/tr>\n<\/tbody>\n<\/table>","protected":false},"excerpt":{"rendered":"<p>Le produit Peanut Red Skin 95% contient du 95%, un ingr\u00e9dient actif, et se pr\u00e9sente g\u00e9n\u00e9ralement sous forme de poudre rouge \u00e0 rouge fonc\u00e9 (Remarque\u00a0: pour une couleur pr\u00e9cise, veuillez indiquer le num\u00e9ro de couleur ou la description du test). Sa dur\u00e9e de conservation standard est de 24\u00a0mois (selon l&#039;\u00e9tiquette de l&#039;emballage), et les normes de test peuvent se r\u00e9f\u00e9rer aux m\u00e9thodes courantes du secteur (telles que la chromatographie liquide haute performance HPLC, selon le plan de test en vigueur), garantissant ainsi la puret\u00e9 et la qualit\u00e9 des ingr\u00e9dients.<\/p>","protected":false},"featured_media":9780,"comment_status":"closed","ping_status":"closed","template":"","meta":[],"product_brand":[],"product_cat":[17,23],"product_tag":[],"class_list":{"0":"post-9779","1":"product","2":"type-product","3":"status-publish","4":"has-post-thumbnail","6":"product_cat-plant-extract","7":"product_cat-standard-extract","9":"first","10":"instock","11":"shipping-taxable","12":"product-type-simple"},"_links":{"self":[{"href":"https:\/\/www.hvbio.com\/fr\/wp-json\/wp\/v2\/product\/9779","targetHints":{"allow":["GET"]}}],"collection":[{"href":"https:\/\/www.hvbio.com\/fr\/wp-json\/wp\/v2\/product"}],"about":[{"href":"https:\/\/www.hvbio.com\/fr\/wp-json\/wp\/v2\/types\/product"}],"replies":[{"embeddable":true,"href":"https:\/\/www.hvbio.com\/fr\/wp-json\/wp\/v2\/comments?post=9779"}],"wp:featuredmedia":[{"embeddable":true,"href":"https:\/\/www.hvbio.com\/fr\/wp-json\/wp\/v2\/media\/9780"}],"wp:attachment":[{"href":"https:\/\/www.hvbio.com\/fr\/wp-json\/wp\/v2\/media?parent=9779"}],"wp:term":[{"taxonomy":"product_brand","embeddable":true,"href":"https:\/\/www.hvbio.com\/fr\/wp-json\/wp\/v2\/product_brand?post=9779"},{"taxonomy":"product_cat","embeddable":true,"href":"https:\/\/www.hvbio.com\/fr\/wp-json\/wp\/v2\/product_cat?post=9779"},{"taxonomy":"product_tag","embeddable":true,"href":"https:\/\/www.hvbio.com\/fr\/wp-json\/wp\/v2\/product_tag?post=9779"}],"curies":[{"name":"wp","href":"https:\/\/api.w.org\/{rel}","templated":true}]}}