{"id":9793,"date":"2025-08-22T11:32:10","date_gmt":"2025-08-22T03:32:10","guid":{"rendered":"https:\/\/www.hvbio.com\/?post_type=product&#038;p=9793"},"modified":"2025-08-22T11:32:10","modified_gmt":"2025-08-22T03:32:10","slug":"hawthorn-leaf-flavonoids-80","status":"publish","type":"product","link":"https:\/\/www.hvbio.com\/fr\/produit\/hawthorn-leaf-flavonoids-80\/","title":{"rendered":"Flavono\u00efdes de feuilles d&#039;aub\u00e9pine 80%"},"content":{"rendered":"<table style=\"height: 390px;\" width=\"1218\">\n<thead>\n<tr>\n<th><strong>Article<\/strong><\/th>\n<th><strong>Description<\/strong><\/th>\n<\/tr>\n<\/thead>\n<tbody>\n<tr>\n<td>Nom du produit<\/td>\n<td>Flavono\u00efdes de feuilles d&#039;aub\u00e9pine 80%<\/td>\n<\/tr>\n<tr>\n<td>Ingr\u00e9dients principaux<\/td>\n<td>Flavono\u00efdes, vitexine rhamnoside<\/td>\n<\/tr>\n<tr>\n<td>Source d&#039;extraction<\/td>\n<td>Extrait de feuilles s\u00e9ch\u00e9es de\u00a0<em>Crataegus pinnatifida<\/em>\u00a0Bge. var.\u00a0<em>majeur<\/em>\u00a0NEBr. ou\u00a0<em>Crataegus pinnatifida<\/em>\u00a0Bge. (famille des Rosac\u00e9es)<\/td>\n<\/tr>\n<tr>\n<td>Apparence<\/td>\n<td>Poudre brune<\/td>\n<\/tr>\n<tr>\n<td>M\u00e9thode de d\u00e9tection<\/td>\n<td>HPLC\/UV<\/td>\n<\/tr>\n<tr>\n<td>Forme posologique d&#039;application<\/td>\n<td>Extrait de plante<\/td>\n<\/tr>\n<tr>\n<td>D\u00e9lai d&#039;approvisionnement<\/td>\n<td>Toute l&#039;ann\u00e9e<\/td>\n<\/tr>\n<tr>\n<td>Conditions de stockage<\/td>\n<td>Conserver dans un r\u00e9cipient herm\u00e9tique, dans un endroit frais, sec et sombre, \u00e0 l&#039;abri de la chaleur et de l&#039;humidit\u00e9.<\/td>\n<\/tr>\n<tr>\n<td>Dur\u00e9e de conservation<\/td>\n<td>Deux ans<\/td>\n<\/tr>\n<\/tbody>\n<\/table>","protected":false},"excerpt":{"rendered":"<h3 class=\"header-vfC6AV auto-hide-last-sibling-br\">Nom du produit : Flavono\u00efdes de feuilles d&#039;aub\u00e9pine 80%<\/h3>\n<ul class=\"auto-hide-last-sibling-br\">\n<li><strong>Ingr\u00e9dients principaux<\/strong>: Flavono\u00efdes, vitexine rhamnoside<\/li>\n<li><strong>Source d&#039;extraction<\/strong>: Extrait de feuille d&#039;aub\u00e9pine, d\u00e9riv\u00e9 des feuilles s\u00e9ch\u00e9es de\u00a0<em>Crataegus pinnatifida<\/em>\u00a0Bge. var.\u00a0<em>majeur<\/em>\u00a0NEBr. ou\u00a0<em>Crataegus pinnatifida<\/em>\u00a0Bge. (famille des Rosac\u00e9es)<\/li>\n<li><strong>Apparence<\/strong>:Poudre brune<\/li>\n<li><strong>M\u00e9thode d&#039;essai<\/strong>:HPLC\/UV<\/li>\n<li><strong>Forme posologique d&#039;application<\/strong>: Extrait de plante<\/li>\n<li><strong>D\u00e9lai d&#039;approvisionnement<\/strong>:Disponible toute l&#039;ann\u00e9e<\/li>\n<\/ul>\n<h3 class=\"header-vfC6AV auto-hide-last-sibling-br\">Conditions d&#039;achat<\/h3>\n<ul class=\"auto-hide-last-sibling-br\">\n<li><strong>M\u00e9thode d&#039;emballage<\/strong>: 25 kg\/f\u00fbt en carton ou sac en aluminium<\/li>\n<li><strong>Conditions de stockage<\/strong>:Doit \u00eatre scell\u00e9 et prot\u00e9g\u00e9 de la lumi\u00e8re ; conserv\u00e9 dans un endroit sec, frais et bien ventil\u00e9<\/li>\n<li><strong>Dur\u00e9e de conservation<\/strong>: 2 ans<\/li>\n<li><strong>Exemple de disposition<\/strong>:En g\u00e9n\u00e9ral, 5 \u00e0 20 g de petits \u00e9chantillons sont fournis pour la plupart des produits\u00a0; des frais d&#039;\u00e9chantillons peuvent s&#039;appliquer \u00e0 certains produits.<\/li>\n<li><strong>Emballage du produit<\/strong>:F\u00fbt en carton ou sac en aluminium (emballage personnalisable disponible sur demande du client)<\/li>\n<li><strong>D\u00e9lai de livraison<\/strong>: Les produits non personnalis\u00e9s seront exp\u00e9di\u00e9s dans les 48 heures ; le d\u00e9lai de livraison des produits personnalis\u00e9s sera ajust\u00e9 en fonction des besoins r\u00e9els.<\/li>\n<li><strong>Mode de transport<\/strong>:Logistique express nationale ; le prix indiqu\u00e9 comprend les frais de transport.<\/li>\n<\/ul>","protected":false},"featured_media":9794,"comment_status":"closed","ping_status":"closed","template":"","meta":[],"product_brand":[],"product_cat":[17,23],"product_tag":[],"class_list":{"0":"post-9793","1":"product","2":"type-product","3":"status-publish","4":"has-post-thumbnail","6":"product_cat-plant-extract","7":"product_cat-standard-extract","9":"first","10":"instock","11":"shipping-taxable","12":"product-type-simple"},"_links":{"self":[{"href":"https:\/\/www.hvbio.com\/fr\/wp-json\/wp\/v2\/product\/9793","targetHints":{"allow":["GET"]}}],"collection":[{"href":"https:\/\/www.hvbio.com\/fr\/wp-json\/wp\/v2\/product"}],"about":[{"href":"https:\/\/www.hvbio.com\/fr\/wp-json\/wp\/v2\/types\/product"}],"replies":[{"embeddable":true,"href":"https:\/\/www.hvbio.com\/fr\/wp-json\/wp\/v2\/comments?post=9793"}],"wp:featuredmedia":[{"embeddable":true,"href":"https:\/\/www.hvbio.com\/fr\/wp-json\/wp\/v2\/media\/9794"}],"wp:attachment":[{"href":"https:\/\/www.hvbio.com\/fr\/wp-json\/wp\/v2\/media?parent=9793"}],"wp:term":[{"taxonomy":"product_brand","embeddable":true,"href":"https:\/\/www.hvbio.com\/fr\/wp-json\/wp\/v2\/product_brand?post=9793"},{"taxonomy":"product_cat","embeddable":true,"href":"https:\/\/www.hvbio.com\/fr\/wp-json\/wp\/v2\/product_cat?post=9793"},{"taxonomy":"product_tag","embeddable":true,"href":"https:\/\/www.hvbio.com\/fr\/wp-json\/wp\/v2\/product_tag?post=9793"}],"curies":[{"name":"wp","href":"https:\/\/api.w.org\/{rel}","templated":true}]}}