{"id":9798,"date":"2025-08-22T11:46:05","date_gmt":"2025-08-22T03:46:05","guid":{"rendered":"https:\/\/www.hvbio.com\/?post_type=product&#038;p=9798"},"modified":"2025-08-22T11:46:05","modified_gmt":"2025-08-22T03:46:05","slug":"hypericin-0-3","status":"publish","type":"product","link":"https:\/\/www.hvbio.com\/fr\/produit\/hypericin-0-3\/","title":{"rendered":"Hyp\u00e9ricine 0,3%"},"content":{"rendered":"<table style=\"height: 353px;\" width=\"1062\">\n<thead>\n<tr>\n<th>Article<\/th>\n<th>D\u00e9tails<\/th>\n<\/tr>\n<\/thead>\n<tbody>\n<tr>\n<td>Nom du produit<\/td>\n<td>Hyp\u00e9ricine 0,3%<\/td>\n<\/tr>\n<tr>\n<td>Ingr\u00e9dient principal<\/td>\n<td>Hypericin<\/td>\n<\/tr>\n<tr>\n<td>Source d&#039;extraction<\/td>\n<td>Hypericum perforatum (St. John&#8217;s Wort)<\/td>\n<\/tr>\n<tr>\n<td>Apparence<\/td>\n<td>Poudre brun fonc\u00e9<\/td>\n<\/tr>\n<tr>\n<td>M\u00e9thode de d\u00e9tection<\/td>\n<td>HPLC<\/td>\n<\/tr>\n<tr>\n<td>Forme posologique d&#039;application<\/td>\n<td>Extensive<\/td>\n<\/tr>\n<tr>\n<td>D\u00e9lai d&#039;approvisionnement<\/td>\n<td>All year round<\/td>\n<\/tr>\n<tr>\n<td>Stockage<\/td>\n<td>Conserver dans un r\u00e9cipient herm\u00e9tique, dans un endroit frais, sec et sombre, \u00e0 l&#039;abri de la chaleur et de l&#039;humidit\u00e9.<\/td>\n<\/tr>\n<tr>\n<td>Dur\u00e9e de conservation<\/td>\n<td>Deux ans<\/td>\n<\/tr>\n<\/tbody>\n<\/table>","protected":false},"excerpt":{"rendered":"<h4 class=\"header-vfC6AV auto-hide-last-sibling-br\">Product Name: Hypericin 0.3%<\/h4>\n<ul class=\"auto-hide-last-sibling-br\">\n<li><strong>Ingr\u00e9dient principal<\/strong>: Hypericin<\/li>\n<li><strong>Source d&#039;extraction<\/strong>: St. John&#8217;s Wort (Hypericum perforatum L.)<\/li>\n<li><strong>Apparence<\/strong>: Dark brown powder<\/li>\n<li><strong>M\u00e9thode de d\u00e9tection<\/strong>:HPLC (Chromatographie liquide haute performance)<\/li>\n<li><strong>Formes posologiques d&#039;application<\/strong>: Large gamme d&#039;applications<\/li>\n<li><strong>D\u00e9lai d&#039;approvisionnement<\/strong>: Available throughout the year<\/li>\n<\/ul>\n<h4 class=\"header-vfC6AV auto-hide-last-sibling-br\">Notes d&#039;achat<\/h4>\n<ul class=\"auto-hide-last-sibling-br\">\n<li><strong>M\u00e9thode d&#039;emballage<\/strong>: 25 kg par f\u00fbt en fibre ou sac en aluminium<\/li>\n<li><strong>Conditions de stockage<\/strong>:Doit \u00eatre scell\u00e9 et prot\u00e9g\u00e9 de la lumi\u00e8re ; conserv\u00e9 dans un endroit sec, frais et bien ventil\u00e9<\/li>\n<li><strong>Dur\u00e9e de conservation<\/strong>: 2 ans<\/li>\n<li><strong>Exemple de disposition<\/strong>: Generally, 5-20g of sample is provided for most products; sample fee is charged for some products.<\/li>\n<li><strong>Emballage du produit<\/strong>: Packaged in fiber drums or aluminum foil bags (customizable per customer requirements)<\/li>\n<li><strong>D\u00e9lai de livraison<\/strong>: Les produits non personnalis\u00e9s sont exp\u00e9di\u00e9s dans les 48 heures ; le d\u00e9lai de livraison des produits personnalis\u00e9s est ajust\u00e9 en fonction des besoins r\u00e9els.<\/li>\n<li><strong>Mode de transport<\/strong>:Logistique express nationale ; le prix indiqu\u00e9 comprend les frais de transport.<\/li>\n<\/ul>","protected":false},"featured_media":9799,"comment_status":"closed","ping_status":"closed","template":"","meta":[],"product_brand":[],"product_cat":[17,23],"product_tag":[],"class_list":{"0":"post-9798","1":"product","2":"type-product","3":"status-publish","4":"has-post-thumbnail","6":"product_cat-plant-extract","7":"product_cat-standard-extract","9":"first","10":"instock","11":"shipping-taxable","12":"product-type-simple"},"_links":{"self":[{"href":"https:\/\/www.hvbio.com\/fr\/wp-json\/wp\/v2\/product\/9798","targetHints":{"allow":["GET"]}}],"collection":[{"href":"https:\/\/www.hvbio.com\/fr\/wp-json\/wp\/v2\/product"}],"about":[{"href":"https:\/\/www.hvbio.com\/fr\/wp-json\/wp\/v2\/types\/product"}],"replies":[{"embeddable":true,"href":"https:\/\/www.hvbio.com\/fr\/wp-json\/wp\/v2\/comments?post=9798"}],"wp:featuredmedia":[{"embeddable":true,"href":"https:\/\/www.hvbio.com\/fr\/wp-json\/wp\/v2\/media\/9799"}],"wp:attachment":[{"href":"https:\/\/www.hvbio.com\/fr\/wp-json\/wp\/v2\/media?parent=9798"}],"wp:term":[{"taxonomy":"product_brand","embeddable":true,"href":"https:\/\/www.hvbio.com\/fr\/wp-json\/wp\/v2\/product_brand?post=9798"},{"taxonomy":"product_cat","embeddable":true,"href":"https:\/\/www.hvbio.com\/fr\/wp-json\/wp\/v2\/product_cat?post=9798"},{"taxonomy":"product_tag","embeddable":true,"href":"https:\/\/www.hvbio.com\/fr\/wp-json\/wp\/v2\/product_tag?post=9798"}],"curies":[{"name":"wp","href":"https:\/\/api.w.org\/{rel}","templated":true}]}}