{"id":9811,"date":"2025-08-22T14:19:31","date_gmt":"2025-08-22T06:19:31","guid":{"rendered":"https:\/\/www.hvbio.com\/?post_type=product&#038;p=9811"},"modified":"2025-08-22T14:19:31","modified_gmt":"2025-08-22T06:19:31","slug":"ligustilide-1","status":"publish","type":"product","link":"https:\/\/www.hvbio.com\/fr\/produit\/ligustilide-1\/","title":{"rendered":"\u00a0Ligustilide 1%"},"content":{"rendered":"<table style=\"height: 394px;\" width=\"965\">\n<tbody>\n<tr>\n<td>Nom du produit<\/td>\n<td>\u00a0Ligustilide 1%<\/td>\n<\/tr>\n<tr>\n<td>Composant principal<\/td>\n<td>Ligustilide<\/td>\n<\/tr>\n<tr>\n<td>Source d&#039;extraction<\/td>\n<td>Les racines s\u00e9ch\u00e9es d&#039;Angelica sinensis, une plante de la famille des Ombellif\u00e8res<\/td>\n<\/tr>\n<tr>\n<td>Apparence<\/td>\n<td>Poudre brun jaun\u00e2tre<\/td>\n<\/tr>\n<tr>\n<td>M\u00e9thode de d\u00e9tection<\/td>\n<td>HPLC<\/td>\n<\/tr>\n<tr>\n<td>Formulaires de demande<\/td>\n<td>R\u00e9pandu<\/td>\n<\/tr>\n<tr>\n<td>D\u00e9lai d&#039;approvisionnement<\/td>\n<td>Tout au long de l&#039;ann\u00e9e<\/td>\n<\/tr>\n<tr>\n<td>Stockage<\/td>\n<td>Conserver dans un r\u00e9cipient herm\u00e9tique, dans un endroit frais, sec et sombre, \u00e0 l&#039;abri des sources de chaleur et de l&#039;humidit\u00e9.<\/td>\n<\/tr>\n<tr>\n<td>Dur\u00e9e de conservation<\/td>\n<td>Deux ans<\/td>\n<\/tr>\n<\/tbody>\n<\/table>","protected":false},"excerpt":{"rendered":"<h4 class=\"header-vfC6AV auto-hide-last-sibling-br\">Nom du produit : Ligustilide 1%<\/h4>\n<ul class=\"auto-hide-last-sibling-br\">\n<li><strong>Ingr\u00e9dient principal<\/strong>: Ligustilide<\/li>\n<li><strong>Source d&#039;extraction<\/strong>: Principalement extrait des racines s\u00e9ch\u00e9es de\u00a0<em>Ang\u00e9lique sinensis<\/em>\u00a0(Oliv.) Diels, une plante de la famille des Apiac\u00e9es.<\/li>\n<li><strong>Apparence<\/strong>: Poudre jaune gingembre<\/li>\n<li><strong>M\u00e9thode de d\u00e9tection<\/strong>: HPLC<\/li>\n<li><strong>Formes posologiques d&#039;application<\/strong>: Large gamme d&#039;applications<\/li>\n<li><strong>D\u00e9lai d&#039;approvisionnement<\/strong>:Disponible toute l&#039;ann\u00e9e<\/li>\n<\/ul>\n<h4 class=\"header-vfC6AV auto-hide-last-sibling-br\">Instructions d&#039;achat<\/h4>\n<ul class=\"auto-hide-last-sibling-br\">\n<li><strong>M\u00e9thode d&#039;emballage<\/strong>: 25 kg par f\u00fbt en fibre ou sac en aluminium<\/li>\n<li><strong>Conditions de stockage<\/strong>:Doit \u00eatre scell\u00e9 et prot\u00e9g\u00e9 de la lumi\u00e8re, stock\u00e9 dans un endroit sec, frais et bien ventil\u00e9<\/li>\n<li><strong>Dur\u00e9e de conservation<\/strong>: 2 ans<\/li>\n<li><strong>Exemple de disposition<\/strong>:En g\u00e9n\u00e9ral, des \u00e9chantillons de 5 \u00e0 20 g sont fournis pour la plupart des produits\u00a0; des frais d&#039;\u00e9chantillons peuvent s&#039;appliquer \u00e0 certains produits.<\/li>\n<li><strong>Emballage du produit<\/strong>:Emball\u00e9 dans des f\u00fbts en fibre ou des sacs en aluminium (emballage personnalis\u00e9 disponible sur demande du client)<\/li>\n<li><strong>D\u00e9lai de livraison<\/strong>: Les produits non personnalis\u00e9s seront exp\u00e9di\u00e9s dans les 48 heures ; le d\u00e9lai de livraison des produits personnalis\u00e9s sera ajust\u00e9 en fonction des besoins r\u00e9els.<\/li>\n<li><strong>Mode de transport<\/strong>:Livraison express nationale\/logistique ; le prix indiqu\u00e9 comprend les frais de transport.<\/li>\n<\/ul>","protected":false},"featured_media":9812,"comment_status":"closed","ping_status":"closed","template":"","meta":[],"product_brand":[],"product_cat":[17,23],"product_tag":[],"class_list":{"0":"post-9811","1":"product","2":"type-product","3":"status-publish","4":"has-post-thumbnail","6":"product_cat-plant-extract","7":"product_cat-standard-extract","9":"first","10":"instock","11":"shipping-taxable","12":"product-type-simple"},"_links":{"self":[{"href":"https:\/\/www.hvbio.com\/fr\/wp-json\/wp\/v2\/product\/9811","targetHints":{"allow":["GET"]}}],"collection":[{"href":"https:\/\/www.hvbio.com\/fr\/wp-json\/wp\/v2\/product"}],"about":[{"href":"https:\/\/www.hvbio.com\/fr\/wp-json\/wp\/v2\/types\/product"}],"replies":[{"embeddable":true,"href":"https:\/\/www.hvbio.com\/fr\/wp-json\/wp\/v2\/comments?post=9811"}],"wp:featuredmedia":[{"embeddable":true,"href":"https:\/\/www.hvbio.com\/fr\/wp-json\/wp\/v2\/media\/9812"}],"wp:attachment":[{"href":"https:\/\/www.hvbio.com\/fr\/wp-json\/wp\/v2\/media?parent=9811"}],"wp:term":[{"taxonomy":"product_brand","embeddable":true,"href":"https:\/\/www.hvbio.com\/fr\/wp-json\/wp\/v2\/product_brand?post=9811"},{"taxonomy":"product_cat","embeddable":true,"href":"https:\/\/www.hvbio.com\/fr\/wp-json\/wp\/v2\/product_cat?post=9811"},{"taxonomy":"product_tag","embeddable":true,"href":"https:\/\/www.hvbio.com\/fr\/wp-json\/wp\/v2\/product_tag?post=9811"}],"curies":[{"name":"wp","href":"https:\/\/api.w.org\/{rel}","templated":true}]}}