{"id":9817,"date":"2025-08-22T14:35:02","date_gmt":"2025-08-22T06:35:02","guid":{"rendered":"https:\/\/www.hvbio.com\/?post_type=product&#038;p=9817"},"modified":"2025-08-22T14:35:02","modified_gmt":"2025-08-22T06:35:02","slug":"tribulus-terrestris-saponins-40","status":"publish","type":"product","link":"https:\/\/www.hvbio.com\/fr\/produit\/tribulus-terrestris-saponins-40\/","title":{"rendered":"Saponines de Tribulus Terrestris 40%"},"content":{"rendered":"<table style=\"height: 326px;\" width=\"1095\">\n<thead>\n<tr>\n<th><strong>Article<\/strong><\/th>\n<th><strong>Description<\/strong><\/th>\n<\/tr>\n<\/thead>\n<tbody>\n<tr>\n<td>Nom du produit<\/td>\n<td>Saponines de Tribulus Terrestris 40%<\/td>\n<\/tr>\n<tr>\n<td>Ingr\u00e9dient principal<\/td>\n<td>Compos\u00e9s de saponines st\u00e9ro\u00efdiennes<\/td>\n<\/tr>\n<tr>\n<td>Source d&#039;extraction<\/td>\n<td>Principalement \u00e0 partir des fruits m\u00fbrs s\u00e9ch\u00e9s de\u00a0<em>Tribulus terrestris<\/em>\u00a0L. (famille des Zygophyllac\u00e9es)<\/td>\n<\/tr>\n<tr>\n<td>Apparence<\/td>\n<td>Poudre brune<\/td>\n<\/tr>\n<tr>\n<td>M\u00e9thode de d\u00e9tection<\/td>\n<td>HPLC\/UV<\/td>\n<\/tr>\n<tr>\n<td>Formes posologiques d&#039;application<\/td>\n<td>Large gamme d&#039;applications<\/td>\n<\/tr>\n<tr>\n<td>D\u00e9lai d&#039;approvisionnement<\/td>\n<td>Disponible toute l&#039;ann\u00e9e<\/td>\n<\/tr>\n<tr>\n<td>Conditions de stockage<\/td>\n<td>Conserver dans un r\u00e9cipient herm\u00e9tiquement ferm\u00e9, dans un endroit frais, sec et \u00e0 l&#039;abri de la lumi\u00e8re, \u00e0 l&#039;abri des sources de chaleur et des environnements humides.<\/td>\n<\/tr>\n<tr>\n<td>Dur\u00e9e de conservation<\/td>\n<td>Deux ans<\/td>\n<\/tr>\n<\/tbody>\n<\/table>","protected":false},"excerpt":{"rendered":"<h3 class=\"header-vfC6AV auto-hide-last-sibling-br\">Nom du produit : Tribulus Terrestris Saponines 40%<\/h3>\n<ul class=\"auto-hide-last-sibling-br\">\n<li><strong>Ingr\u00e9dients principaux<\/strong>: Compos\u00e9s de saponine st\u00e9ro\u00efdienne<\/li>\n<li><strong>Source d&#039;extraction<\/strong>: Principalement les fruits s\u00e9ch\u00e9s et m\u00fbrs de\u00a0<em>Tribulus terrestris<\/em>\u00a0L. (une plante de la famille des Zygophyllac\u00e9es)<\/li>\n<li><strong>Apparence<\/strong>:Poudre brune<\/li>\n<li><strong>M\u00e9thode d&#039;essai<\/strong>:HPLC\/UV<\/li>\n<li><strong>Formes posologiques d&#039;application<\/strong>: Large gamme<\/li>\n<li><strong>D\u00e9lai d&#039;approvisionnement<\/strong>:Toute l&#039;ann\u00e9e<\/li>\n<\/ul>\n<h1 class=\"header-vfC6AV auto-hide-last-sibling-br\">Notes d&#039;achat<\/h1>\n<ul class=\"auto-hide-last-sibling-br\">\n<li><strong>M\u00e9thode d&#039;emballage<\/strong>: 25 kg par f\u00fbt en papier ou sac en aluminium<\/li>\n<li><strong>Conditions de stockage<\/strong>:Doit \u00eatre scell\u00e9 et prot\u00e9g\u00e9 de la lumi\u00e8re ; conserv\u00e9 dans un endroit sec, frais et bien ventil\u00e9<\/li>\n<li><strong>Dur\u00e9e de conservation<\/strong>: 2 ans<\/li>\n<li><strong>Exemple de disposition<\/strong>:En g\u00e9n\u00e9ral, 5 \u00e0 20 g de petits \u00e9chantillons sont fournis pour la plupart des produits\u00a0; des frais d&#039;\u00e9chantillons sont factur\u00e9s pour certains produits.<\/li>\n<li><strong>Emballage du produit<\/strong>:Emball\u00e9 dans des f\u00fbts en papier ou des sacs en aluminium (personnalisables selon les exigences du client)<\/li>\n<li><strong>D\u00e9lai de livraison<\/strong>: Les produits non personnalis\u00e9s sont exp\u00e9di\u00e9s dans les 48 heures ; le d\u00e9lai de livraison des produits personnalis\u00e9s est ajust\u00e9 en fonction des besoins r\u00e9els.<\/li>\n<li><strong>Mode de transport<\/strong>:Logistique express nationale ; le devis comprend les frais de transport.<\/li>\n<\/ul>","protected":false},"featured_media":9819,"comment_status":"closed","ping_status":"closed","template":"","meta":[],"product_brand":[],"product_cat":[17,23],"product_tag":[],"class_list":{"0":"post-9817","1":"product","2":"type-product","3":"status-publish","4":"has-post-thumbnail","6":"product_cat-plant-extract","7":"product_cat-standard-extract","9":"first","10":"instock","11":"shipping-taxable","12":"product-type-simple"},"_links":{"self":[{"href":"https:\/\/www.hvbio.com\/fr\/wp-json\/wp\/v2\/product\/9817","targetHints":{"allow":["GET"]}}],"collection":[{"href":"https:\/\/www.hvbio.com\/fr\/wp-json\/wp\/v2\/product"}],"about":[{"href":"https:\/\/www.hvbio.com\/fr\/wp-json\/wp\/v2\/types\/product"}],"replies":[{"embeddable":true,"href":"https:\/\/www.hvbio.com\/fr\/wp-json\/wp\/v2\/comments?post=9817"}],"wp:featuredmedia":[{"embeddable":true,"href":"https:\/\/www.hvbio.com\/fr\/wp-json\/wp\/v2\/media\/9819"}],"wp:attachment":[{"href":"https:\/\/www.hvbio.com\/fr\/wp-json\/wp\/v2\/media?parent=9817"}],"wp:term":[{"taxonomy":"product_brand","embeddable":true,"href":"https:\/\/www.hvbio.com\/fr\/wp-json\/wp\/v2\/product_brand?post=9817"},{"taxonomy":"product_cat","embeddable":true,"href":"https:\/\/www.hvbio.com\/fr\/wp-json\/wp\/v2\/product_cat?post=9817"},{"taxonomy":"product_tag","embeddable":true,"href":"https:\/\/www.hvbio.com\/fr\/wp-json\/wp\/v2\/product_tag?post=9817"}],"curies":[{"name":"wp","href":"https:\/\/api.w.org\/{rel}","templated":true}]}}