{"id":9826,"date":"2025-08-26T14:19:36","date_gmt":"2025-08-26T06:19:36","guid":{"rendered":"https:\/\/www.hvbio.com\/?post_type=product&#038;p=9826"},"modified":"2025-08-26T14:21:52","modified_gmt":"2025-08-26T06:21:52","slug":"mugwort-leaf-extract","status":"publish","type":"product","link":"https:\/\/www.hvbio.com\/fr\/produit\/mugwort-leaf-extract\/","title":{"rendered":"Extrait de feuille d&#039;armoise"},"content":{"rendered":"<table style=\"height: 385px;\" width=\"1115\">\n<thead>\n<tr>\n<th>Article<\/th>\n<th>Contenu<\/th>\n<\/tr>\n<\/thead>\n<tbody>\n<tr>\n<td><strong>Nom du produit<\/strong><\/td>\n<td>Extrait de feuille d&#039;armoise\/extrait d&#039;Ai Ye<\/td>\n<\/tr>\n<tr>\n<td><strong>Ingr\u00e9dients principaux<\/strong><\/td>\n<td>Compos\u00e9s p\u00e9troliers volatils<\/td>\n<\/tr>\n<tr>\n<td><strong>Source d&#039;extraction<\/strong><\/td>\n<td>La mati\u00e8re premi\u00e8re de l&#039;extrait de feuille d&#039;armoise est d\u00e9riv\u00e9e des feuilles s\u00e9ch\u00e9es de\u00a0<em>Artemisia argyi<\/em>\u00a0(Ai Ye)<\/td>\n<\/tr>\n<tr>\n<td><strong>Apparence<\/strong><\/td>\n<td>Poudre brune<\/td>\n<\/tr>\n<tr>\n<td><strong>M\u00e9thode de d\u00e9tection<\/strong><\/td>\n<td>CCM (chromatographie sur couche mince)<\/td>\n<\/tr>\n<tr>\n<td><strong>Formes posologiques d&#039;application<\/strong><\/td>\n<td>Large gamme (par exemple, capsules, comprim\u00e9s, pommades, cosm\u00e9tiques, produits de sant\u00e9)<\/td>\n<\/tr>\n<tr>\n<td><strong>D\u00e9lai d&#039;approvisionnement<\/strong><\/td>\n<td>Toute l&#039;ann\u00e9e<\/td>\n<\/tr>\n<tr>\n<td><strong>Stockage<\/strong><\/td>\n<td>Conserver dans un r\u00e9cipient herm\u00e9tique, placer dans un endroit frais, sec et sombre, et tenir \u00e0 l&#039;\u00e9cart des sources de chaleur et des environnements humides.<\/td>\n<\/tr>\n<tr>\n<td><strong>Dur\u00e9e de conservation<\/strong><\/td>\n<td>2 ans<\/td>\n<\/tr>\n<\/tbody>\n<\/table>","protected":false},"excerpt":{"rendered":"<h4 class=\"header-vfC6AV auto-hide-last-sibling-br\">Nom du produit : Extrait de feuille d&#039;armoise<\/h4>\n<h4 class=\"header-vfC6AV auto-hide-last-sibling-br\">Ingr\u00e9dients principaux : huiles volatiles<\/h4>\n<h4 class=\"header-vfC6AV auto-hide-last-sibling-br\">Source d&#039;extraction : La mati\u00e8re premi\u00e8re de l&#039;extrait de feuille d&#039;armoise est constitu\u00e9e des feuilles s\u00e9ch\u00e9es d&#039;armoise (Artemisia argyi).<\/h4>\n<h4 class=\"header-vfC6AV auto-hide-last-sibling-br\">Aspect : Poudre brune<\/h4>\n<h4 class=\"header-vfC6AV auto-hide-last-sibling-br\">M\u00e9thode de d\u00e9tection : CCM (chromatographie sur couche mince)<\/h4>\n<h4 class=\"header-vfC6AV auto-hide-last-sibling-br\">Formes posologiques d&#039;application : Large gamme<\/h4>\n<h4 class=\"header-vfC6AV auto-hide-last-sibling-br\">P\u00e9riode d&#039;approvisionnement : Toute l&#039;ann\u00e9e<\/h4>\n<h4 class=\"header-vfC6AV auto-hide-last-sibling-br\">Instructions d&#039;achat<\/h4>\n<ul class=\"auto-hide-last-sibling-br\">\n<li>\n<h4>\u3010M\u00e9thode d&#039;emballage\u301125 kg par f\u00fbt en carton ou sac en aluminium<\/h4>\n<\/li>\n<li>\n<h4>\u3010Conditions de stockage\u3011Doit \u00eatre scell\u00e9 et prot\u00e9g\u00e9 de la lumi\u00e8re, stock\u00e9 dans un endroit sec, frais et bien ventil\u00e9<\/h4>\n<\/li>\n<li>\n<h4>\u3010Dur\u00e9e de conservation\u30112 ans<\/h4>\n<\/li>\n<li>\n<h4>\u3010Fourniture d&#039;\u00e9chantillons\u3011En g\u00e9n\u00e9ral, 5 \u00e0 20 g de petits \u00e9chantillons sont fournis pour les produits ; des frais d&#039;\u00e9chantillons sont factur\u00e9s pour certains produits.<\/h4>\n<\/li>\n<li>\n<h4>\u3010Emballage du produit\u3011Emball\u00e9 dans des f\u00fbts en carton ou des sacs en aluminium (emballage personnalis\u00e9 disponible sur demande du client)<\/h4>\n<\/li>\n<li>\n<h4>\u3010D\u00e9lai de livraison\u3011Les produits non personnalis\u00e9s seront exp\u00e9di\u00e9s dans les 48 heures ; le d\u00e9lai de livraison des produits personnalis\u00e9s sera ajust\u00e9 en fonction des besoins r\u00e9els.<\/h4>\n<\/li>\n<li>\n<h4>\u3010M\u00e9thode d&#039;emballage\u301125 kg par f\u00fbt en carton ou sac en aluminium ; l&#039;emballage peut \u00eatre ajust\u00e9 en fonction des circonstances r\u00e9elles.<\/h4>\n<\/li>\n<li>\n<h4>\u3010Mode de transport\u3011Livraison express nationale ou logistique ; le prix indiqu\u00e9 comprend les frais de transport.<\/h4>\n<\/li>\n<li>\n<h4>\u3010Conditions de stockage\u3011Scell\u00e9 et prot\u00e9g\u00e9 de la lumi\u00e8re, stock\u00e9 dans un endroit sec, frais et bien ventil\u00e9<\/h4>\n<\/li>\n<\/ul>","protected":false},"featured_media":9827,"comment_status":"closed","ping_status":"closed","template":"","meta":[],"product_brand":[],"product_cat":[17,24],"product_tag":[],"class_list":{"0":"post-9826","1":"product","2":"type-product","3":"status-publish","4":"has-post-thumbnail","6":"product_cat-plant-extract","7":"product_cat-ratio-extract","9":"first","10":"instock","11":"shipping-taxable","12":"product-type-simple"},"_links":{"self":[{"href":"https:\/\/www.hvbio.com\/fr\/wp-json\/wp\/v2\/product\/9826","targetHints":{"allow":["GET"]}}],"collection":[{"href":"https:\/\/www.hvbio.com\/fr\/wp-json\/wp\/v2\/product"}],"about":[{"href":"https:\/\/www.hvbio.com\/fr\/wp-json\/wp\/v2\/types\/product"}],"replies":[{"embeddable":true,"href":"https:\/\/www.hvbio.com\/fr\/wp-json\/wp\/v2\/comments?post=9826"}],"wp:featuredmedia":[{"embeddable":true,"href":"https:\/\/www.hvbio.com\/fr\/wp-json\/wp\/v2\/media\/9827"}],"wp:attachment":[{"href":"https:\/\/www.hvbio.com\/fr\/wp-json\/wp\/v2\/media?parent=9826"}],"wp:term":[{"taxonomy":"product_brand","embeddable":true,"href":"https:\/\/www.hvbio.com\/fr\/wp-json\/wp\/v2\/product_brand?post=9826"},{"taxonomy":"product_cat","embeddable":true,"href":"https:\/\/www.hvbio.com\/fr\/wp-json\/wp\/v2\/product_cat?post=9826"},{"taxonomy":"product_tag","embeddable":true,"href":"https:\/\/www.hvbio.com\/fr\/wp-json\/wp\/v2\/product_tag?post=9826"}],"curies":[{"name":"wp","href":"https:\/\/api.w.org\/{rel}","templated":true}]}}