{"id":9840,"date":"2025-08-26T15:00:59","date_gmt":"2025-08-26T07:00:59","guid":{"rendered":"https:\/\/www.hvbio.com\/?post_type=product&#038;p=9840"},"modified":"2025-08-26T15:01:18","modified_gmt":"2025-08-26T07:01:18","slug":"zucchini-powder","status":"publish","type":"product","link":"https:\/\/www.hvbio.com\/fr\/produit\/zucchini-powder\/","title":{"rendered":"Poudre de courgette"},"content":{"rendered":"<table>\n<tbody>\n<tr>\n<td>Nom du produit<\/td>\n<td>Poudre de courgette<\/td>\n<\/tr>\n<tr>\n<td>Source v\u00e9g\u00e9tale<\/td>\n<td>Le fruit tendre de\u00a0<em>Cucurbita pepo<\/em>\u00a0L. (courgette), une plante du genre\u00a0<em>Cucurbita<\/em>\u00a0dans la famille des Cucurbitac\u00e9es.<\/td>\n<\/tr>\n<tr>\n<td>Ingr\u00e9dients actifs<\/td>\n<td>Contient du carot\u00e8ne, du potassium, de la vitamine C, du phosphore, du calcium, ainsi que de petites quantit\u00e9s de riboflavine, de niacine, de thiamine, de glucides et d\u2019autres nutriments.<\/td>\n<\/tr>\n<tr>\n<td>Caract\u00e8re du produit<\/td>\n<td>Poudre fine jaune<\/td>\n<\/tr>\n<tr>\n<td>M\u00e9thode de d\u00e9tection<\/td>\n<td>TLC<\/td>\n<\/tr>\n<tr>\n<td>M\u00e9thode de stockage<\/td>\n<td>Fermer herm\u00e9tiquement et conserver dans un endroit frais et sec, \u00e0 l&#039;abri de l&#039;humidit\u00e9 et des mites.<\/td>\n<\/tr>\n<tr>\n<td>Emballage du produit<\/td>\n<td>25 kg\/f\u00fbt en carton ; 1 kg\/sac en aluminium<\/td>\n<\/tr>\n<\/tbody>\n<\/table>","protected":false},"excerpt":{"rendered":"<p>La poudre de courgette est issue des jeunes fruits de la courgette, une plante appartenant \u00e0 la famille des Cucurbitac\u00e9es et au genre Cucurbita. Elle contient divers nutriments tels que le b\u00eata-carot\u00e8ne, le potassium, la vitamine C, le phosphore, le calcium, la riboflavine, l&#039;acide chlorhydrique, la thiamine et les glucides.<\/p>\n<p>&nbsp;<\/p>","protected":false},"featured_media":9845,"comment_status":"closed","ping_status":"closed","template":"","meta":[],"product_brand":[],"product_cat":[18,19],"product_tag":[39],"class_list":{"0":"post-9840","1":"product","2":"type-product","3":"status-publish","4":"has-post-thumbnail","6":"product_cat-fruit-and-vegetable-powder","7":"product_cat-vegetable-powders","8":"product_tag-zucchini-powder","10":"first","11":"instock","12":"shipping-taxable","13":"product-type-simple"},"_links":{"self":[{"href":"https:\/\/www.hvbio.com\/fr\/wp-json\/wp\/v2\/product\/9840","targetHints":{"allow":["GET"]}}],"collection":[{"href":"https:\/\/www.hvbio.com\/fr\/wp-json\/wp\/v2\/product"}],"about":[{"href":"https:\/\/www.hvbio.com\/fr\/wp-json\/wp\/v2\/types\/product"}],"replies":[{"embeddable":true,"href":"https:\/\/www.hvbio.com\/fr\/wp-json\/wp\/v2\/comments?post=9840"}],"wp:featuredmedia":[{"embeddable":true,"href":"https:\/\/www.hvbio.com\/fr\/wp-json\/wp\/v2\/media\/9845"}],"wp:attachment":[{"href":"https:\/\/www.hvbio.com\/fr\/wp-json\/wp\/v2\/media?parent=9840"}],"wp:term":[{"taxonomy":"product_brand","embeddable":true,"href":"https:\/\/www.hvbio.com\/fr\/wp-json\/wp\/v2\/product_brand?post=9840"},{"taxonomy":"product_cat","embeddable":true,"href":"https:\/\/www.hvbio.com\/fr\/wp-json\/wp\/v2\/product_cat?post=9840"},{"taxonomy":"product_tag","embeddable":true,"href":"https:\/\/www.hvbio.com\/fr\/wp-json\/wp\/v2\/product_tag?post=9840"}],"curies":[{"name":"wp","href":"https:\/\/api.w.org\/{rel}","templated":true}]}}