{"id":9854,"date":"2025-08-26T16:05:57","date_gmt":"2025-08-26T08:05:57","guid":{"rendered":"https:\/\/www.hvbio.com\/?post_type=product&#038;p=9854"},"modified":"2025-08-26T16:05:57","modified_gmt":"2025-08-26T08:05:57","slug":"stellera-chamaejasme-extract","status":"publish","type":"product","link":"https:\/\/www.hvbio.com\/fr\/produit\/stellera-chamaejasme-extract\/","title":{"rendered":"Extrait de Stellera Chamaejasme"},"content":{"rendered":"<table>\n<thead>\n<tr>\n<th>Article<\/th>\n<th>D\u00e9tails<\/th>\n<\/tr>\n<\/thead>\n<tbody>\n<tr>\n<td><strong>Nom du produit<\/strong><\/td>\n<td>Extrait de Stellera Chamaejasme<\/td>\n<\/tr>\n<tr>\n<td><strong>Alias<\/strong><\/td>\n<td>Langdu Geda, Langdu, Maoyanjing (\u0152il de chat), Shan Hongluo (Carotte de montagne)<\/td>\n<\/tr>\n<tr>\n<td><strong>Apparence du produit<\/strong><\/td>\n<td>Poudre fine brune<\/td>\n<\/tr>\n<tr>\n<td><strong>Conditionnement<\/strong><\/td>\n<td>\u2013 Pour \u22645KG\u00a0: Emballage double en plastique avec emballage ext\u00e9rieur en feuille d\u2019aluminium.<br class=\"container-utlnW2 wrapper-d0Cc1k undefined\" \/>\u2013 Pour \u226525KG\u00a0: Emballage en f\u00fbt de papier.<br class=\"container-utlnW2 wrapper-d0Cc1k undefined\" \/>Conditionnement standard : f\u00fbt de 25 kg<\/td>\n<\/tr>\n<tr>\n<td><strong>Conditions de stockage<\/strong><\/td>\n<td>Doit \u00eatre scell\u00e9 et prot\u00e9g\u00e9 de la lumi\u00e8re ; conserv\u00e9 dans un endroit sec, frais et bien ventil\u00e9.<br class=\"container-utlnW2 wrapper-d0Cc1k undefined\" \/>Dur\u00e9e de conservation : 2 ans<\/td>\n<\/tr>\n<\/tbody>\n<\/table>","protected":false},"excerpt":{"rendered":"<p>Nom du produit\u3011Extrait d&#039;Euphorbia Fischeriana<\/p>\n<p>\u3010Alias\u3011 Langdu Geda, Langdu, Maoyanjing (\u0152il de chat), Shan Hongluo (Carotte de montagne)<br class=\"container-utlnW2 wrapper-d0Cc1k undefined\" \/>Description : Poudre jaune brun\u00e2tre. Test\u00e9e par CCM (chromatographie sur couche mince).<\/p>","protected":false},"featured_media":9855,"comment_status":"closed","ping_status":"closed","template":"","meta":[],"product_brand":[],"product_cat":[17,24],"product_tag":[40],"class_list":{"0":"post-9854","1":"product","2":"type-product","3":"status-publish","4":"has-post-thumbnail","6":"product_cat-plant-extract","7":"product_cat-ratio-extract","8":"product_tag-stellera-chamaejasme-extract","10":"first","11":"instock","12":"shipping-taxable","13":"product-type-simple"},"_links":{"self":[{"href":"https:\/\/www.hvbio.com\/fr\/wp-json\/wp\/v2\/product\/9854","targetHints":{"allow":["GET"]}}],"collection":[{"href":"https:\/\/www.hvbio.com\/fr\/wp-json\/wp\/v2\/product"}],"about":[{"href":"https:\/\/www.hvbio.com\/fr\/wp-json\/wp\/v2\/types\/product"}],"replies":[{"embeddable":true,"href":"https:\/\/www.hvbio.com\/fr\/wp-json\/wp\/v2\/comments?post=9854"}],"wp:featuredmedia":[{"embeddable":true,"href":"https:\/\/www.hvbio.com\/fr\/wp-json\/wp\/v2\/media\/9855"}],"wp:attachment":[{"href":"https:\/\/www.hvbio.com\/fr\/wp-json\/wp\/v2\/media?parent=9854"}],"wp:term":[{"taxonomy":"product_brand","embeddable":true,"href":"https:\/\/www.hvbio.com\/fr\/wp-json\/wp\/v2\/product_brand?post=9854"},{"taxonomy":"product_cat","embeddable":true,"href":"https:\/\/www.hvbio.com\/fr\/wp-json\/wp\/v2\/product_cat?post=9854"},{"taxonomy":"product_tag","embeddable":true,"href":"https:\/\/www.hvbio.com\/fr\/wp-json\/wp\/v2\/product_tag?post=9854"}],"curies":[{"name":"wp","href":"https:\/\/api.w.org\/{rel}","templated":true}]}}