{"id":9859,"date":"2025-08-26T15:32:15","date_gmt":"2025-08-26T07:32:15","guid":{"rendered":"https:\/\/www.hvbio.com\/?post_type=product&#038;p=9859"},"modified":"2025-08-26T15:32:15","modified_gmt":"2025-08-26T07:32:15","slug":"arecoline-99","status":"publish","type":"product","link":"https:\/\/www.hvbio.com\/fr\/produit\/arecoline-99\/","title":{"rendered":"Ar\u00e9coline 99%"},"content":{"rendered":"<table style=\"height: 371px;\" width=\"1137\">\n<thead>\n<tr>\n<th><strong>Attribut<\/strong><\/th>\n<th><strong>Description<\/strong><\/th>\n<\/tr>\n<\/thead>\n<tbody>\n<tr>\n<td><strong>Nom du produit<\/strong><\/td>\n<td>Ar\u00e9coline 99%<\/td>\n<\/tr>\n<tr>\n<td><strong>Ingr\u00e9dients principaux<\/strong><\/td>\n<td>Ar\u00e9coline<\/td>\n<\/tr>\n<tr>\n<td><strong>Source d&#039;extraction<\/strong><\/td>\n<td>Principalement d\u00e9riv\u00e9 des fruits ou des graines de\u00a0<em>Areca catechu L.<\/em>\u00a0(famille : Arecaceae)<\/td>\n<\/tr>\n<tr>\n<td><strong>Apparence<\/strong><\/td>\n<td>Poudre blanche<\/td>\n<\/tr>\n<tr>\n<td><strong>M\u00e9thode de d\u00e9tection<\/strong><\/td>\n<td>HPLC (Chromatographie liquide haute performance)<\/td>\n<\/tr>\n<tr>\n<td><strong>Formes posologiques d&#039;application<\/strong><\/td>\n<td>Large gamme<\/td>\n<\/tr>\n<tr>\n<td><strong>D\u00e9lai d&#039;approvisionnement<\/strong><\/td>\n<td>Toute l&#039;ann\u00e9e<\/td>\n<\/tr>\n<tr>\n<td><strong>Conditions de stockage<\/strong><\/td>\n<td>Conserver dans un r\u00e9cipient herm\u00e9tiquement ferm\u00e9, dans un endroit frais, sec et \u00e0 l&#039;abri de la lumi\u00e8re, \u00e0 l&#039;abri des sources de chaleur et des environnements humides.<\/td>\n<\/tr>\n<tr>\n<td><strong>Dur\u00e9e de conservation<\/strong><\/td>\n<td>Deux ans<\/td>\n<\/tr>\n<\/tbody>\n<\/table>","protected":false},"excerpt":{"rendered":"<h4 class=\"header-vfC6AV auto-hide-last-sibling-br\">Nom du produit : Arecoline 99%<\/h4>\n<h4 class=\"header-vfC6AV auto-hide-last-sibling-br\">Ingr\u00e9dients principaux : Ar\u00e9coline<\/h4>\n<h4 class=\"header-vfC6AV auto-hide-last-sibling-br\">Source d&#039;extraction : Principalement \u00e0 partir des fruits ou des graines du palmier\u00a0<em>Areca catechu<\/em><\/h4>\n<h4 class=\"header-vfC6AV auto-hide-last-sibling-br\">Aspect : Poudre blanche<\/h4>\n<h4 class=\"header-vfC6AV auto-hide-last-sibling-br\">M\u00e9thode de d\u00e9tection : HPLC<\/h4>\n<h4 class=\"header-vfC6AV auto-hide-last-sibling-br\">Formes posologiques d&#039;application : Large gamme<\/h4>\n<h4 class=\"header-vfC6AV auto-hide-last-sibling-br\">P\u00e9riode d&#039;approvisionnement : Toute l&#039;ann\u00e9e<\/h4>\n<h4 class=\"header-vfC6AV auto-hide-last-sibling-br\">Instructions d&#039;achat<\/h4>\n<ul class=\"auto-hide-last-sibling-br\">\n<li>\n<h4><strong>M\u00e9thode d&#039;emballage<\/strong>: 25 kg\/f\u00fbt en carton ou sac en aluminium<\/h4>\n<\/li>\n<li>\n<h4><strong>Conditions de stockage<\/strong>:Doit \u00eatre scell\u00e9 et prot\u00e9g\u00e9 de la lumi\u00e8re, stock\u00e9 dans un endroit sec, frais et bien ventil\u00e9<\/h4>\n<\/li>\n<li>\n<h4><strong>Dur\u00e9e de conservation<\/strong>:Deux ans<\/h4>\n<\/li>\n<li>\n<h4><strong>Exemple de disposition<\/strong>En g\u00e9n\u00e9ral, des \u00e9chantillons de 5 \u00e0 20 g sont fournis. Des frais d&#039;\u00e9chantillonnage peuvent \u00eatre factur\u00e9s pour certains produits.<\/h4>\n<\/li>\n<li>\n<h4><strong>Emballage du produit<\/strong>:Emball\u00e9 dans des f\u00fbts en carton ou des sacs en aluminium (peut \u00eatre personnalis\u00e9 selon les exigences du client)<\/h4>\n<\/li>\n<li>\n<h4><strong>D\u00e9lai de livraison<\/strong>Les produits non personnalis\u00e9s seront exp\u00e9di\u00e9s sous 48 heures. Le d\u00e9lai de livraison des produits personnalis\u00e9s sera ajust\u00e9 en fonction des besoins.<\/h4>\n<\/li>\n<li>\n<h4><strong>M\u00e9thode d&#039;emballage<\/strong>: 25 kg\/f\u00fbt en carton ou sac en aluminium. L&#039;emballage peut \u00eatre adapt\u00e9 \u00e0 la situation.<\/h4>\n<\/li>\n<li>\n<h4><strong>Mode de transport<\/strong>: Express ou logistique national. Le prix indiqu\u00e9 comprend les frais de transport.<\/h4>\n<\/li>\n<li>\n<h4><strong>Conditions de stockage<\/strong>:Ferm\u00e9 et \u00e0 l&#039;abri de la lumi\u00e8re, \u00e0 conserver dans un endroit sec, frais et bien ventil\u00e9.<\/h4>\n<\/li>\n<\/ul>","protected":false},"featured_media":9860,"comment_status":"closed","ping_status":"closed","template":"","meta":[],"product_brand":[],"product_cat":[17,23],"product_tag":[],"class_list":{"0":"post-9859","1":"product","2":"type-product","3":"status-publish","4":"has-post-thumbnail","6":"product_cat-plant-extract","7":"product_cat-standard-extract","9":"first","10":"instock","11":"shipping-taxable","12":"product-type-simple"},"_links":{"self":[{"href":"https:\/\/www.hvbio.com\/fr\/wp-json\/wp\/v2\/product\/9859","targetHints":{"allow":["GET"]}}],"collection":[{"href":"https:\/\/www.hvbio.com\/fr\/wp-json\/wp\/v2\/product"}],"about":[{"href":"https:\/\/www.hvbio.com\/fr\/wp-json\/wp\/v2\/types\/product"}],"replies":[{"embeddable":true,"href":"https:\/\/www.hvbio.com\/fr\/wp-json\/wp\/v2\/comments?post=9859"}],"wp:featuredmedia":[{"embeddable":true,"href":"https:\/\/www.hvbio.com\/fr\/wp-json\/wp\/v2\/media\/9860"}],"wp:attachment":[{"href":"https:\/\/www.hvbio.com\/fr\/wp-json\/wp\/v2\/media?parent=9859"}],"wp:term":[{"taxonomy":"product_brand","embeddable":true,"href":"https:\/\/www.hvbio.com\/fr\/wp-json\/wp\/v2\/product_brand?post=9859"},{"taxonomy":"product_cat","embeddable":true,"href":"https:\/\/www.hvbio.com\/fr\/wp-json\/wp\/v2\/product_cat?post=9859"},{"taxonomy":"product_tag","embeddable":true,"href":"https:\/\/www.hvbio.com\/fr\/wp-json\/wp\/v2\/product_tag?post=9859"}],"curies":[{"name":"wp","href":"https:\/\/api.w.org\/{rel}","templated":true}]}}