{"id":9884,"date":"2025-08-27T10:21:21","date_gmt":"2025-08-27T02:21:21","guid":{"rendered":"https:\/\/www.hvbio.com\/?post_type=product&#038;p=9884"},"modified":"2025-08-27T10:21:21","modified_gmt":"2025-08-27T02:21:21","slug":"dandelion-flavonoids-5","status":"publish","type":"product","link":"https:\/\/www.hvbio.com\/fr\/produit\/dandelion-flavonoids-5\/","title":{"rendered":"Flavono\u00efdes de pissenlit 5%"},"content":{"rendered":"<table style=\"height: 403px;\" width=\"1027\">\n<thead>\n<tr>\n<th><strong>Article<\/strong><\/th>\n<th><strong>Description<\/strong><\/th>\n<\/tr>\n<\/thead>\n<tbody>\n<tr>\n<td>Nom du produit<\/td>\n<td>Flavono\u00efdes de pissenlit 5%<\/td>\n<\/tr>\n<tr>\n<td>Ingr\u00e9dient principal<\/td>\n<td>Dandelion Flavonoids<\/td>\n<\/tr>\n<tr>\n<td>Source d&#039;extraction<\/td>\n<td>The extract is mainly derived from dandelion (Taraxacum mongolicum Hand.-Mazz. or related species)<\/td>\n<\/tr>\n<tr>\n<td>Apparence<\/td>\n<td>Poudre brune<\/td>\n<\/tr>\n<tr>\n<td>M\u00e9thode de d\u00e9tection<\/td>\n<td>HPLC (Chromatographie liquide haute performance)<\/td>\n<\/tr>\n<tr>\n<td>Formes posologiques d&#039;application<\/td>\n<td>Wide range of applications (e.g., health care products, dietary supplements, herbal preparations, etc.)<\/td>\n<\/tr>\n<tr>\n<td>D\u00e9lai d&#039;approvisionnement<\/td>\n<td>Disponible toute l&#039;ann\u00e9e<\/td>\n<\/tr>\n<tr>\n<td>Conditions de stockage<\/td>\n<td>Conserver dans un r\u00e9cipient herm\u00e9tique, dans un endroit frais, sec et sombre, \u00e0 l&#039;abri de la chaleur et de l&#039;humidit\u00e9.<\/td>\n<\/tr>\n<tr>\n<td>Dur\u00e9e de conservation<\/td>\n<td>Deux ans<\/td>\n<\/tr>\n<\/tbody>\n<\/table>","protected":false},"excerpt":{"rendered":"<h4 class=\"header-vfC6AV auto-hide-last-sibling-br\">Product Name: Dandelion Flavone 5%<\/h4>\n<ul class=\"auto-hide-last-sibling-br\">\n<li>\n<h4><strong>Ingr\u00e9dient principal<\/strong>: Dandelion Flavone<\/h4>\n<\/li>\n<li>\n<h4><strong>Source d&#039;extraction<\/strong>: The extract is mainly derived from dandelion<\/h4>\n<\/li>\n<li>\n<h4><strong>Apparence<\/strong>:Poudre brune<\/h4>\n<\/li>\n<li>\n<h4><strong>M\u00e9thode de d\u00e9tection<\/strong>:HPLC (Chromatographie liquide haute performance)<\/h4>\n<\/li>\n<li>\n<h4><strong>Formes posologiques d&#039;application<\/strong>: Large gamme d&#039;applications<\/h4>\n<\/li>\n<li>\n<h4><strong>D\u00e9lai d&#039;approvisionnement<\/strong>: Available throughout the year<\/h4>\n<\/li>\n<\/ul>\n<h4 class=\"header-vfC6AV auto-hide-last-sibling-br\">Instructions d&#039;achat<\/h4>\n<ul class=\"auto-hide-last-sibling-br\">\n<li>\n<h4><strong>M\u00e9thode d&#039;emballage<\/strong>: 25 kg par f\u00fbt en carton ou sac en aluminium<\/h4>\n<\/li>\n<li>\n<h4><strong>Conditions de stockage<\/strong>:Doit \u00eatre scell\u00e9 et prot\u00e9g\u00e9 de la lumi\u00e8re, stock\u00e9 dans un endroit sec, frais et bien ventil\u00e9<\/h4>\n<\/li>\n<li>\n<h4><strong>Dur\u00e9e de conservation<\/strong>: 2 ans<\/h4>\n<\/li>\n<li>\n<h4><strong>Exemple de disposition<\/strong>: Generally, 5-20g small samples are provided for products; sample fees may be charged for some products.<\/h4>\n<\/li>\n<li>\n<h4><strong>Emballage du produit<\/strong>: Conditionn\u00e9 dans des f\u00fbts en carton ou des sacs en aluminium (emballage personnalisable disponible sur demande du client)<\/h4>\n<\/li>\n<li>\n<h4><strong>D\u00e9lai de livraison<\/strong>: Non-customized products will be shipped within 48 hours; the delivery time for customized products will be adjusted according to actual needs.<\/h4>\n<\/li>\n<li>\n<h4><strong>Ajustement de l&#039;emballage<\/strong>: 25kg per cardboard drum or aluminum foil bag; packaging can be adjusted based on actual circumstances.<\/h4>\n<\/li>\n<li>\n<h4><strong>Mode de transport<\/strong>:Livraison express nationale ou logistique ; le prix indiqu\u00e9 comprend les frais de transport.<\/h4>\n<\/li>\n<li>\n<h4><strong>Repeated Storage Note<\/strong>: Seal and protect from light, and store in a dry, cool, and well-ventilated place.<\/h4>\n<\/li>\n<\/ul>","protected":false},"featured_media":9885,"comment_status":"closed","ping_status":"closed","template":"","meta":[],"product_brand":[],"product_cat":[17,23],"product_tag":[],"class_list":{"0":"post-9884","1":"product","2":"type-product","3":"status-publish","4":"has-post-thumbnail","6":"product_cat-plant-extract","7":"product_cat-standard-extract","9":"first","10":"instock","11":"shipping-taxable","12":"product-type-simple"},"_links":{"self":[{"href":"https:\/\/www.hvbio.com\/fr\/wp-json\/wp\/v2\/product\/9884","targetHints":{"allow":["GET"]}}],"collection":[{"href":"https:\/\/www.hvbio.com\/fr\/wp-json\/wp\/v2\/product"}],"about":[{"href":"https:\/\/www.hvbio.com\/fr\/wp-json\/wp\/v2\/types\/product"}],"replies":[{"embeddable":true,"href":"https:\/\/www.hvbio.com\/fr\/wp-json\/wp\/v2\/comments?post=9884"}],"wp:featuredmedia":[{"embeddable":true,"href":"https:\/\/www.hvbio.com\/fr\/wp-json\/wp\/v2\/media\/9885"}],"wp:attachment":[{"href":"https:\/\/www.hvbio.com\/fr\/wp-json\/wp\/v2\/media?parent=9884"}],"wp:term":[{"taxonomy":"product_brand","embeddable":true,"href":"https:\/\/www.hvbio.com\/fr\/wp-json\/wp\/v2\/product_brand?post=9884"},{"taxonomy":"product_cat","embeddable":true,"href":"https:\/\/www.hvbio.com\/fr\/wp-json\/wp\/v2\/product_cat?post=9884"},{"taxonomy":"product_tag","embeddable":true,"href":"https:\/\/www.hvbio.com\/fr\/wp-json\/wp\/v2\/product_tag?post=9884"}],"curies":[{"name":"wp","href":"https:\/\/api.w.org\/{rel}","templated":true}]}}