{"id":9895,"date":"2025-08-27T10:45:32","date_gmt":"2025-08-27T02:45:32","guid":{"rendered":"https:\/\/www.hvbio.com\/?post_type=product&#038;p=9895"},"modified":"2025-08-27T10:45:32","modified_gmt":"2025-08-27T02:45:32","slug":"polydatin-5","status":"publish","type":"product","link":"https:\/\/www.hvbio.com\/fr\/produit\/polydatin-5\/","title":{"rendered":"Polydatine 5%"},"content":{"rendered":"<table>\n<tbody>\n<tr>\n<td><strong>Nom du produit<\/strong><\/td>\n<td>Polydatine 5%<\/td>\n<\/tr>\n<tr>\n<td><strong>Source v\u00e9g\u00e9tale<\/strong><\/td>\n<td>Dried rhizomes and roots of\u00a0<em>Polygonum cuspidatum<\/em>\u00a0Sieb. et Zucc. (a plant of the Polygonaceae family)<\/td>\n<\/tr>\n<tr>\n<td><strong>Noms alternatifs<\/strong><\/td>\n<td>Resveratrol glycoside, Piceid<\/td>\n<\/tr>\n<tr>\n<td><strong>Ingr\u00e9dient actif<\/strong><\/td>\n<td>Polydatin<\/td>\n<\/tr>\n<tr>\n<td><strong>Contenu du produit<\/strong><\/td>\n<td>5%<\/td>\n<\/tr>\n<tr>\n<td><strong>Caract\u00e8re du produit<\/strong><\/td>\n<td>Poudre blanche<\/td>\n<\/tr>\n<tr>\n<td><strong>M\u00e9thode de d\u00e9tection<\/strong><\/td>\n<td>Chromatographie liquide \u00e0 haute performance (HPLC)<\/td>\n<\/tr>\n<tr>\n<td><strong>M\u00e9thode de stockage<\/strong><\/td>\n<td>Seal tightly, store in a cool and dry place, protect from moisture and moths<\/td>\n<\/tr>\n<tr>\n<td><strong>Emballage du produit<\/strong><\/td>\n<td>25 kg\/cardboard drum; 1 kg\/aluminum foil bag; or customized according to customer requirements<\/td>\n<\/tr>\n<\/tbody>\n<\/table>","protected":false},"excerpt":{"rendered":"<h1 class=\"header-iWP5WJ auto-hide-last-sibling-br\">Polydatine 5%<\/h1>\n<ul class=\"auto-hide-last-sibling-br\">\n<li><strong>Couleur<\/strong>:Appara\u00eet g\u00e9n\u00e9ralement sous la forme d&#039;une fine poudre jaune clair \u00e0 brun jaun\u00e2tre.<\/li>\n<li><strong>Dur\u00e9e de conservation<\/strong>:G\u00e9n\u00e9ralement 24 mois lorsqu&#039;il est conserv\u00e9 dans un endroit frais, sec et sombre, scell\u00e9 pour \u00e9viter l&#039;humidit\u00e9 et la lumi\u00e8re.<\/li>\n<li><strong>M\u00e9thode de d\u00e9tection<\/strong>:Chromatographie liquide haute performance (HPLC) \u2014 utilis\u00e9e pour d\u00e9terminer avec pr\u00e9cision la teneur en polydatine, garantissant qu&#039;elle r\u00e9pond \u00e0 la sp\u00e9cification 5% en s\u00e9parant, identifiant et quantifiant le composant actif dans l&#039;\u00e9chantillon.<\/li>\n<\/ul>","protected":false},"featured_media":9896,"comment_status":"closed","ping_status":"closed","template":"","meta":[],"product_brand":[],"product_cat":[17,23],"product_tag":[],"class_list":{"0":"post-9895","1":"product","2":"type-product","3":"status-publish","4":"has-post-thumbnail","6":"product_cat-plant-extract","7":"product_cat-standard-extract","9":"first","10":"instock","11":"shipping-taxable","12":"product-type-simple"},"_links":{"self":[{"href":"https:\/\/www.hvbio.com\/fr\/wp-json\/wp\/v2\/product\/9895","targetHints":{"allow":["GET"]}}],"collection":[{"href":"https:\/\/www.hvbio.com\/fr\/wp-json\/wp\/v2\/product"}],"about":[{"href":"https:\/\/www.hvbio.com\/fr\/wp-json\/wp\/v2\/types\/product"}],"replies":[{"embeddable":true,"href":"https:\/\/www.hvbio.com\/fr\/wp-json\/wp\/v2\/comments?post=9895"}],"wp:featuredmedia":[{"embeddable":true,"href":"https:\/\/www.hvbio.com\/fr\/wp-json\/wp\/v2\/media\/9896"}],"wp:attachment":[{"href":"https:\/\/www.hvbio.com\/fr\/wp-json\/wp\/v2\/media?parent=9895"}],"wp:term":[{"taxonomy":"product_brand","embeddable":true,"href":"https:\/\/www.hvbio.com\/fr\/wp-json\/wp\/v2\/product_brand?post=9895"},{"taxonomy":"product_cat","embeddable":true,"href":"https:\/\/www.hvbio.com\/fr\/wp-json\/wp\/v2\/product_cat?post=9895"},{"taxonomy":"product_tag","embeddable":true,"href":"https:\/\/www.hvbio.com\/fr\/wp-json\/wp\/v2\/product_tag?post=9895"}],"curies":[{"name":"wp","href":"https:\/\/api.w.org\/{rel}","templated":true}]}}