{"id":9900,"date":"2025-08-27T10:51:03","date_gmt":"2025-08-27T02:51:03","guid":{"rendered":"https:\/\/www.hvbio.com\/?post_type=product&#038;p=9900"},"modified":"2025-08-27T10:51:04","modified_gmt":"2025-08-27T02:51:04","slug":"instant-coffee-powder","status":"publish","type":"product","link":"https:\/\/www.hvbio.com\/fr\/produit\/instant-coffee-powder\/","title":{"rendered":"Poudre de caf\u00e9 instantan\u00e9"},"content":{"rendered":"<table style=\"height: 483px;\" width=\"1592\">\n<thead>\n<tr>\n<th><strong>Article<\/strong><\/th>\n<th><strong>D\u00e9tails<\/strong><\/th>\n<\/tr>\n<\/thead>\n<tbody>\n<tr>\n<td>Nom du produit<\/td>\n<td>Poudre de caf\u00e9 instantan\u00e9<\/td>\n<\/tr>\n<tr>\n<td>Ingr\u00e9dient principal<\/td>\n<td>poudre de caf\u00e9<\/td>\n<\/tr>\n<tr>\n<td>Source d&#039;extraction<\/td>\n<td>La poudre de caf\u00e9 instantan\u00e9 est extraite des grains de caf\u00e9 vert. Ceux-ci sont torr\u00e9fi\u00e9s, moulus, puis leurs substances solubles sont extraites \u00e0 l&#039;eau, puis transform\u00e9es en poudre de caf\u00e9 instantan\u00e9 par des proc\u00e9d\u00e9s tels que le s\u00e9chage \u00e0 l&#039;air chaud ou la lyophilisation.<\/td>\n<\/tr>\n<tr>\n<td>Apparence<\/td>\n<td>Poudre brun fonc\u00e9<\/td>\n<\/tr>\n<tr>\n<td>M\u00e9thode de d\u00e9tection<\/td>\n<td>CCM (chromatographie sur couche mince)<\/td>\n<\/tr>\n<tr>\n<td>Formes posologiques d&#039;application<\/td>\n<td>Largement applicable (pour diverses formes posologiques)<\/td>\n<\/tr>\n<tr>\n<td>D\u00e9lai d&#039;approvisionnement<\/td>\n<td>Disponible toute l&#039;ann\u00e9e<\/td>\n<\/tr>\n<tr>\n<td>Conditions de stockage<\/td>\n<td>Conserver dans un r\u00e9cipient herm\u00e9tique, dans un endroit frais, sec et \u00e0 l&#039;abri de la lumi\u00e8re, \u00e0 l&#039;abri des sources de chaleur et des environnements humides.<\/td>\n<\/tr>\n<tr>\n<td>Dur\u00e9e de conservation<\/td>\n<td>Deux ans<\/td>\n<\/tr>\n<\/tbody>\n<\/table>","protected":false},"excerpt":{"rendered":"<h4 class=\"header-vfC6AV auto-hide-last-sibling-br\">Nom du produit : Poudre de caf\u00e9 instantan\u00e9<\/h4>\n<h4 class=\"header-vfC6AV auto-hide-last-sibling-br\">Ingr\u00e9dient principal : poudre de caf\u00e9<\/h4>\n<h4 class=\"header-vfC6AV auto-hide-last-sibling-br\">Source d&#039;extraction\u00a0: La source d&#039;extraction du caf\u00e9 instantan\u00e9 en poudre est le grain de caf\u00e9 vert. Les grains de caf\u00e9 vert sont torr\u00e9fi\u00e9s, broy\u00e9s, puis les substances solubles sont extraites \u00e0 l&#039;eau, puis transform\u00e9es en caf\u00e9 instantan\u00e9 en poudre par des proc\u00e9d\u00e9s tels que le s\u00e9chage \u00e0 l&#039;air chaud ou la lyophilisation.<\/h4>\n<h4 class=\"header-vfC6AV auto-hide-last-sibling-br\">Aspect : Poudre brun fonc\u00e9<\/h4>\n<h4 class=\"header-vfC6AV auto-hide-last-sibling-br\">M\u00e9thode de d\u00e9tection : CCM (chromatographie sur couche mince)<\/h4>\n<h4 class=\"header-vfC6AV auto-hide-last-sibling-br\">Forme posologique d&#039;application : Large gamme d&#039;applications<\/h4>\n<h4 class=\"header-vfC6AV auto-hide-last-sibling-br\">P\u00e9riode d&#039;approvisionnement : Toute l&#039;ann\u00e9e<\/h4>\n<h4 class=\"header-vfC6AV auto-hide-last-sibling-br\">Instructions d&#039;achat<\/h4>\n<ul class=\"auto-hide-last-sibling-br\">\n<li>\n<h4>\u3010M\u00e9thode d&#039;emballage\u301125 kg par f\u00fbt en papier ou sac en aluminium<\/h4>\n<\/li>\n<li>\n<h4>\u3010Conditions de stockage\u3011Doit \u00eatre scell\u00e9 et prot\u00e9g\u00e9 de la lumi\u00e8re, stock\u00e9 dans un endroit sec, frais et bien ventil\u00e9<\/h4>\n<\/li>\n<li>\n<h4>\u3010Dur\u00e9e de conservation\u30112 ans<\/h4>\n<\/li>\n<li>\n<h4>\u3010Fourniture d&#039;\u00e9chantillons\u3011En g\u00e9n\u00e9ral, des \u00e9chantillons de 5 \u00e0 20 g sont fournis pour les produits ; des frais d&#039;\u00e9chantillons sont factur\u00e9s pour certains produits.<\/h4>\n<\/li>\n<li>\n<h4>\u3010Emballage du produit\u3011Emball\u00e9 dans des f\u00fbts en papier ou des sacs en aluminium (emballage personnalis\u00e9 disponible sur demande du client)<\/h4>\n<\/li>\n<li>\n<h4>\u3010D\u00e9lai de livraison\u3011Les produits non personnalis\u00e9s seront exp\u00e9di\u00e9s dans les 48 heures ; le d\u00e9lai de livraison des produits personnalis\u00e9s sera ajust\u00e9 en fonction des besoins r\u00e9els.<\/h4>\n<\/li>\n<li>\n<h4>\u3010M\u00e9thode d&#039;emballage\u301125 kg par f\u00fbt en papier ou sac en aluminium ; l&#039;emballage peut \u00eatre ajust\u00e9 en fonction des conditions r\u00e9elles.<\/h4>\n<\/li>\n<li>\n<h4>\u3010Mode de transport\u3011Logistique express nationale ; le devis comprend les frais de transport.<\/h4>\n<\/li>\n<li>\n<h4>\u3010Conditions de stockage\u3011Scell\u00e9 et prot\u00e9g\u00e9 de la lumi\u00e8re, stock\u00e9 dans un endroit sec, frais et bien ventil\u00e9.<\/h4>\n<\/li>\n<\/ul>","protected":false},"featured_media":9901,"comment_status":"closed","ping_status":"closed","template":"","meta":[],"product_brand":[],"product_cat":[17,24],"product_tag":[],"class_list":{"0":"post-9900","1":"product","2":"type-product","3":"status-publish","4":"has-post-thumbnail","6":"product_cat-plant-extract","7":"product_cat-ratio-extract","9":"first","10":"instock","11":"shipping-taxable","12":"product-type-simple"},"_links":{"self":[{"href":"https:\/\/www.hvbio.com\/fr\/wp-json\/wp\/v2\/product\/9900","targetHints":{"allow":["GET"]}}],"collection":[{"href":"https:\/\/www.hvbio.com\/fr\/wp-json\/wp\/v2\/product"}],"about":[{"href":"https:\/\/www.hvbio.com\/fr\/wp-json\/wp\/v2\/types\/product"}],"replies":[{"embeddable":true,"href":"https:\/\/www.hvbio.com\/fr\/wp-json\/wp\/v2\/comments?post=9900"}],"wp:featuredmedia":[{"embeddable":true,"href":"https:\/\/www.hvbio.com\/fr\/wp-json\/wp\/v2\/media\/9901"}],"wp:attachment":[{"href":"https:\/\/www.hvbio.com\/fr\/wp-json\/wp\/v2\/media?parent=9900"}],"wp:term":[{"taxonomy":"product_brand","embeddable":true,"href":"https:\/\/www.hvbio.com\/fr\/wp-json\/wp\/v2\/product_brand?post=9900"},{"taxonomy":"product_cat","embeddable":true,"href":"https:\/\/www.hvbio.com\/fr\/wp-json\/wp\/v2\/product_cat?post=9900"},{"taxonomy":"product_tag","embeddable":true,"href":"https:\/\/www.hvbio.com\/fr\/wp-json\/wp\/v2\/product_tag?post=9900"}],"curies":[{"name":"wp","href":"https:\/\/api.w.org\/{rel}","templated":true}]}}