{"id":9918,"date":"2025-08-27T11:01:44","date_gmt":"2025-08-27T03:01:44","guid":{"rendered":"https:\/\/www.hvbio.com\/?post_type=product&#038;p=9918"},"modified":"2025-08-27T11:01:44","modified_gmt":"2025-08-27T03:01:44","slug":"mimosa-pudica-root-extract","status":"publish","type":"product","link":"https:\/\/www.hvbio.com\/fr\/produit\/mimosa-pudica-root-extract\/","title":{"rendered":"Extrait de racine de Mimosa Pudica"},"content":{"rendered":"<table>\n<tbody>\n<tr>\n<td><strong>Nom du produit<\/strong><\/td>\n<td>Extrait de racine de Mimosa Pudica<\/td>\n<\/tr>\n<tr>\n<td><strong>Noms alternatifs<\/strong><\/td>\n<td>Sensitive Plant Extract, Shameplant Extract, Humble Plant Extract, Bashful Plant Extract<\/td>\n<\/tr>\n<tr>\n<td><strong>Latin Scientific Name<\/strong><\/td>\n<td>Mimosa pudica Linn.<\/td>\n<\/tr>\n<tr>\n<td><strong>Source v\u00e9g\u00e9tale<\/strong><\/td>\n<td>Root bark of perennial herbs or subshrubs belonging to\u00a0<em>Mimosa<\/em>\u00a0genus, Mimosoideae subfamily, Fabaceae family<\/td>\n<\/tr>\n<tr>\n<td><strong>Origine des mati\u00e8res premi\u00e8res<\/strong><\/td>\n<td>Native to tropical regions of South America; cultivated in various regions of China<\/td>\n<\/tr>\n<tr>\n<td><strong>Sp\u00e9cification<\/strong><\/td>\n<td>1:1. Pour d&#039;autres sp\u00e9cifications, veuillez contacter le service client pour consultation.<\/td>\n<\/tr>\n<tr>\n<td><strong>Propri\u00e9t\u00e9s<\/strong><\/td>\n<td>Brownish-red powder, easy to absorb moisture, soluble in water, tested by TLC (Thin Layer Chromatography)<\/td>\n<\/tr>\n<tr>\n<td><strong>Couleur et caract\u00e8re<\/strong><\/td>\n<td>Poudre brune<\/td>\n<\/tr>\n<tr>\n<td><strong>Taille des mailles du produit<\/strong><\/td>\n<td>98% passe \u00e0 travers un tamis de 80 mesh<\/td>\n<\/tr>\n<tr>\n<td><strong>M\u00e9thode d&#039;emballage<\/strong><\/td>\n<td>25 kg\/f\u00fbt en carton ou sac en aluminium<\/td>\n<\/tr>\n<tr>\n<td><strong>Conditions de stockage<\/strong><\/td>\n<td>Doit \u00eatre scell\u00e9 et prot\u00e9g\u00e9 de la lumi\u00e8re ; conserv\u00e9 dans un endroit sec, frais et bien ventil\u00e9<\/td>\n<\/tr>\n<tr>\n<td><strong>Dur\u00e9e de conservation<\/strong><\/td>\n<td>24 mois<\/td>\n<\/tr>\n<tr>\n<td><strong>Express et logistique<\/strong><\/td>\n<td>Delivery by express or logistics. Domestic express usually arrives within 3 days; logistics usually arrives within 5 days. Quotations generally include domestic transportation costs.<\/td>\n<\/tr>\n<tr>\n<td><strong>Exemple de disposition<\/strong><\/td>\n<td>Generally, 5-20g small samples are provided for most products; sample fees are charged for some products.<\/td>\n<\/tr>\n<tr>\n<td><strong>Emballage du produit<\/strong><\/td>\n<td>Packaged in cardboard drums or aluminum foil bags (customized packaging available according to customer requirements)<\/td>\n<\/tr>\n<\/tbody>\n<\/table>","protected":false},"excerpt":{"rendered":"<p>Nom du produit Extrait de racine de Mimosa Pudica Autres noms Extrait de plante sensible, extrait de plante honteuse, extrait de plante humble, extrait de plante timide Latin<\/p>","protected":false},"featured_media":9919,"comment_status":"closed","ping_status":"closed","template":"","meta":[],"product_brand":[],"product_cat":[17,24],"product_tag":[],"class_list":{"0":"post-9918","1":"product","2":"type-product","3":"status-publish","4":"has-post-thumbnail","6":"product_cat-plant-extract","7":"product_cat-ratio-extract","9":"first","10":"instock","11":"shipping-taxable","12":"product-type-simple"},"_links":{"self":[{"href":"https:\/\/www.hvbio.com\/fr\/wp-json\/wp\/v2\/product\/9918","targetHints":{"allow":["GET"]}}],"collection":[{"href":"https:\/\/www.hvbio.com\/fr\/wp-json\/wp\/v2\/product"}],"about":[{"href":"https:\/\/www.hvbio.com\/fr\/wp-json\/wp\/v2\/types\/product"}],"replies":[{"embeddable":true,"href":"https:\/\/www.hvbio.com\/fr\/wp-json\/wp\/v2\/comments?post=9918"}],"wp:featuredmedia":[{"embeddable":true,"href":"https:\/\/www.hvbio.com\/fr\/wp-json\/wp\/v2\/media\/9919"}],"wp:attachment":[{"href":"https:\/\/www.hvbio.com\/fr\/wp-json\/wp\/v2\/media?parent=9918"}],"wp:term":[{"taxonomy":"product_brand","embeddable":true,"href":"https:\/\/www.hvbio.com\/fr\/wp-json\/wp\/v2\/product_brand?post=9918"},{"taxonomy":"product_cat","embeddable":true,"href":"https:\/\/www.hvbio.com\/fr\/wp-json\/wp\/v2\/product_cat?post=9918"},{"taxonomy":"product_tag","embeddable":true,"href":"https:\/\/www.hvbio.com\/fr\/wp-json\/wp\/v2\/product_tag?post=9918"}],"curies":[{"name":"wp","href":"https:\/\/api.w.org\/{rel}","templated":true}]}}