{"id":9924,"date":"2025-08-27T11:10:03","date_gmt":"2025-08-27T03:10:03","guid":{"rendered":"https:\/\/www.hvbio.com\/?post_type=product&#038;p=9924"},"modified":"2025-08-27T11:10:03","modified_gmt":"2025-08-27T03:10:03","slug":"malic-acid-5","status":"publish","type":"product","link":"https:\/\/www.hvbio.com\/fr\/produit\/malic-acid-5\/","title":{"rendered":"Acide malique 5%"},"content":{"rendered":"<table>\n<tbody>\n<tr>\n<td><strong>Nom du produit<\/strong><\/td>\n<td>Acide malique 5%<\/td>\n<\/tr>\n<tr>\n<td><strong>Source v\u00e9g\u00e9tale<\/strong><\/td>\n<td>Made from fresh apples through a series of processes including juicing, sterilization, fermentation, impurity removal, liquid inclusion, and drying.<\/td>\n<\/tr>\n<tr>\n<td><strong>Nom alternatif<\/strong><\/td>\n<td>Apple Extract<\/td>\n<\/tr>\n<tr>\n<td><strong>Ingr\u00e9dients actifs<\/strong><\/td>\n<td>Contains a variety of organic acids, enzymes, vitamins (such as vitamin C, B vitamins, etc.), minerals (such as potassium, calcium, magnesium, etc.), as well as pectin and polyphenols.<\/td>\n<\/tr>\n<tr>\n<td><strong>Contenu du produit<\/strong><\/td>\n<td>5% (calculated based on the content of active ingredients in apple cider vinegar, usually referring to a total acid content of 5%)<\/td>\n<\/tr>\n<tr>\n<td><strong>Propri\u00e9t\u00e9s du produit<\/strong><\/td>\n<td>Appears as an off-white to light yellow fine powder; the color may slightly darken after long-term storage. It has good water solubility, and the aqueous solution is a transparent light yellow. It has a fresh apple aroma and the unique vinegar aroma of apple cider vinegar, with moderate acidity.<\/td>\n<\/tr>\n<tr>\n<td><strong>M\u00e9thode d&#039;essai<\/strong><\/td>\n<td>HPLC (Chromatographie liquide haute performance)<\/td>\n<\/tr>\n<tr>\n<td><strong>M\u00e9thode de stockage<\/strong><\/td>\n<td>Sealed, stored in a cool and dry place, protected from moisture and moths.<\/td>\n<\/tr>\n<tr>\n<td><strong>Emballage du produit<\/strong><\/td>\n<td>25 kg\/f\u00fbt en carton ; 1 kg\/sac en aluminium ; ou personnalis\u00e9 selon les exigences du client.<\/td>\n<\/tr>\n<\/tbody>\n<\/table>","protected":false},"excerpt":{"rendered":"<h1 class=\"header-iWP5WJ auto-hide-last-sibling-br\">Acide malique 5%<\/h1>\n<ul class=\"auto-hide-last-sibling-br\">\n<li><strong>Couleur<\/strong>:Appara\u00eet comme une fine poudre blanc cass\u00e9, avec une teinte uniforme et sans taches de couleur ni impuret\u00e9s \u00e9videntes.<\/li>\n<li><strong>Dur\u00e9e de conservation<\/strong>: 24 mois dans des conditions de stockage appropri\u00e9es. Conserver dans un endroit frais, sec et bien ventil\u00e9, bien ferm\u00e9 pour \u00e9viter l&#039;absorption d&#039;humidit\u00e9, l&#039;exposition directe au soleil et le contact avec des substances incompatibles (par exemple, des alcalis forts) susceptibles d&#039;alt\u00e9rer la stabilit\u00e9.<\/li>\n<li><strong>M\u00e9thode de d\u00e9tection<\/strong>Chromatographie liquide haute performance (CLHP). Cette m\u00e9thode permet l&#039;analyse quantitative de la teneur en acide malique et la confirmation qualitative du composant. Elle s\u00e9pare l&#039;acide malique des autres impuret\u00e9s de l&#039;\u00e9chantillon gr\u00e2ce \u00e0 une colonne chromatographique, puis d\u00e9tecte et calcule sa teneur en comparant les pics chromatographiques de l&#039;\u00e9chantillon avec des solutions standard d&#039;acide malique, garantissant ainsi la pr\u00e9cision et la conformit\u00e9 de la qualit\u00e9 du produit.<\/li>\n<\/ul>","protected":false},"featured_media":9925,"comment_status":"closed","ping_status":"closed","template":"","meta":[],"product_brand":[],"product_cat":[17,23],"product_tag":[],"class_list":{"0":"post-9924","1":"product","2":"type-product","3":"status-publish","4":"has-post-thumbnail","6":"product_cat-plant-extract","7":"product_cat-standard-extract","9":"first","10":"instock","11":"shipping-taxable","12":"product-type-simple"},"_links":{"self":[{"href":"https:\/\/www.hvbio.com\/fr\/wp-json\/wp\/v2\/product\/9924","targetHints":{"allow":["GET"]}}],"collection":[{"href":"https:\/\/www.hvbio.com\/fr\/wp-json\/wp\/v2\/product"}],"about":[{"href":"https:\/\/www.hvbio.com\/fr\/wp-json\/wp\/v2\/types\/product"}],"replies":[{"embeddable":true,"href":"https:\/\/www.hvbio.com\/fr\/wp-json\/wp\/v2\/comments?post=9924"}],"wp:featuredmedia":[{"embeddable":true,"href":"https:\/\/www.hvbio.com\/fr\/wp-json\/wp\/v2\/media\/9925"}],"wp:attachment":[{"href":"https:\/\/www.hvbio.com\/fr\/wp-json\/wp\/v2\/media?parent=9924"}],"wp:term":[{"taxonomy":"product_brand","embeddable":true,"href":"https:\/\/www.hvbio.com\/fr\/wp-json\/wp\/v2\/product_brand?post=9924"},{"taxonomy":"product_cat","embeddable":true,"href":"https:\/\/www.hvbio.com\/fr\/wp-json\/wp\/v2\/product_cat?post=9924"},{"taxonomy":"product_tag","embeddable":true,"href":"https:\/\/www.hvbio.com\/fr\/wp-json\/wp\/v2\/product_tag?post=9924"}],"curies":[{"name":"wp","href":"https:\/\/api.w.org\/{rel}","templated":true}]}}