{"id":9941,"date":"2025-09-01T15:03:55","date_gmt":"2025-09-01T07:03:55","guid":{"rendered":"https:\/\/www.hvbio.com\/?post_type=product&#038;p=9941"},"modified":"2025-09-01T15:03:55","modified_gmt":"2025-09-01T07:03:55","slug":"welsh-onion-white-bulb-extract","status":"publish","type":"product","link":"https:\/\/www.hvbio.com\/fr\/produit\/welsh-onion-white-bulb-extract\/","title":{"rendered":"Extrait de bulbe blanc d&#039;oignon gallois"},"content":{"rendered":"<div class=\"inter-H_fm37\">\n<div class=\"container-PvPoAn\">\n<div class=\"item-kDun2N\">\n<div class=\"container-SrVXPg chrome70-container\">\n<div class=\"inner-Qo5lJS inner-item-Nz3mG4\" data-target-id=\"message-box-target-id\" data-testid=\"union_message\">\n<div class=\"message-block-container-PggqdK\" data-testid=\"message-block-container\">\n<div class=\"flex flex-row w-full w-full max-w-full s-font-base text-s-color-text-secondary p-0 rounded-s-radius-s bg-transparent group data-[attr=select-mode]:-mt-10 data-[attr=select-mode]:py-10 data-[attr=select-mode]:px-16 data-[attr=select-mode]:sm:p-10 data-[attr=select-mode]:hover:bg-s-color-bg-base data-[attr=select-mode]:hover:rounded-s-radius-xs data-[attr=select-mode]:has-[:checked]:bg-s-color-bg-trans data-[attr=select-mode]:has-[:checked]:rounded-s-radius-xs data-[attr=select-mode]:pointer-events-none\" data-testid=\"receive_message\">\n<div class=\"flex flex-col flex-grow max-w-full min-w-0\">\n<div class=\"flex flex-row w-full\" data-testid=\"message_content\" data-message-id=\"18828662565148930\">\n<div class=\"w-full\" data-plugin-identifier=\"Symbol(infra:receive-message-box:text)\">\n<div class=\"container-P2rR72 flow-markdown-body theme-samantha-uDexJL\" dir=\"ltr\" data-testid=\"message_text_content\" data-show-indicator=\"false\">\n<div class=\"auto-hide-last-sibling-br mdbox-table-root table-container-cYf_5N\" data-scroll-inline-overflow=\"false\" data-scroll-inline-at-start=\"true\" data-scroll-inline-start-overflow=\"false\" data-scroll-inline-at-end=\"true\" data-scroll-inline-end-overflow=\"false\">\n<div class=\"table-scroll-container-Gyf4hQ mdbox-table-scroll-container\">\n<table>\n<thead>\n<tr>\n<th>Cat\u00e9gorie<\/th>\n<th>Traduction anglaise<\/th>\n<\/tr>\n<\/thead>\n<tbody>\n<tr>\n<td><strong>Nom du produit<\/strong><\/td>\n<td>Extrait de bulbe blanc d&#039;oignon gallois<\/td>\n<\/tr>\n<tr>\n<td><strong>Noms alternatifs<\/strong><\/td>\n<td>Tige d&#039;oignon fistuleux s\u00e9ch\u00e9e, t\u00eate blanche d&#039;oignon fistuleux<\/td>\n<\/tr>\n<tr>\n<td><strong>Source<\/strong><\/td>\n<td>Bulbes s\u00e9ch\u00e9s de\u00a0<em>Allium fistulosum<\/em>\u00a0L. (une plante appartenant \u00e0 la famille des Liliac\u00e9es)<\/td>\n<\/tr>\n<tr>\n<td><strong>Morphologie des plantes<\/strong><\/td>\n<td>Plante herbac\u00e9e vivace, atteignant 50 cm de hauteur. Elle pousse g\u00e9n\u00e9ralement en touffes et d\u00e9gage une odeur \u00e2cre. Un liquide \u00e2cre et collant s&#039;\u00e9coule lorsqu&#039;on la casse. Les racines fibreuses sont blanches et touffues. Les bulbes sont cylindriques, l\u00e9g\u00e8rement \u00e9largis \u00e0 l&#039;apex, avec des \u00e9cailles bulbeuses stratifi\u00e9es, blanches et marqu\u00e9es de rayures longitudinales blanches. Les feuilles sont basilaires, cylindriques, creuses, d&#039;environ 45 cm de long et 1,5 \u00e0 2 cm de diam\u00e8tre, \u00e0 l&#039;apex pointu, vertes et \u00e0 nervures longitudinales\u00a0; les gaines foliaires sont vert clair. Le hampe est \u00e0 peu pr\u00e8s aussi long que les feuilles\u00a0; l&#039;involucre est blanc et bilob\u00e9\u00a0; l&#039;ombelle est sph\u00e9rique et porte de nombreuses fleurs denses. Les p\u00e9dicelles sont aussi longs que le p\u00e9rianthe, soit les 2\/3 de sa longueur, sans bract\u00e9es. Le p\u00e9rianthe est campanul\u00e9 et blanc, compos\u00e9 de 6 segments \u00e9troitement ovales, se r\u00e9tr\u00e9cissant en pointe \u00e0 l&#039;apex et munis de petites pointes r\u00e9fl\u00e9chies. Les filaments sont 1,5 \u00e0 2 fois plus longs que les segments du p\u00e9rianthe, coniques, conn\u00e9s \u00e0 la base et adn\u00e9s au p\u00e9rianthe. La capsule est triangulaire. Les graines sont noires, triangulaires-semi-circulaires. Floraison\u00a0: juillet-septembre\u00a0; fructification\u00a0: ao\u00fbt-octobre.<\/td>\n<\/tr>\n<tr>\n<td><strong>Origine et distribution<\/strong><\/td>\n<td>Cultiv\u00e9 dans toutes les r\u00e9gions de Chine<\/td>\n<\/tr>\n<tr>\n<td><strong>R\u00e9colte et transformation<\/strong><\/td>\n<td>R\u00e9colt\u00e9 en \u00e9t\u00e9 et en automne ; les racines fibreuses, les feuilles et les membranes ext\u00e9rieures sont retir\u00e9es ; utilis\u00e9 frais.<\/td>\n<\/tr>\n<tr>\n<td><strong>Caract\u00e9ristiques de l&#039;herbe<\/strong><\/td>\n<td>Bulbes cylindriques, envelopp\u00e9s de multiples couches d&#039;\u00e9cailles membraneuses. Leur surface est blanc cass\u00e9, lisse et marqu\u00e9e de rayures longitudinales. Leur ar\u00f4me piquant rappelle celui de l&#039;oignon\u00a0; leur go\u00fbt est piquant.<\/td>\n<\/tr>\n<tr>\n<td><strong>Nature, Go\u00fbt et Tropisme M\u00e9ridien<\/strong><\/td>\n<td>De nature chaude, au go\u00fbt piquant. M\u00e9ridiens touch\u00e9s\u00a0: m\u00e9ridien du poumon, m\u00e9ridien de l&#039;estomac.<\/td>\n<\/tr>\n<tr>\n<td><strong>Sp\u00e9cifications d&#039;emballage<\/strong><\/td>\n<td>Sac en aluminium de 1 kg, f\u00fbt en papier de 25 kg ou emballage personnalis\u00e9 selon les exigences du client<\/td>\n<\/tr>\n<tr>\n<td><strong>M\u00e9thode de stockage<\/strong><\/td>\n<td>Conserver dans un endroit frais et sec ; garder ferm\u00e9 ; conserver \u00e0 temp\u00e9rature ambiante<\/td>\n<\/tr>\n<tr>\n<td><strong>Dur\u00e9e de conservation<\/strong><\/td>\n<td>24 mois<\/td>\n<\/tr>\n<\/tbody>\n<\/table>\n<\/div>\n<\/div>\n<\/div>\n<\/div>\n<\/div>\n<div class=\"suggest-message-list-wrapper-QLdGFg\" data-testid=\"suggest_message_list\"><\/div>\n<\/div>\n<\/div>\n<\/div>\n<\/div>\n<\/div>\n<\/div>\n<\/div>\n<\/div>\n<div class=\"top-FLPRDF\">\n<div class=\"container-SrVXPg chrome70-container\"><\/div>\n<\/div>","protected":false},"excerpt":{"rendered":"<p>Category English Translation Product Name Welsh Onion White Bulb Extract Alternative Names Dried Fistular Onion Stalk, White Head of Fistular<\/p>","protected":false},"featured_media":9942,"comment_status":"closed","ping_status":"closed","template":"","meta":[],"product_brand":[],"product_cat":[24,17],"product_tag":[],"class_list":{"0":"post-9941","1":"product","2":"type-product","3":"status-publish","4":"has-post-thumbnail","6":"product_cat-ratio-extract","7":"product_cat-plant-extract","9":"first","10":"instock","11":"shipping-taxable","12":"product-type-simple"},"_links":{"self":[{"href":"https:\/\/www.hvbio.com\/fr\/wp-json\/wp\/v2\/product\/9941","targetHints":{"allow":["GET"]}}],"collection":[{"href":"https:\/\/www.hvbio.com\/fr\/wp-json\/wp\/v2\/product"}],"about":[{"href":"https:\/\/www.hvbio.com\/fr\/wp-json\/wp\/v2\/types\/product"}],"replies":[{"embeddable":true,"href":"https:\/\/www.hvbio.com\/fr\/wp-json\/wp\/v2\/comments?post=9941"}],"wp:featuredmedia":[{"embeddable":true,"href":"https:\/\/www.hvbio.com\/fr\/wp-json\/wp\/v2\/media\/9942"}],"wp:attachment":[{"href":"https:\/\/www.hvbio.com\/fr\/wp-json\/wp\/v2\/media?parent=9941"}],"wp:term":[{"taxonomy":"product_brand","embeddable":true,"href":"https:\/\/www.hvbio.com\/fr\/wp-json\/wp\/v2\/product_brand?post=9941"},{"taxonomy":"product_cat","embeddable":true,"href":"https:\/\/www.hvbio.com\/fr\/wp-json\/wp\/v2\/product_cat?post=9941"},{"taxonomy":"product_tag","embeddable":true,"href":"https:\/\/www.hvbio.com\/fr\/wp-json\/wp\/v2\/product_tag?post=9941"}],"curies":[{"name":"wp","href":"https:\/\/api.w.org\/{rel}","templated":true}]}}