{"id":9974,"date":"2025-09-01T16:13:20","date_gmt":"2025-09-01T08:13:20","guid":{"rendered":"https:\/\/www.hvbio.com\/?post_type=product&#038;p=9974"},"modified":"2025-09-01T16:13:20","modified_gmt":"2025-09-01T08:13:20","slug":"cornus-officinalis-fruit-extract","status":"publish","type":"product","link":"https:\/\/www.hvbio.com\/fr\/produit\/cornus-officinalis-fruit-extract\/","title":{"rendered":"Extrait de fruit de Cornus Officinalis"},"content":{"rendered":"<table style=\"height: 448px;\" width=\"1145\">\n<thead>\n<tr>\n<th><strong>Article<\/strong><\/th>\n<th><strong>Description<\/strong><\/th>\n<\/tr>\n<\/thead>\n<tbody>\n<tr>\n<td>Nom du produit<\/td>\n<td>Extrait de fruit de Cornus Officinalis<\/td>\n<\/tr>\n<tr>\n<td>Ingr\u00e9dients principaux<\/td>\n<td>Polysaccharides, triterp\u00e9no\u00efdes<\/td>\n<\/tr>\n<tr>\n<td>Source d&#039;extraction<\/td>\n<td>D\u00e9riv\u00e9 de la pulpe m\u00fbre s\u00e9ch\u00e9e de\u00a0<em>Cornouiller officinal<\/em>\u00a0Sieb. et Zucc. (une plante de la famille des Cornac\u00e9es)<\/td>\n<\/tr>\n<tr>\n<td>Apparence<\/td>\n<td>Poudre brune<\/td>\n<\/tr>\n<tr>\n<td>M\u00e9thode de d\u00e9tection<\/td>\n<td>CCM (chromatographie sur couche mince)<\/td>\n<\/tr>\n<tr>\n<td>Formes posologiques d&#039;application<\/td>\n<td>Large gamme d&#039;applications<\/td>\n<\/tr>\n<tr>\n<td>D\u00e9lai d&#039;approvisionnement<\/td>\n<td>Disponible toute l&#039;ann\u00e9e<\/td>\n<\/tr>\n<tr>\n<td>Conditions de stockage<\/td>\n<td>Conserver dans un r\u00e9cipient herm\u00e9tique, dans un endroit frais, sec et \u00e0 l&#039;abri de la lumi\u00e8re, \u00e0 l&#039;abri des sources de chaleur et des environnements humides.<\/td>\n<\/tr>\n<tr>\n<td>Dur\u00e9e de conservation<\/td>\n<td>2 ans<\/td>\n<\/tr>\n<\/tbody>\n<\/table>","protected":false},"excerpt":{"rendered":"<h4 class=\"header-vfC6AV auto-hide-last-sibling-br\">Nom du produit: extrait de fruit de Cornus Officinalis<\/h4>\n<h4 class=\"header-vfC6AV auto-hide-last-sibling-br\">Ingr\u00e9dients principaux : Polysaccharides, triterp\u00e9no\u00efdes<\/h4>\n<h4 class=\"header-vfC6AV auto-hide-last-sibling-br\">Source d&#039;extraction : L&#039;extrait est d\u00e9riv\u00e9 du fruit charnu s\u00e9ch\u00e9 et m\u00fbr de\u00a0<em>Cornouiller officinal<\/em>\u00a0Sieb. et Zucc. (une plante de la famille des Cornac\u00e9es)<\/h4>\n<h4 class=\"header-vfC6AV auto-hide-last-sibling-br\">Aspect : Poudre brune<\/h4>\n<h4 class=\"header-vfC6AV auto-hide-last-sibling-br\">M\u00e9thode de d\u00e9tection : CCM (chromatographie sur couche mince)<\/h4>\n<h4 class=\"header-vfC6AV auto-hide-last-sibling-br\">Formes posologiques d&#039;application : Large gamme d&#039;applications<\/h4>\n<h4 class=\"header-vfC6AV auto-hide-last-sibling-br\">D\u00e9lais d&#039;approvisionnement : Disponible toute l&#039;ann\u00e9e<\/h4>\n<h4 class=\"header-vfC6AV auto-hide-last-sibling-br\">Notes d&#039;achat<\/h4>\n<ul class=\"auto-hide-last-sibling-br\">\n<li>\n<h4><strong>M\u00e9thode d&#039;emballage<\/strong>: 25 kg par f\u00fbt en carton ou sac en aluminium<\/h4>\n<\/li>\n<li>\n<h4><strong>Conditions de stockage<\/strong>:Doit \u00eatre scell\u00e9 et prot\u00e9g\u00e9 de la lumi\u00e8re, stock\u00e9 dans un endroit sec, frais et bien ventil\u00e9<\/h4>\n<\/li>\n<li>\n<h4><strong>Dur\u00e9e de conservation<\/strong>: 2 ans<\/h4>\n<\/li>\n<li>\n<h4><strong>Exemple de disposition<\/strong>: G\u00e9n\u00e9ralement, 5 \u00e0 20 g d&#039;\u00e9chantillon sont fournis pour chaque produit ; des frais d&#039;\u00e9chantillon sont factur\u00e9s pour certains produits.<\/h4>\n<\/li>\n<li>\n<h4><strong>Emballage du produit<\/strong>:Emball\u00e9 dans des f\u00fbts en carton ou des sacs en aluminium (personnalisables selon les exigences du client)<\/h4>\n<\/li>\n<li>\n<h4><strong>D\u00e9lai de livraison<\/strong>: Les produits non personnalis\u00e9s seront exp\u00e9di\u00e9s dans les 48 heures ; le d\u00e9lai de livraison des produits personnalis\u00e9s sera ajust\u00e9 en fonction des besoins r\u00e9els.<\/h4>\n<\/li>\n<li>\n<h4><strong>M\u00e9thode d&#039;emballage<\/strong>: 25 kg par f\u00fbt en carton ou sac en aluminium ; l&#039;emballage peut \u00eatre ajust\u00e9 en fonction des conditions r\u00e9elles.<\/h4>\n<\/li>\n<li>\n<h4><strong>Mode de transport<\/strong>:Livraison express nationale ou logistique ; le prix indiqu\u00e9 comprend les frais de transport.<\/h4>\n<\/li>\n<li>\n<h4><strong>Conditions de stockage<\/strong>:Scell\u00e9 et prot\u00e9g\u00e9 de la lumi\u00e8re, conserv\u00e9 dans un endroit sec, frais et bien ventil\u00e9<\/h4>\n<\/li>\n<\/ul>","protected":false},"featured_media":9975,"comment_status":"closed","ping_status":"closed","template":"","meta":[],"product_brand":[],"product_cat":[17,24],"product_tag":[],"class_list":{"0":"post-9974","1":"product","2":"type-product","3":"status-publish","4":"has-post-thumbnail","6":"product_cat-plant-extract","7":"product_cat-ratio-extract","9":"first","10":"instock","11":"shipping-taxable","12":"product-type-simple"},"_links":{"self":[{"href":"https:\/\/www.hvbio.com\/fr\/wp-json\/wp\/v2\/product\/9974","targetHints":{"allow":["GET"]}}],"collection":[{"href":"https:\/\/www.hvbio.com\/fr\/wp-json\/wp\/v2\/product"}],"about":[{"href":"https:\/\/www.hvbio.com\/fr\/wp-json\/wp\/v2\/types\/product"}],"replies":[{"embeddable":true,"href":"https:\/\/www.hvbio.com\/fr\/wp-json\/wp\/v2\/comments?post=9974"}],"wp:featuredmedia":[{"embeddable":true,"href":"https:\/\/www.hvbio.com\/fr\/wp-json\/wp\/v2\/media\/9975"}],"wp:attachment":[{"href":"https:\/\/www.hvbio.com\/fr\/wp-json\/wp\/v2\/media?parent=9974"}],"wp:term":[{"taxonomy":"product_brand","embeddable":true,"href":"https:\/\/www.hvbio.com\/fr\/wp-json\/wp\/v2\/product_brand?post=9974"},{"taxonomy":"product_cat","embeddable":true,"href":"https:\/\/www.hvbio.com\/fr\/wp-json\/wp\/v2\/product_cat?post=9974"},{"taxonomy":"product_tag","embeddable":true,"href":"https:\/\/www.hvbio.com\/fr\/wp-json\/wp\/v2\/product_tag?post=9974"}],"curies":[{"name":"wp","href":"https:\/\/api.w.org\/{rel}","templated":true}]}}