{"id":9979,"date":"2025-09-01T16:08:17","date_gmt":"2025-09-01T08:08:17","guid":{"rendered":"https:\/\/www.hvbio.com\/?post_type=product&#038;p=9979"},"modified":"2025-09-01T16:08:18","modified_gmt":"2025-09-01T08:08:18","slug":"psoralea-corylifolia-extract","status":"publish","type":"product","link":"https:\/\/www.hvbio.com\/fr\/produit\/psoralea-corylifolia-extract\/","title":{"rendered":"extrait de Psoralea corylifolia"},"content":{"rendered":"<table>\n<thead>\n<tr>\n<th>Article<\/th>\n<th>Description<\/th>\n<\/tr>\n<\/thead>\n<tbody>\n<tr>\n<td>Nom du produit<\/td>\n<td>Psoralea Corylifolia Extract<br class=\"container-Uxvbjy wrapper-GYqxgQ undefined\" \/><br class=\"container-Uxvbjy wrapper-GYqxgQ undefined\" \/>Psoralea corylifolia Linn. (scientific name), also known as Poguzhi, Poguzhi (alternative Chinese names), or Hujiezi. It belongs to the Rosales order, Fabaceae family, an annual upright herb, 60-150cm tall. The leaves are simple leaves, 7-8mm long; petioles are 2-4.5cm long, leaves are broadly ovate. Inflorescences are axillary, with 10-30 flowers, corollas are yellow or blue, petals have obvious claw, and standard petals are obovate. The legumes are ovate.<\/td>\n<\/tr>\n<tr>\n<td>Nom anglais<\/td>\n<td>Fructus psoraleae extract<\/td>\n<\/tr>\n<tr>\n<td>Sp\u00e9cification<\/td>\n<td>1:1<\/td>\n<\/tr>\n<tr>\n<td>Apparence<\/td>\n<td>Poudre brun-jaune<\/td>\n<\/tr>\n<tr>\n<td>Source d&#039;extraction<\/td>\n<td>Mature seeds<\/td>\n<\/tr>\n<tr>\n<td>Dur\u00e9e de conservation<\/td>\n<td>24 mois<\/td>\n<\/tr>\n<tr>\n<td>Express et logistique<\/td>\n<td>Livraison express ou logistique. La livraison express nationale est g\u00e9n\u00e9ralement effectu\u00e9e sous 3 jours, et la livraison logistique sous 5 jours. Le devis inclut g\u00e9n\u00e9ralement les frais de transport national.<\/td>\n<\/tr>\n<tr>\n<td>Exemple de disposition<\/td>\n<td>En g\u00e9n\u00e9ral, des petits \u00e9chantillons de 5 \u00e0 20 g sont fournis pour les produits ; certains produits facturent des frais d&#039;\u00e9chantillonnage.<\/td>\n<\/tr>\n<tr>\n<td>Emballage du produit<\/td>\n<td>Emballage en f\u00fbt de papier ou en sac en aluminium (l&#039;emballage peut \u00eatre personnalis\u00e9 selon les exigences du client)<\/td>\n<\/tr>\n<\/tbody>\n<\/table>","protected":false},"excerpt":{"rendered":"<p>Item Description Product Name Psoralea Corylifolia ExtractPsoralea corylifolia Linn. (scientific name), also known as Poguzhi, Poguzhi (alternative Chinese names), or<\/p>","protected":false},"featured_media":9980,"comment_status":"closed","ping_status":"closed","template":"","meta":[],"product_brand":[],"product_cat":[17,24],"product_tag":[],"class_list":{"0":"post-9979","1":"product","2":"type-product","3":"status-publish","4":"has-post-thumbnail","6":"product_cat-plant-extract","7":"product_cat-ratio-extract","9":"first","10":"instock","11":"shipping-taxable","12":"product-type-simple"},"_links":{"self":[{"href":"https:\/\/www.hvbio.com\/fr\/wp-json\/wp\/v2\/product\/9979","targetHints":{"allow":["GET"]}}],"collection":[{"href":"https:\/\/www.hvbio.com\/fr\/wp-json\/wp\/v2\/product"}],"about":[{"href":"https:\/\/www.hvbio.com\/fr\/wp-json\/wp\/v2\/types\/product"}],"replies":[{"embeddable":true,"href":"https:\/\/www.hvbio.com\/fr\/wp-json\/wp\/v2\/comments?post=9979"}],"wp:featuredmedia":[{"embeddable":true,"href":"https:\/\/www.hvbio.com\/fr\/wp-json\/wp\/v2\/media\/9980"}],"wp:attachment":[{"href":"https:\/\/www.hvbio.com\/fr\/wp-json\/wp\/v2\/media?parent=9979"}],"wp:term":[{"taxonomy":"product_brand","embeddable":true,"href":"https:\/\/www.hvbio.com\/fr\/wp-json\/wp\/v2\/product_brand?post=9979"},{"taxonomy":"product_cat","embeddable":true,"href":"https:\/\/www.hvbio.com\/fr\/wp-json\/wp\/v2\/product_cat?post=9979"},{"taxonomy":"product_tag","embeddable":true,"href":"https:\/\/www.hvbio.com\/fr\/wp-json\/wp\/v2\/product_tag?post=9979"}],"curies":[{"name":"wp","href":"https:\/\/api.w.org\/{rel}","templated":true}]}}