{"id":9986,"date":"2025-09-01T16:20:45","date_gmt":"2025-09-01T08:20:45","guid":{"rendered":"https:\/\/www.hvbio.com\/?post_type=product&#038;p=9986"},"modified":"2025-09-01T16:20:46","modified_gmt":"2025-09-01T08:20:46","slug":"fenugreek-extract","status":"publish","type":"product","link":"https:\/\/www.hvbio.com\/fr\/produit\/fenugreek-extract\/","title":{"rendered":"Extrait de fenugrec"},"content":{"rendered":"<table>\n<thead>\n<tr>\n<th><strong>Article<\/strong><\/th>\n<th><strong>D\u00e9tails<\/strong><\/th>\n<\/tr>\n<\/thead>\n<tbody>\n<tr>\n<td>Nom du produit<\/td>\n<td>Extrait de fenugrec<\/td>\n<\/tr>\n<tr>\n<td>Ingr\u00e9dients principaux<\/td>\n<td>Alcalo\u00efdes, saponines, flavono\u00efdes<\/td>\n<\/tr>\n<tr>\n<td>Source d&#039;extraction<\/td>\n<td>L&#039;extrait est d\u00e9riv\u00e9 des graines m\u00fbres de\u00a0<em>Trigonella foenum-graecum<\/em>\u00a0L. (une plante du genre\u00a0<em>Trigonelle<\/em>\u00a0dans la famille des Fabac\u00e9es)<\/td>\n<\/tr>\n<tr>\n<td>Apparence<\/td>\n<td>Poudre jaune brun\u00e2tre clair<\/td>\n<\/tr>\n<tr>\n<td>M\u00e9thode de d\u00e9tection<\/td>\n<td>CCM (chromatographie sur couche mince)<\/td>\n<\/tr>\n<tr>\n<td>Formes posologiques d&#039;application<\/td>\n<td>Large gamme d&#039;applications<\/td>\n<\/tr>\n<tr>\n<td>D\u00e9lai d&#039;approvisionnement<\/td>\n<td>Disponible toute l&#039;ann\u00e9e<\/td>\n<\/tr>\n<tr>\n<td>Conditions de stockage<\/td>\n<td>Conserver dans un r\u00e9cipient herm\u00e9tiquement ferm\u00e9, dans un endroit frais, sec et \u00e0 l&#039;abri de la lumi\u00e8re, \u00e0 l&#039;abri des sources de chaleur et des environnements humides.<\/td>\n<\/tr>\n<tr>\n<td>Dur\u00e9e de conservation<\/td>\n<td>Deux ans<\/td>\n<\/tr>\n<\/tbody>\n<\/table>","protected":false},"excerpt":{"rendered":"<h3 class=\"header-vfC6AV auto-hide-last-sibling-br\">Nom du produit : Extrait de fenugrec<\/h3>\n<h3 class=\"header-vfC6AV auto-hide-last-sibling-br\">Ingr\u00e9dients principaux : Alcalo\u00efdes, Saponines, Flavono\u00efdes<\/h3>\n<h3 class=\"header-vfC6AV auto-hide-last-sibling-br\">Source d&#039;extraction : L&#039;extrait est d\u00e9riv\u00e9 des graines m\u00fbres de\u00a0<em>Trigonella foenum-graecum<\/em>\u00a0L. (une plante du genre\u00a0<em>Trigonelle<\/em>\u00a0dans la famille des Fabac\u00e9es)<\/h3>\n<h3 class=\"header-vfC6AV auto-hide-last-sibling-br\">Aspect : Poudre jaune brun clair<\/h3>\n<h3 class=\"header-vfC6AV auto-hide-last-sibling-br\">M\u00e9thode de d\u00e9tection : CCM (chromatographie sur couche mince)<\/h3>\n<h3 class=\"header-vfC6AV auto-hide-last-sibling-br\">Formes posologiques d&#039;application : Large gamme d&#039;applications<\/h3>\n<h3 class=\"header-vfC6AV auto-hide-last-sibling-br\">D\u00e9lais d&#039;approvisionnement : Disponible toute l&#039;ann\u00e9e<\/h3>\n<h3 class=\"header-vfC6AV auto-hide-last-sibling-br\">Notes d&#039;achat<\/h3>\n<ul class=\"auto-hide-last-sibling-br\">\n<li>\n<h3><strong>M\u00e9thode d&#039;emballage<\/strong>: 25 kg par f\u00fbt en carton ou sac en aluminium<\/h3>\n<\/li>\n<li>\n<h3><strong>Conditions de stockage<\/strong>:Doit \u00eatre scell\u00e9 et prot\u00e9g\u00e9 de la lumi\u00e8re, et conserv\u00e9 dans un endroit sec, frais et bien ventil\u00e9<\/h3>\n<\/li>\n<li>\n<h3><strong>Dur\u00e9e de conservation<\/strong>: 2 ans<\/h3>\n<\/li>\n<li>\n<h3><strong>Exemple de disposition<\/strong>: G\u00e9n\u00e9ralement, 5 \u00e0 20 g d&#039;\u00e9chantillon sont fournis pour le produit ; des frais d&#039;\u00e9chantillon sont factur\u00e9s pour certains produits.<\/h3>\n<\/li>\n<li>\n<h3><strong>Emballage du produit<\/strong>:Emball\u00e9 dans des f\u00fbts en carton ou des sacs en aluminium (l&#039;emballage peut \u00eatre personnalis\u00e9 selon les exigences du client)<\/h3>\n<\/li>\n<li>\n<h3><strong>D\u00e9lai de livraison<\/strong>: Les produits non personnalis\u00e9s seront exp\u00e9di\u00e9s dans les 48 heures ; le d\u00e9lai de livraison des produits personnalis\u00e9s sera ajust\u00e9 en fonction des besoins r\u00e9els.<\/h3>\n<\/li>\n<li>\n<h3><strong>M\u00e9thode d&#039;emballage<\/strong>: 25 kg par f\u00fbt en carton ou sac en aluminium ; l&#039;emballage peut \u00eatre ajust\u00e9 en fonction des conditions r\u00e9elles.<\/h3>\n<\/li>\n<li>\n<h3><strong>Mode de transport<\/strong>:Livraison express nationale ou logistique ; le prix indiqu\u00e9 comprend les frais de transport.<\/h3>\n<\/li>\n<li>\n<h3><strong>Conditions de stockage<\/strong>:Scell\u00e9 et prot\u00e9g\u00e9 de la lumi\u00e8re, conserv\u00e9 dans un endroit sec, frais et bien ventil\u00e9<\/h3>\n<\/li>\n<\/ul>","protected":false},"featured_media":9987,"comment_status":"closed","ping_status":"closed","template":"","meta":[],"product_brand":[],"product_cat":[17,24],"product_tag":[],"class_list":{"0":"post-9986","1":"product","2":"type-product","3":"status-publish","4":"has-post-thumbnail","6":"product_cat-plant-extract","7":"product_cat-ratio-extract","9":"first","10":"instock","11":"shipping-taxable","12":"product-type-simple"},"_links":{"self":[{"href":"https:\/\/www.hvbio.com\/fr\/wp-json\/wp\/v2\/product\/9986","targetHints":{"allow":["GET"]}}],"collection":[{"href":"https:\/\/www.hvbio.com\/fr\/wp-json\/wp\/v2\/product"}],"about":[{"href":"https:\/\/www.hvbio.com\/fr\/wp-json\/wp\/v2\/types\/product"}],"replies":[{"embeddable":true,"href":"https:\/\/www.hvbio.com\/fr\/wp-json\/wp\/v2\/comments?post=9986"}],"wp:featuredmedia":[{"embeddable":true,"href":"https:\/\/www.hvbio.com\/fr\/wp-json\/wp\/v2\/media\/9987"}],"wp:attachment":[{"href":"https:\/\/www.hvbio.com\/fr\/wp-json\/wp\/v2\/media?parent=9986"}],"wp:term":[{"taxonomy":"product_brand","embeddable":true,"href":"https:\/\/www.hvbio.com\/fr\/wp-json\/wp\/v2\/product_brand?post=9986"},{"taxonomy":"product_cat","embeddable":true,"href":"https:\/\/www.hvbio.com\/fr\/wp-json\/wp\/v2\/product_cat?post=9986"},{"taxonomy":"product_tag","embeddable":true,"href":"https:\/\/www.hvbio.com\/fr\/wp-json\/wp\/v2\/product_tag?post=9986"}],"curies":[{"name":"wp","href":"https:\/\/api.w.org\/{rel}","templated":true}]}}