{"id":9991,"date":"2025-09-01T16:25:06","date_gmt":"2025-09-01T08:25:06","guid":{"rendered":"https:\/\/www.hvbio.com\/?post_type=product&#038;p=9991"},"modified":"2025-09-01T16:25:06","modified_gmt":"2025-09-01T08:25:06","slug":"prickly-pear-powder","status":"publish","type":"product","link":"https:\/\/www.hvbio.com\/fr\/produit\/prickly-pear-powder\/","title":{"rendered":"Poudre de figue de Barbarie"},"content":{"rendered":"<div class=\"inter-H_fm37\">\n<div class=\"container-PvPoAn\">\n<div class=\"item-kDun2N\">\n<div class=\"container-SrVXPg chrome70-container\">\n<div class=\"inner-Qo5lJS inner-item-Nz3mG4\" data-target-id=\"message-box-target-id\" data-testid=\"union_message\">\n<div class=\"message-block-container-PggqdK\" data-testid=\"message-block-container\">\n<div class=\"flex flex-row w-full w-full max-w-full s-font-base text-s-color-text-secondary p-0 rounded-s-radius-s bg-transparent group data-[attr=select-mode]:-mt-10 data-[attr=select-mode]:py-10 data-[attr=select-mode]:px-16 data-[attr=select-mode]:sm:p-10 data-[attr=select-mode]:hover:bg-s-color-bg-base data-[attr=select-mode]:hover:rounded-s-radius-xs data-[attr=select-mode]:has-[:checked]:bg-s-color-bg-trans data-[attr=select-mode]:has-[:checked]:rounded-s-radius-xs data-[attr=select-mode]:pointer-events-none\" data-testid=\"receive_message\">\n<div class=\"flex flex-col flex-grow max-w-full min-w-0\">\n<div class=\"flex flex-row w-full\" data-testid=\"message_content\" data-message-id=\"18846103985642242\">\n<div class=\"w-full\" data-plugin-identifier=\"Symbol(infra:receive-message-box:text)\">\n<div class=\"container-P2rR72 flow-markdown-body theme-samantha-uDexJL\" dir=\"ltr\" data-testid=\"message_text_content\" data-show-indicator=\"false\">\n<div class=\"auto-hide-last-sibling-br mdbox-table-root table-container-cYf_5N\" data-scroll-inline-overflow=\"false\" data-scroll-inline-at-start=\"true\" data-scroll-inline-start-overflow=\"false\" data-scroll-inline-at-end=\"true\" data-scroll-inline-end-overflow=\"false\">\n<div class=\"table-scroll-container-Gyf4hQ mdbox-table-scroll-container\">\n<table>\n<thead>\n<tr>\n<th>Article<\/th>\n<th>Description<\/th>\n<\/tr>\n<\/thead>\n<tbody>\n<tr>\n<td>Nom du produit<\/td>\n<td>Poudre de figue de Barbarie<\/td>\n<\/tr>\n<tr>\n<td>Nom latin de la plante<\/td>\n<td>Opuntia dil\u00e9nini<\/td>\n<\/tr>\n<tr>\n<td>Noms alternatifs des produits<\/td>\n<td>Xianbazhang (palmier f\u00e9erique), Bawangshu (arbre suzerain), Huoyan (flamme), Huozhang (palmier de feu)<\/td>\n<\/tr>\n<tr>\n<td>Source d&#039;utilisation<\/td>\n<td>Racines et tiges de\u00a0<em>Opuntia dillenii<\/em>\u00a0Haw, une plante de la famille des Cactac\u00e9es<\/td>\n<\/tr>\n<tr>\n<td>R\u00e9partition g\u00e9ographique<\/td>\n<td>Originaire de la c\u00f4te est du Mexique, des c\u00f4tes sud et sud-est des \u00c9tats-Unis, des Antilles, des Bermudes et du nord de l&#039;Am\u00e9rique du Sud, elle s&#039;est naturalis\u00e9e aux \u00eeles Canaries, en Inde et dans l&#039;est de l&#039;Australie. Introduite en Chine \u00e0 la fin de la dynastie Ming, elle est couramment cultiv\u00e9e sur les c\u00f4tes du sud de la Chine. Elle s&#039;est \u00e9galement naturalis\u00e9e dans le sud du Guangdong, le sud du Guangxi et les zones c\u00f4ti\u00e8res de Hainan.<\/td>\n<\/tr>\n<tr>\n<td>Composant principal<\/td>\n<td>Polysaccharides<\/td>\n<\/tr>\n<tr>\n<td>Sp\u00e9cifications du produit<\/td>\n<td>Ce produit est de la poudre de jus de cactus. Pour d&#039;autres sp\u00e9cifications, veuillez contacter le service client.<\/td>\n<\/tr>\n<tr>\n<td>Caract\u00e8re du produit<\/td>\n<td>Poudre rouge<\/td>\n<\/tr>\n<tr>\n<td>Taille des mailles du produit<\/td>\n<td>98% passe \u00e0 travers un tamis de 80 mesh<\/td>\n<\/tr>\n<tr>\n<td>M\u00e9thode d&#039;emballage<\/td>\n<td>25 kg par f\u00fbt en papier ou sac en aluminium<\/td>\n<\/tr>\n<tr>\n<td>Conditions de stockage<\/td>\n<td>Doit \u00eatre scell\u00e9 et prot\u00e9g\u00e9 de la lumi\u00e8re, conserv\u00e9 dans un endroit sec, frais et bien ventil\u00e9.<\/td>\n<\/tr>\n<tr>\n<td>Dur\u00e9e de conservation<\/td>\n<td>24 mois<\/td>\n<\/tr>\n<tr>\n<td>Express et logistique<\/td>\n<td>Livraison express ou logistique. La livraison express nationale est g\u00e9n\u00e9ralement effectu\u00e9e sous 3 jours, et la livraison logistique sous 5 jours. Le devis inclut g\u00e9n\u00e9ralement les frais de transport national.<\/td>\n<\/tr>\n<tr>\n<td>Exemple de disposition<\/td>\n<td>En g\u00e9n\u00e9ral, des petits \u00e9chantillons de 5 \u00e0 20 g sont fournis pour les produits ; certains produits facturent des frais d&#039;\u00e9chantillonnage.<\/td>\n<\/tr>\n<tr>\n<td>Emballage du produit<\/td>\n<td>Emballage en f\u00fbt de papier ou en sac en aluminium (l&#039;emballage peut \u00eatre personnalis\u00e9 selon les exigences du client)<\/td>\n<\/tr>\n<\/tbody>\n<\/table>\n<\/div>\n<\/div>\n<\/div>\n<\/div>\n<\/div>\n<div class=\"suggest-message-list-wrapper-QLdGFg\" data-testid=\"suggest_message_list\"><\/div>\n<\/div>\n<\/div>\n<\/div>\n<\/div>\n<\/div>\n<\/div>\n<\/div>\n<\/div>\n<div class=\"top-FLPRDF\">\n<div class=\"container-SrVXPg chrome70-container\"><\/div>\n<\/div>","protected":false},"excerpt":{"rendered":"<p>Item Description Product Name Prickly Pear Powder Plant Latin Name Opuntia dilenini Product Alternative Names Xianbazhang (Fairy Palm), Bawangshu (Overlord<\/p>","protected":false},"featured_media":9992,"comment_status":"closed","ping_status":"closed","template":"","meta":[],"product_brand":[],"product_cat":[20,18],"product_tag":[],"class_list":{"0":"post-9991","1":"product","2":"type-product","3":"status-publish","4":"has-post-thumbnail","6":"product_cat-fruit-powder","7":"product_cat-fruit-and-vegetable-powder","9":"first","10":"instock","11":"shipping-taxable","12":"product-type-simple"},"_links":{"self":[{"href":"https:\/\/www.hvbio.com\/fr\/wp-json\/wp\/v2\/product\/9991","targetHints":{"allow":["GET"]}}],"collection":[{"href":"https:\/\/www.hvbio.com\/fr\/wp-json\/wp\/v2\/product"}],"about":[{"href":"https:\/\/www.hvbio.com\/fr\/wp-json\/wp\/v2\/types\/product"}],"replies":[{"embeddable":true,"href":"https:\/\/www.hvbio.com\/fr\/wp-json\/wp\/v2\/comments?post=9991"}],"wp:featuredmedia":[{"embeddable":true,"href":"https:\/\/www.hvbio.com\/fr\/wp-json\/wp\/v2\/media\/9992"}],"wp:attachment":[{"href":"https:\/\/www.hvbio.com\/fr\/wp-json\/wp\/v2\/media?parent=9991"}],"wp:term":[{"taxonomy":"product_brand","embeddable":true,"href":"https:\/\/www.hvbio.com\/fr\/wp-json\/wp\/v2\/product_brand?post=9991"},{"taxonomy":"product_cat","embeddable":true,"href":"https:\/\/www.hvbio.com\/fr\/wp-json\/wp\/v2\/product_cat?post=9991"},{"taxonomy":"product_tag","embeddable":true,"href":"https:\/\/www.hvbio.com\/fr\/wp-json\/wp\/v2\/product_tag?post=9991"}],"curies":[{"name":"wp","href":"https:\/\/api.w.org\/{rel}","templated":true}]}}