{"id":9996,"date":"2025-09-01T16:27:20","date_gmt":"2025-09-01T08:27:20","guid":{"rendered":"https:\/\/www.hvbio.com\/?post_type=product&#038;p=9996"},"modified":"2025-09-01T16:27:20","modified_gmt":"2025-09-01T08:27:20","slug":"kava-extract","status":"publish","type":"product","link":"https:\/\/www.hvbio.com\/fr\/produit\/kava-extract\/","title":{"rendered":"Extrait de kava"},"content":{"rendered":"<table style=\"height: 433px;\" width=\"1118\">\n<thead>\n<tr>\n<th>Article<\/th>\n<th>Traduction anglaise<\/th>\n<\/tr>\n<\/thead>\n<tbody>\n<tr>\n<td>Nom du produit<\/td>\n<td>Extrait de kava<\/td>\n<\/tr>\n<tr>\n<td>Ingr\u00e9dients principaux<\/td>\n<td>Kavalactones, alcalo\u00efdes et d\u00e9riv\u00e9s de nicotinamide<\/td>\n<\/tr>\n<tr>\n<td>Source d&#039;extraction<\/td>\n<td>L&#039;extrait est d\u00e9riv\u00e9 des racines ou des rhizomes s\u00e9ch\u00e9s de\u00a0<em>Piper methysticum<\/em>\u00a0(une plante de la famille des Pip\u00e9rac\u00e9es)<\/td>\n<\/tr>\n<tr>\n<td>Apparence<\/td>\n<td>Poudre brune<\/td>\n<\/tr>\n<tr>\n<td>M\u00e9thode de d\u00e9tection<\/td>\n<td>CCM (chromatographie sur couche mince)<\/td>\n<\/tr>\n<tr>\n<td>Formes posologiques d&#039;application<\/td>\n<td>Large gamme d&#039;applications (par exemple, capsules, comprim\u00e9s, poudres, formulations liquides)<\/td>\n<\/tr>\n<tr>\n<td>D\u00e9lai d&#039;approvisionnement<\/td>\n<td>Disponible toute l&#039;ann\u00e9e<\/td>\n<\/tr>\n<tr>\n<td>Stockage<\/td>\n<td>Conserver dans un r\u00e9cipient herm\u00e9tique, dans un endroit frais, sec et sombre, \u00e0 l&#039;abri de la chaleur et de l&#039;humidit\u00e9.<\/td>\n<\/tr>\n<tr>\n<td>Dur\u00e9e de conservation<\/td>\n<td>Deux ans<\/td>\n<\/tr>\n<\/tbody>\n<\/table>","protected":false},"excerpt":{"rendered":"<h4 class=\"header-vfC6AV auto-hide-last-sibling-br\">Nom du produit : Extrait de kava<\/h4>\n<h4 class=\"header-vfC6AV auto-hide-last-sibling-br\">Ingr\u00e9dients principaux : kavalactones, alcalo\u00efdes et d\u00e9riv\u00e9s de nicotinamide<\/h4>\n<h4 class=\"header-vfC6AV auto-hide-last-sibling-br\">Source d&#039;extraction : L&#039;extrait est d\u00e9riv\u00e9 des racines ou rhizomes s\u00e9ch\u00e9s de\u00a0<em>Piper methysticum<\/em>\u00a0(une plante de la famille des Pip\u00e9rac\u00e9es)<\/h4>\n<h4 class=\"header-vfC6AV auto-hide-last-sibling-br\">Aspect : Poudre brune<\/h4>\n<h4 class=\"header-vfC6AV auto-hide-last-sibling-br\">M\u00e9thode de d\u00e9tection : CCM (chromatographie sur couche mince)<\/h4>\n<h4 class=\"header-vfC6AV auto-hide-last-sibling-br\">Formes posologiques d&#039;application : Large gamme d&#039;applications<\/h4>\n<h4 class=\"header-vfC6AV auto-hide-last-sibling-br\">D\u00e9lais d&#039;approvisionnement : Disponible toute l&#039;ann\u00e9e<\/h4>\n<h4 class=\"header-vfC6AV auto-hide-last-sibling-br\">Instructions d&#039;achat<\/h4>\n<ul class=\"auto-hide-last-sibling-br\">\n<li>\n<h4>\u3010M\u00e9thode d&#039;emballage\u301125 kg par f\u00fbt en fibre ou sac en aluminium<\/h4>\n<\/li>\n<li>\n<h4>\u3010Conditions de stockage\u3011Doit \u00eatre scell\u00e9 et prot\u00e9g\u00e9 de la lumi\u00e8re, stock\u00e9 dans un endroit sec, frais et bien ventil\u00e9<\/h4>\n<\/li>\n<li>\n<h4>\u3010Dur\u00e9e de conservation\u30112 ans<\/h4>\n<\/li>\n<li>\n<h4>\u3010Fourniture d&#039;\u00e9chantillons\u3011En g\u00e9n\u00e9ral, des \u00e9chantillons de 5 \u00e0 20 g sont fournis pour la plupart des produits ; des frais d&#039;\u00e9chantillon sont factur\u00e9s pour certains produits.<\/h4>\n<\/li>\n<li>\n<h4>\u3010Emballage du produit\u3011Emball\u00e9 dans des f\u00fbts en fibre ou des sacs en aluminium (emballage personnalisable disponible sur demande du client)<\/h4>\n<\/li>\n<li>\n<h4>\u3010D\u00e9lai de livraison\u3011Les produits non personnalis\u00e9s seront exp\u00e9di\u00e9s dans les 48 heures ; le d\u00e9lai de livraison des produits personnalis\u00e9s sera ajust\u00e9 en fonction des besoins r\u00e9els.<\/h4>\n<\/li>\n<li>\n<h4>\u3010M\u00e9thode d&#039;emballage\u301125 kg par f\u00fbt en fibre ou sac en aluminium ; l&#039;emballage peut \u00eatre ajust\u00e9 en fonction des circonstances r\u00e9elles.<\/h4>\n<\/li>\n<li>\n<h4>\u3010Mode de transport\u3011Livraison express nationale ou logistique ; le prix indiqu\u00e9 comprend les frais de transport.<\/h4>\n<\/li>\n<li>\n<h4>\u3010Conditions de stockage\u3011Scell\u00e9 et prot\u00e9g\u00e9 de la lumi\u00e8re, stock\u00e9 dans un endroit sec, frais et bien ventil\u00e9.<\/h4>\n<\/li>\n<\/ul>","protected":false},"featured_media":9997,"comment_status":"closed","ping_status":"closed","template":"","meta":[],"product_brand":[],"product_cat":[17,24],"product_tag":[],"class_list":{"0":"post-9996","1":"product","2":"type-product","3":"status-publish","4":"has-post-thumbnail","6":"product_cat-plant-extract","7":"product_cat-ratio-extract","9":"first","10":"instock","11":"shipping-taxable","12":"product-type-simple"},"_links":{"self":[{"href":"https:\/\/www.hvbio.com\/fr\/wp-json\/wp\/v2\/product\/9996","targetHints":{"allow":["GET"]}}],"collection":[{"href":"https:\/\/www.hvbio.com\/fr\/wp-json\/wp\/v2\/product"}],"about":[{"href":"https:\/\/www.hvbio.com\/fr\/wp-json\/wp\/v2\/types\/product"}],"replies":[{"embeddable":true,"href":"https:\/\/www.hvbio.com\/fr\/wp-json\/wp\/v2\/comments?post=9996"}],"wp:featuredmedia":[{"embeddable":true,"href":"https:\/\/www.hvbio.com\/fr\/wp-json\/wp\/v2\/media\/9997"}],"wp:attachment":[{"href":"https:\/\/www.hvbio.com\/fr\/wp-json\/wp\/v2\/media?parent=9996"}],"wp:term":[{"taxonomy":"product_brand","embeddable":true,"href":"https:\/\/www.hvbio.com\/fr\/wp-json\/wp\/v2\/product_brand?post=9996"},{"taxonomy":"product_cat","embeddable":true,"href":"https:\/\/www.hvbio.com\/fr\/wp-json\/wp\/v2\/product_cat?post=9996"},{"taxonomy":"product_tag","embeddable":true,"href":"https:\/\/www.hvbio.com\/fr\/wp-json\/wp\/v2\/product_tag?post=9996"}],"curies":[{"name":"wp","href":"https:\/\/api.w.org\/{rel}","templated":true}]}}