{"id":10003,"date":"2025-09-01T16:34:28","date_gmt":"2025-09-01T08:34:28","guid":{"rendered":"https:\/\/www.hvbio.com\/?post_type=product&#038;p=10003"},"modified":"2025-09-01T16:34:28","modified_gmt":"2025-09-01T08:34:28","slug":"polygonum-aviculare-extract","status":"publish","type":"product","link":"https:\/\/www.hvbio.com\/pt\/produto\/polygonum-aviculare-extract\/","title":{"rendered":"Extrato de Polygonum Aviculare"},"content":{"rendered":"<div class=\"inter-H_fm37\">\n<div class=\"container-PvPoAn\">\n<div class=\"item-kDun2N\">\n<div class=\"container-SrVXPg chrome70-container\">\n<div class=\"inner-Qo5lJS inner-item-Nz3mG4\" data-target-id=\"message-box-target-id\" data-testid=\"union_message\">\n<div class=\"message-block-container-PggqdK\" data-testid=\"message-block-container\">\n<div class=\"flex flex-row w-full w-full max-w-full s-font-base text-s-color-text-secondary p-0 rounded-s-radius-s bg-transparent group data-[attr=select-mode]:-mt-10 data-[attr=select-mode]:py-10 data-[attr=select-mode]:px-16 data-[attr=select-mode]:sm:p-10 data-[attr=select-mode]:hover:bg-s-color-bg-base data-[attr=select-mode]:hover:rounded-s-radius-xs data-[attr=select-mode]:has-[:checked]:bg-s-color-bg-trans data-[attr=select-mode]:has-[:checked]:rounded-s-radius-xs data-[attr=select-mode]:pointer-events-none\" data-testid=\"receive_message\">\n<div class=\"flex flex-col flex-grow max-w-full min-w-0\">\n<div class=\"flex flex-row w-full\" data-testid=\"message_content\" data-message-id=\"18846281036019970\">\n<div class=\"w-full\" data-plugin-identifier=\"Symbol(infra:receive-message-box:text)\">\n<div class=\"container-P2rR72 flow-markdown-body theme-samantha-uDexJL\" dir=\"ltr\" data-testid=\"message_text_content\" data-show-indicator=\"false\">\n<div class=\"auto-hide-last-sibling-br mdbox-table-root table-container-cYf_5N\" data-scroll-inline-overflow=\"false\" data-scroll-inline-at-start=\"true\" data-scroll-inline-start-overflow=\"false\" data-scroll-inline-at-end=\"true\" data-scroll-inline-end-overflow=\"false\">\n<div class=\"table-scroll-container-Gyf4hQ mdbox-table-scroll-container\">\n<table>\n<thead>\n<tr>\n<th><strong>Item<\/strong><\/th>\n<th><strong>Detalhes<\/strong><\/th>\n<\/tr>\n<\/thead>\n<tbody>\n<tr>\n<td><strong>Nome do produto<\/strong><\/td>\n<td>Extrato de Polygonum Aviculare<\/td>\n<\/tr>\n<tr>\n<td><strong>Introdu\u00e7\u00e3o \u00e0 planta<\/strong><\/td>\n<td>Polygonum aviculare L. (nomes comuns: Vegetal de Folha de Bambu), uma erva anual do g\u00eanero Polygonum, da fam\u00edlia Polygonaceae. \u00c9 produzida na maioria das regi\u00f5es do sul da China.<\/td>\n<\/tr>\n<tr>\n<td><strong>Nomes Alternativos<\/strong><\/td>\n<td>Bianxu, Da Bianxu (Grande Polygonum aviculare), Niaoliao (P\u00e1ssaro Polygonum), Bianzhu (Bambu plano), Zhujiecao (grama de bambu), Zhuyacao (grama de dente de porco), Daoshengcao (grama nascida do Dao)<\/td>\n<\/tr>\n<tr>\n<td><strong>Nome latino<\/strong><\/td>\n<td>Polygonum aviculare L.<\/td>\n<\/tr>\n<tr>\n<td><strong>Fonte vegetal<\/strong><\/td>\n<td>Partes a\u00e9reas secas de Polygonum aviculare L., uma erva anual da fam\u00edlia Polygonaceae.<\/td>\n<\/tr>\n<tr>\n<td><strong>Especifica\u00e7\u00e3o<\/strong><\/td>\n<td>1:1. Para outras especifica\u00e7\u00f5es, entre em contato com o atendimento ao cliente para consulta.<\/td>\n<\/tr>\n<tr>\n<td><strong>Caracter\u00edsticas<\/strong><\/td>\n<td>P\u00f3 amarelo-amarelado, f\u00e1cil de absorver umidade, facilmente sol\u00favel em \u00e1gua, testado por TLC (Cromatografia em Camada Delgada).<\/td>\n<\/tr>\n<tr>\n<td><strong>Tamanho da malha do produto<\/strong><\/td>\n<td>98% passa por uma peneira de 80 malhas<\/td>\n<\/tr>\n<tr>\n<td><strong>M\u00e9todo de embalagem<\/strong><\/td>\n<td>25 kg por tambor de papel ou saco de papel alum\u00ednio<\/td>\n<\/tr>\n<tr>\n<td><strong>Condi\u00e7\u00f5es de armazenamento<\/strong><\/td>\n<td>Deve ser selado e protegido da luz, armazenado em local seco, fresco e bem ventilado<\/td>\n<\/tr>\n<tr>\n<td><strong>Prazo de validade<\/strong><\/td>\n<td>24 meses<\/td>\n<\/tr>\n<tr>\n<td><strong>Expresso e Log\u00edstica<\/strong><\/td>\n<td>Entrega expressa ou log\u00edstica. A entrega expressa dom\u00e9stica geralmente chega em at\u00e9 3 dias, e a log\u00edstica geralmente chega em at\u00e9 5 dias. Os or\u00e7amentos geralmente incluem os custos de transporte dom\u00e9stico.<\/td>\n<\/tr>\n<\/tbody>\n<\/table>\n<\/div>\n<\/div>\n<\/div>\n<\/div>\n<\/div>\n<div class=\"suggest-message-list-wrapper-QLdGFg\" data-testid=\"suggest_message_list\"><\/div>\n<\/div>\n<\/div>\n<\/div>\n<\/div>\n<\/div>\n<\/div>\n<\/div>\n<\/div>\n<div class=\"top-FLPRDF\">\n<div class=\"container-SrVXPg chrome70-container\"><\/div>\n<\/div>","protected":false},"excerpt":{"rendered":"<p>Detalhes do item Nome do produto Extrato de Polygonum Aviculare Introdu\u00e7\u00e3o \u00e0 planta Polygonum aviculare L. (nomes comuns: Vegetal de folha de bambu), uma erva anual<\/p>","protected":false},"featured_media":10013,"comment_status":"closed","ping_status":"closed","template":"","meta":[],"product_brand":[],"product_cat":[17,24],"product_tag":[],"class_list":{"0":"post-10003","1":"product","2":"type-product","3":"status-publish","4":"has-post-thumbnail","6":"product_cat-plant-extract","7":"product_cat-ratio-extract","9":"first","10":"instock","11":"shipping-taxable","12":"product-type-simple"},"_links":{"self":[{"href":"https:\/\/www.hvbio.com\/pt\/wp-json\/wp\/v2\/product\/10003","targetHints":{"allow":["GET"]}}],"collection":[{"href":"https:\/\/www.hvbio.com\/pt\/wp-json\/wp\/v2\/product"}],"about":[{"href":"https:\/\/www.hvbio.com\/pt\/wp-json\/wp\/v2\/types\/product"}],"replies":[{"embeddable":true,"href":"https:\/\/www.hvbio.com\/pt\/wp-json\/wp\/v2\/comments?post=10003"}],"wp:featuredmedia":[{"embeddable":true,"href":"https:\/\/www.hvbio.com\/pt\/wp-json\/wp\/v2\/media\/10013"}],"wp:attachment":[{"href":"https:\/\/www.hvbio.com\/pt\/wp-json\/wp\/v2\/media?parent=10003"}],"wp:term":[{"taxonomy":"product_brand","embeddable":true,"href":"https:\/\/www.hvbio.com\/pt\/wp-json\/wp\/v2\/product_brand?post=10003"},{"taxonomy":"product_cat","embeddable":true,"href":"https:\/\/www.hvbio.com\/pt\/wp-json\/wp\/v2\/product_cat?post=10003"},{"taxonomy":"product_tag","embeddable":true,"href":"https:\/\/www.hvbio.com\/pt\/wp-json\/wp\/v2\/product_tag?post=10003"}],"curies":[{"name":"wp","href":"https:\/\/api.w.org\/{rel}","templated":true}]}}