{"id":10005,"date":"2025-09-01T16:37:15","date_gmt":"2025-09-01T08:37:15","guid":{"rendered":"https:\/\/www.hvbio.com\/?post_type=product&#038;p=10005"},"modified":"2025-09-01T16:37:15","modified_gmt":"2025-09-01T08:37:15","slug":"nigella-extract","status":"publish","type":"product","link":"https:\/\/www.hvbio.com\/pt\/produto\/nigella-extract\/","title":{"rendered":"Extrato de Nigella"},"content":{"rendered":"<table style=\"height: 379px;\" width=\"1393\">\n<thead>\n<tr>\n<th><strong>Item<\/strong><\/th>\n<th><strong>Detalhes<\/strong><\/th>\n<\/tr>\n<\/thead>\n<tbody>\n<tr>\n<td>Nome do produto<\/td>\n<td>Extrato de Nigella<\/td>\n<\/tr>\n<tr>\n<td>Ingredientes principais<\/td>\n<td>\u00d3leo e \u00f3leo vol\u00e1til, flavonoides, saponinas<\/td>\n<\/tr>\n<tr>\n<td>Fonte de Extra\u00e7\u00e3o<\/td>\n<td>O extrato \u00e9 geralmente derivado das sementes secas e maduras de\u00a0<em>Nigella glandulifera<\/em>\u00a0Freyn ou\u00a0<em>Nigella sativa<\/em>\u00a0L. (plantas pertencentes \u00e0 fam\u00edlia Ranunculaceae)<\/td>\n<\/tr>\n<tr>\n<td>Apar\u00eancia<\/td>\n<td>P\u00f3 marrom escuro<\/td>\n<\/tr>\n<tr>\n<td>M\u00e9todo de detec\u00e7\u00e3o<\/td>\n<td>TLC (Cromatografia em Camada Delgada)<\/td>\n<\/tr>\n<tr>\n<td>Formas de dosagem de aplica\u00e7\u00e3o<\/td>\n<td>Ampla gama de aplica\u00e7\u00f5es (adequado para v\u00e1rias formas de dosagem, como c\u00e1psulas, comprimidos, p\u00f3s, l\u00edquidos orais e produtos para cuidados com a pele)<\/td>\n<\/tr>\n<tr>\n<td>Tempo de fornecimento<\/td>\n<td>Dispon\u00edvel durante todo o ano<\/td>\n<\/tr>\n<tr>\n<td>Condi\u00e7\u00f5es de armazenamento<\/td>\n<td>Armazene em recipiente fechado, mantenha em local fresco, seco e protegido da luz, longe de fontes de calor e ambientes \u00famidos.<\/td>\n<\/tr>\n<tr>\n<td>Prazo de validade<\/td>\n<td>Dois anos<\/td>\n<\/tr>\n<\/tbody>\n<\/table>","protected":false},"excerpt":{"rendered":"<h4 class=\"header-vfC6AV auto-hide-last-sibling-br\">Nome do produto: Extrato de Nigella<\/h4>\n<h4 class=\"header-vfC6AV auto-hide-last-sibling-br\">Ingredientes principais: \u00d3leos e \u00f3leos vol\u00e1teis, flavonoides, saponinas<\/h4>\n<h4 class=\"header-vfC6AV auto-hide-last-sibling-br\">Fonte de extra\u00e7\u00e3o: O extrato \u00e9 geralmente derivado das sementes secas e maduras de\u00a0<em>Nigella glandulifera<\/em>\u00a0ou\u00a0<em>Nigella sativa<\/em>\u00a0(pertencente \u00e0 fam\u00edlia Ranunculaceae).<\/h4>\n<h4 class=\"header-vfC6AV auto-hide-last-sibling-br\">Apar\u00eancia: P\u00f3 marrom escuro<\/h4>\n<h4 class=\"header-vfC6AV auto-hide-last-sibling-br\">M\u00e9todo de detec\u00e7\u00e3o: TLC (Cromatografia em camada fina)<\/h4>\n<h4 class=\"header-vfC6AV auto-hide-last-sibling-br\">Formas de dosagem de aplica\u00e7\u00e3o: Ampla gama<\/h4>\n<h4 class=\"header-vfC6AV auto-hide-last-sibling-br\">Per\u00edodo de fornecimento: durante todo o ano<\/h4>\n<h4 class=\"header-vfC6AV auto-hide-last-sibling-br\">Instru\u00e7\u00f5es de compra<\/h4>\n<ul class=\"auto-hide-last-sibling-br\">\n<li>\n<h4>\u3010M\u00e9todo de embalagem\u301125 kg por tambor de papel\u00e3o ou saco de papel alum\u00ednio<\/h4>\n<\/li>\n<li>\n<h4>\u3010Condi\u00e7\u00f5es de armazenamento\u3011Deve ser selado e protegido da luz, armazenado em local seco, fresco e bem ventilado<\/h4>\n<\/li>\n<li>\n<h4>\u3010Validade\u3011Dois anos<\/h4>\n<\/li>\n<li>\n<h4>\u3010Fornecimento de amostras\u3011Geralmente, amostras de 5-20 g s\u00e3o fornecidas para a maioria dos produtos; taxas de amostra s\u00e3o cobradas para alguns produtos.<\/h4>\n<\/li>\n<li>\n<h4>\u3010Embalagem do produto\u3011Embalado em tambores de papel\u00e3o ou sacos de papel alum\u00ednio (embalagem personaliz\u00e1vel dispon\u00edvel mediante solicita\u00e7\u00e3o do cliente)<\/h4>\n<\/li>\n<li>\n<h4>\u3010Prazo de entrega\u3011Produtos n\u00e3o personalizados ser\u00e3o enviados em at\u00e9 48 horas; o prazo de entrega para produtos personalizados ser\u00e1 ajustado de acordo com as necessidades reais.<\/h4>\n<\/li>\n<li>\n<h4>\u3010M\u00e9todo de embalagem\u301125 kg por tambor de papel\u00e3o ou saco de papel alum\u00ednio; a embalagem pode ser ajustada com base nas circunst\u00e2ncias reais.<\/h4>\n<\/li>\n<li>\n<h4>\u3010M\u00e9todo de transporte\u3011Entrega expressa nacional e log\u00edstica; o pre\u00e7o cotado inclui custos de transporte.<\/h4>\n<\/li>\n<li>\n<h4>\u3010Condi\u00e7\u00f5es de armazenamento\u3011Selado e protegido da luz, armazenado em local seco, fresco e bem ventilado.<\/h4>\n<\/li>\n<\/ul>","protected":false},"featured_media":10008,"comment_status":"closed","ping_status":"closed","template":"","meta":[],"product_brand":[],"product_cat":[17,24],"product_tag":[],"class_list":{"0":"post-10005","1":"product","2":"type-product","3":"status-publish","4":"has-post-thumbnail","6":"product_cat-plant-extract","7":"product_cat-ratio-extract","9":"first","10":"instock","11":"shipping-taxable","12":"product-type-simple"},"_links":{"self":[{"href":"https:\/\/www.hvbio.com\/pt\/wp-json\/wp\/v2\/product\/10005","targetHints":{"allow":["GET"]}}],"collection":[{"href":"https:\/\/www.hvbio.com\/pt\/wp-json\/wp\/v2\/product"}],"about":[{"href":"https:\/\/www.hvbio.com\/pt\/wp-json\/wp\/v2\/types\/product"}],"replies":[{"embeddable":true,"href":"https:\/\/www.hvbio.com\/pt\/wp-json\/wp\/v2\/comments?post=10005"}],"wp:featuredmedia":[{"embeddable":true,"href":"https:\/\/www.hvbio.com\/pt\/wp-json\/wp\/v2\/media\/10008"}],"wp:attachment":[{"href":"https:\/\/www.hvbio.com\/pt\/wp-json\/wp\/v2\/media?parent=10005"}],"wp:term":[{"taxonomy":"product_brand","embeddable":true,"href":"https:\/\/www.hvbio.com\/pt\/wp-json\/wp\/v2\/product_brand?post=10005"},{"taxonomy":"product_cat","embeddable":true,"href":"https:\/\/www.hvbio.com\/pt\/wp-json\/wp\/v2\/product_cat?post=10005"},{"taxonomy":"product_tag","embeddable":true,"href":"https:\/\/www.hvbio.com\/pt\/wp-json\/wp\/v2\/product_tag?post=10005"}],"curies":[{"name":"wp","href":"https:\/\/api.w.org\/{rel}","templated":true}]}}