{"id":10020,"date":"2025-09-01T16:46:04","date_gmt":"2025-09-01T08:46:04","guid":{"rendered":"https:\/\/www.hvbio.com\/?post_type=product&#038;p=10020"},"modified":"2025-09-01T16:46:04","modified_gmt":"2025-09-01T08:46:04","slug":"polygala-fallax-hemsl-extract","status":"publish","type":"product","link":"https:\/\/www.hvbio.com\/pt\/produto\/polygala-fallax-hemsl-extract\/","title":{"rendered":"Extrato de Polygala fallax Hemsl."},"content":{"rendered":"<table>\n<thead>\n<tr>\n<th><strong>Item<\/strong><\/th>\n<th><strong>Detalhes<\/strong><\/th>\n<\/tr>\n<\/thead>\n<tbody>\n<tr>\n<td><strong>Nome do produto<\/strong><\/td>\n<td>Extrato de Polygala fallax Hemsl.<\/td>\n<\/tr>\n<tr>\n<td><strong>Pseud\u00f4nimos<\/strong><\/td>\n<td>Leiteira de flor amarela, Leiteira de cauda dourada, Flor amarela pendurada<\/td>\n<\/tr>\n<tr>\n<td><strong>Nome latino<\/strong><\/td>\n<td>Polygala aureocauda Dunn<\/td>\n<\/tr>\n<tr>\n<td><strong>Especifica\u00e7\u00e3o do produto<\/strong><\/td>\n<td>1:1<\/td>\n<\/tr>\n<tr>\n<td><strong>M\u00e9todo de teste<\/strong><\/td>\n<td>TLC<\/td>\n<\/tr>\n<tr>\n<td><strong>Apar\u00eancia<\/strong><\/td>\n<td>P\u00f3 amarelo-acastanhado<\/td>\n<\/tr>\n<tr>\n<td><strong>Tamanho da malha<\/strong><\/td>\n<td>100% Passe 80 Malha<\/td>\n<\/tr>\n<tr>\n<td><strong>Especifica\u00e7\u00e3o de embalagem<\/strong><\/td>\n<td>1 kg\/saco de papel alum\u00ednio, 25 kg\/tambor de papel ou embalagem personalizada conforme as necessidades do cliente<\/td>\n<\/tr>\n<tr>\n<td><strong>M\u00e9todo de armazenamento<\/strong><\/td>\n<td>Conservar em local fresco e seco, bem fechado, \u00e0 temperatura ambiente.<\/td>\n<\/tr>\n<tr>\n<td><strong>Prazo de validade<\/strong><\/td>\n<td>24 meses<\/td>\n<\/tr>\n<tr>\n<td><strong>Expresso\/Log\u00edstica<\/strong><\/td>\n<td>Entrega expressa ou log\u00edstica. A entrega expressa dom\u00e9stica geralmente chega em at\u00e9 3 dias; a log\u00edstica geralmente chega em at\u00e9 5 dias. Os or\u00e7amentos geralmente incluem os custos de transporte dom\u00e9stico.<\/td>\n<\/tr>\n<tr>\n<td><strong>Provis\u00e3o de amostra<\/strong><\/td>\n<td>Geralmente, amostras de 5-20 g s\u00e3o fornecidas para a maioria dos produtos; taxas de amostra s\u00e3o cobradas para alguns produtos.<\/td>\n<\/tr>\n<\/tbody>\n<\/table>","protected":false},"excerpt":{"rendered":"<p>Extrato de Polygala fallax Hemsl.<\/p>\n<p>Cor: Normalmente apresenta-se como um p\u00f3 fino marrom a marrom escuro ou um extrato viscoso. A tonalidade exata pode variar ligeiramente dependendo dos solventes de extra\u00e7\u00e3o (por exemplo, \u00e1gua, etanol), n\u00edveis de concentra\u00e7\u00e3o e m\u00e9todos de secagem p\u00f3s-processamento.<br \/>\n\u2022 Validade: Geralmente 24 meses quando armazenado adequadamente. Requer ambiente fresco (15-25 \u00b0C), seco e bem ventilado, com embalagem herm\u00e9tica para evitar absor\u00e7\u00e3o de umidade, exposi\u00e7\u00e3o \u00e0 luz e contato com oxig\u00eanio, que podem degradar os componentes ativos.<br \/>\n\u2022 M\u00e9todos comuns de detec\u00e7\u00e3o:<br \/>\n\u25e6 Cromatografia em Camada Delgada (CCD): Utilizada para identifica\u00e7\u00e3o qualitativa. A compara\u00e7\u00e3o dos pontos cromatogr\u00e1ficos do extrato com os de subst\u00e2ncias de refer\u00eancia padr\u00e3o (por exemplo, saponinas ou flavonoides caracter\u00edsticos em esp\u00e9cies de Polygala) confirma a autenticidade do extrato e exclui adultera\u00e7\u00e3o.<\/p>","protected":false},"featured_media":10021,"comment_status":"closed","ping_status":"closed","template":"","meta":[],"product_brand":[],"product_cat":[24,17],"product_tag":[],"class_list":{"0":"post-10020","1":"product","2":"type-product","3":"status-publish","4":"has-post-thumbnail","6":"product_cat-ratio-extract","7":"product_cat-plant-extract","9":"first","10":"instock","11":"shipping-taxable","12":"product-type-simple"},"_links":{"self":[{"href":"https:\/\/www.hvbio.com\/pt\/wp-json\/wp\/v2\/product\/10020","targetHints":{"allow":["GET"]}}],"collection":[{"href":"https:\/\/www.hvbio.com\/pt\/wp-json\/wp\/v2\/product"}],"about":[{"href":"https:\/\/www.hvbio.com\/pt\/wp-json\/wp\/v2\/types\/product"}],"replies":[{"embeddable":true,"href":"https:\/\/www.hvbio.com\/pt\/wp-json\/wp\/v2\/comments?post=10020"}],"wp:featuredmedia":[{"embeddable":true,"href":"https:\/\/www.hvbio.com\/pt\/wp-json\/wp\/v2\/media\/10021"}],"wp:attachment":[{"href":"https:\/\/www.hvbio.com\/pt\/wp-json\/wp\/v2\/media?parent=10020"}],"wp:term":[{"taxonomy":"product_brand","embeddable":true,"href":"https:\/\/www.hvbio.com\/pt\/wp-json\/wp\/v2\/product_brand?post=10020"},{"taxonomy":"product_cat","embeddable":true,"href":"https:\/\/www.hvbio.com\/pt\/wp-json\/wp\/v2\/product_cat?post=10020"},{"taxonomy":"product_tag","embeddable":true,"href":"https:\/\/www.hvbio.com\/pt\/wp-json\/wp\/v2\/product_tag?post=10020"}],"curies":[{"name":"wp","href":"https:\/\/api.w.org\/{rel}","templated":true}]}}