{"id":10032,"date":"2025-09-01T16:51:53","date_gmt":"2025-09-01T08:51:53","guid":{"rendered":"https:\/\/www.hvbio.com\/?post_type=product&#038;p=10032"},"modified":"2025-09-01T16:51:53","modified_gmt":"2025-09-01T08:51:53","slug":"picrorhiza-extract","status":"publish","type":"product","link":"https:\/\/www.hvbio.com\/pt\/produto\/picrorhiza-extract\/","title":{"rendered":"Extrato de Picrorhiza"},"content":{"rendered":"<table>\n<thead>\n<tr>\n<th>Item<\/th>\n<th>Descri\u00e7\u00e3o<\/th>\n<\/tr>\n<\/thead>\n<tbody>\n<tr>\n<td><strong>Nome do produto<\/strong><\/td>\n<td>Extrato de Picrorhiza<\/td>\n<\/tr>\n<tr>\n<td><strong>Nome latino<\/strong><\/td>\n<td>Rhizoma Picrorhizae<\/td>\n<\/tr>\n<tr>\n<td><strong>Fonte de Extra\u00e7\u00e3o<\/strong><\/td>\n<td>Este produto \u00e9 derivado do rizoma seco de\u00a0<em>Picrorhiza scrophulariiflora<\/em>\u00a0Pennell (uma planta pertencente \u00e0 fam\u00edlia Scrophulariaceae).<\/td>\n<\/tr>\n<tr>\n<td><strong>Composi\u00e7\u00e3o Qu\u00edmica<\/strong><\/td>\n<td>Extrato de rizoma de Picrorhiza<\/td>\n<\/tr>\n<tr>\n<td><strong>Especifica\u00e7\u00e3o do produto<\/strong><\/td>\n<td>1:1<\/td>\n<\/tr>\n<tr>\n<td><strong>Cor e Car\u00e1ter<\/strong><\/td>\n<td>P\u00f3 fino marrom<\/td>\n<\/tr>\n<tr>\n<td><strong>M\u00e9todo de teste<\/strong><\/td>\n<td>TLC (Cromatografia em Camada Delgada)<\/td>\n<\/tr>\n<tr>\n<td><strong>Tamanho da malha do produto<\/strong><\/td>\n<td>98% passa por peneira de 80 malhas<\/td>\n<\/tr>\n<tr>\n<td><strong>M\u00e9todo de embalagem<\/strong><\/td>\n<td>25 kg por tambor de papel ou saco de papel alum\u00ednio<\/td>\n<\/tr>\n<tr>\n<td><strong>Condi\u00e7\u00f5es de armazenamento<\/strong><\/td>\n<td>Deve ser selado e protegido da luz, armazenado em local seco, fresco e bem ventilado<\/td>\n<\/tr>\n<\/tbody>\n<\/table>","protected":false},"excerpt":{"rendered":"<p>Descri\u00e7\u00e3o do produto Nome do produto Extrato de Picrorhiza Nome latino Rhizoma Picrorhizae Fonte de extra\u00e7\u00e3o Este produto \u00e9 derivado do rizoma seco<\/p>","protected":false},"featured_media":10033,"comment_status":"closed","ping_status":"closed","template":"","meta":[],"product_brand":[],"product_cat":[17,24],"product_tag":[],"class_list":{"0":"post-10032","1":"product","2":"type-product","3":"status-publish","4":"has-post-thumbnail","6":"product_cat-plant-extract","7":"product_cat-ratio-extract","9":"first","10":"instock","11":"shipping-taxable","12":"product-type-simple"},"_links":{"self":[{"href":"https:\/\/www.hvbio.com\/pt\/wp-json\/wp\/v2\/product\/10032","targetHints":{"allow":["GET"]}}],"collection":[{"href":"https:\/\/www.hvbio.com\/pt\/wp-json\/wp\/v2\/product"}],"about":[{"href":"https:\/\/www.hvbio.com\/pt\/wp-json\/wp\/v2\/types\/product"}],"replies":[{"embeddable":true,"href":"https:\/\/www.hvbio.com\/pt\/wp-json\/wp\/v2\/comments?post=10032"}],"wp:featuredmedia":[{"embeddable":true,"href":"https:\/\/www.hvbio.com\/pt\/wp-json\/wp\/v2\/media\/10033"}],"wp:attachment":[{"href":"https:\/\/www.hvbio.com\/pt\/wp-json\/wp\/v2\/media?parent=10032"}],"wp:term":[{"taxonomy":"product_brand","embeddable":true,"href":"https:\/\/www.hvbio.com\/pt\/wp-json\/wp\/v2\/product_brand?post=10032"},{"taxonomy":"product_cat","embeddable":true,"href":"https:\/\/www.hvbio.com\/pt\/wp-json\/wp\/v2\/product_cat?post=10032"},{"taxonomy":"product_tag","embeddable":true,"href":"https:\/\/www.hvbio.com\/pt\/wp-json\/wp\/v2\/product_tag?post=10032"}],"curies":[{"name":"wp","href":"https:\/\/api.w.org\/{rel}","templated":true}]}}