{"id":10067,"date":"2025-09-11T10:16:49","date_gmt":"2025-09-11T02:16:49","guid":{"rendered":"https:\/\/www.hvbio.com\/?post_type=product&#038;p=10067"},"modified":"2025-09-11T10:16:50","modified_gmt":"2025-09-11T02:16:50","slug":"vanilla-extract","status":"publish","type":"product","link":"https:\/\/www.hvbio.com\/pt\/produto\/vanilla-extract\/","title":{"rendered":"Extrato de baunilha"},"content":{"rendered":"<table>\n<tbody>\n<tr>\n<td>Nome do produto<\/td>\n<td>Extrato de baunilha<\/td>\n<\/tr>\n<tr>\n<td>Caracter\u00edsticas Morfol\u00f3gicas<\/td>\n<td>Uma planta com fragr\u00e2ncia \u00fanica e porte baixo<\/td>\n<\/tr>\n<tr>\n<td>Origem e Distribui\u00e7\u00e3o<\/td>\n<td>Cresce principalmente na Europa Oriental e nas \u00e1reas \u00famidas de Taiwan e China<\/td>\n<\/tr>\n<tr>\n<td>Especifica\u00e7\u00e3o<\/td>\n<td>1:1. Para outras especifica\u00e7\u00f5es, entre em contato com o atendimento ao cliente para consulta.<\/td>\n<\/tr>\n<tr>\n<td>Propriedades<\/td>\n<td>P\u00f3 marrom, higrosc\u00f3pico, facilmente sol\u00favel em \u00e1gua, testado por TLC.<\/td>\n<\/tr>\n<tr>\n<td>Tamanho da malha do produto<\/td>\n<td>98% passa por uma peneira de 80 malhas<\/td>\n<\/tr>\n<tr>\n<td>M\u00e9todo de embalagem<\/td>\n<td>25 kg por tambor de papel ou saco de papel alum\u00ednio<\/td>\n<\/tr>\n<tr>\n<td>Condi\u00e7\u00f5es de armazenamento<\/td>\n<td>Deve ser selado e protegido da luz, armazenado em local seco, fresco e bem ventilado<\/td>\n<\/tr>\n<tr>\n<td>Prazo de validade<\/td>\n<td>Dois anos<\/td>\n<\/tr>\n<\/tbody>\n<\/table>","protected":false},"excerpt":{"rendered":"<p>Extrato de Baunilha: Apresenta-se como um p\u00f3 marrom, com prazo de validade de dois anos. Seu m\u00e9todo de detec\u00e7\u00e3o \u00e9 a cromatografia em camada fina (CCD).<\/p>","protected":false},"featured_media":10068,"comment_status":"closed","ping_status":"closed","template":"","meta":[],"product_brand":[],"product_cat":[17,24],"product_tag":[],"class_list":{"0":"post-10067","1":"product","2":"type-product","3":"status-publish","4":"has-post-thumbnail","6":"product_cat-plant-extract","7":"product_cat-ratio-extract","9":"first","10":"instock","11":"shipping-taxable","12":"product-type-simple"},"_links":{"self":[{"href":"https:\/\/www.hvbio.com\/pt\/wp-json\/wp\/v2\/product\/10067","targetHints":{"allow":["GET"]}}],"collection":[{"href":"https:\/\/www.hvbio.com\/pt\/wp-json\/wp\/v2\/product"}],"about":[{"href":"https:\/\/www.hvbio.com\/pt\/wp-json\/wp\/v2\/types\/product"}],"replies":[{"embeddable":true,"href":"https:\/\/www.hvbio.com\/pt\/wp-json\/wp\/v2\/comments?post=10067"}],"wp:featuredmedia":[{"embeddable":true,"href":"https:\/\/www.hvbio.com\/pt\/wp-json\/wp\/v2\/media\/10068"}],"wp:attachment":[{"href":"https:\/\/www.hvbio.com\/pt\/wp-json\/wp\/v2\/media?parent=10067"}],"wp:term":[{"taxonomy":"product_brand","embeddable":true,"href":"https:\/\/www.hvbio.com\/pt\/wp-json\/wp\/v2\/product_brand?post=10067"},{"taxonomy":"product_cat","embeddable":true,"href":"https:\/\/www.hvbio.com\/pt\/wp-json\/wp\/v2\/product_cat?post=10067"},{"taxonomy":"product_tag","embeddable":true,"href":"https:\/\/www.hvbio.com\/pt\/wp-json\/wp\/v2\/product_tag?post=10067"}],"curies":[{"name":"wp","href":"https:\/\/api.w.org\/{rel}","templated":true}]}}