{"id":10088,"date":"2025-09-11T10:51:28","date_gmt":"2025-09-11T02:51:28","guid":{"rendered":"https:\/\/www.hvbio.com\/?post_type=product&#038;p=10088"},"modified":"2025-09-11T10:51:29","modified_gmt":"2025-09-11T02:51:29","slug":"damiana-extract","status":"publish","type":"product","link":"https:\/\/www.hvbio.com\/pt\/produto\/damiana-extract\/","title":{"rendered":"Extrato de Damiana"},"content":{"rendered":"<table>\n<tbody>\n<tr>\n<td><strong>Nome do produto<\/strong><\/td>\n<td>Extrato de Damiana<\/td>\n<\/tr>\n<tr>\n<td><strong>Ingredientes principais<\/strong><\/td>\n<td>Various flavonoids, glycosides and other compounds<\/td>\n<\/tr>\n<tr>\n<td><strong>Fonte de Extra\u00e7\u00e3o<\/strong><\/td>\n<td>Damiana Extract is derived from the leaves of the Damiana green dwarf tree, an endemic plant in Mexico and Central America.<\/td>\n<\/tr>\n<tr>\n<td><strong>Apar\u00eancia<\/strong><\/td>\n<td>P\u00f3 marrom<\/td>\n<\/tr>\n<tr>\n<td><strong>M\u00e9todo de teste<\/strong><\/td>\n<td>TLC (Cromatografia em Camada Delgada)<\/td>\n<\/tr>\n<tr>\n<td><strong>Formas de dosagem de aplica\u00e7\u00e3o<\/strong><\/td>\n<td>Widely applicable to various dosage forms<\/td>\n<\/tr>\n<tr>\n<td><strong>Tempo de fornecimento<\/strong><\/td>\n<td>Dispon\u00edvel durante todo o ano<\/td>\n<\/tr>\n<tr>\n<td><strong>Armazenar<\/strong><\/td>\n<td>Conservar em recipiente fechado, em local fresco, seco e ao abrigo da luz, longe de fontes de calor e ambientes \u00famidos.<\/td>\n<\/tr>\n<tr>\n<td><strong>Prazo de validade<\/strong><\/td>\n<td>2 anos<\/td>\n<\/tr>\n<\/tbody>\n<\/table>","protected":false},"excerpt":{"rendered":"<h4 class=\"header-vfC6AV auto-hide-last-sibling-br\">Product Name: Damiana Extract<\/h4>\n<h4 class=\"header-vfC6AV auto-hide-last-sibling-br\">Main Ingredients: Various flavonoids, glycosides and other compounds<\/h4>\n<h4 class=\"header-vfC6AV auto-hide-last-sibling-br\">Extraction Source: Damiana extract is derived from the leaves of the Damiana green dwarf tree, a plant unique to Mexico and Central North America.<\/h4>\n<h4 class=\"header-vfC6AV auto-hide-last-sibling-br\">Apar\u00eancia: P\u00f3 marrom<\/h4>\n<h4 class=\"header-vfC6AV auto-hide-last-sibling-br\">M\u00e9todo de detec\u00e7\u00e3o: TLC<\/h4>\n<h4 class=\"header-vfC6AV auto-hide-last-sibling-br\">Formas de dosagem de aplica\u00e7\u00e3o: Ampla gama de aplica\u00e7\u00f5es<\/h4>\n<h4 class=\"header-vfC6AV auto-hide-last-sibling-br\">Per\u00edodo de fornecimento: durante todo o ano<\/h4>\n<h4 class=\"header-vfC6AV auto-hide-last-sibling-br\">Instru\u00e7\u00f5es de compra<\/h4>\n<ul class=\"auto-hide-last-sibling-br\">\n<li>\n<h4>\u3010Packaging Method\u301125 kg per paper drum or aluminum foil bag<\/h4>\n<\/li>\n<li>\n<h4>\u3010Condi\u00e7\u00f5es de armazenamento\u3011Deve ser selado e protegido da luz, armazenado em local seco, fresco e bem ventilado<\/h4>\n<\/li>\n<li>\n<h4>\u3010Validade\u30112 anos<\/h4>\n<\/li>\n<li>\n<h4>\u3010Fornecimento de amostras\u3011Geralmente, amostras de 5-20 g s\u00e3o fornecidas para os produtos; taxas de amostra s\u00e3o cobradas para alguns produtos.<\/h4>\n<\/li>\n<li>\n<h4>\u3010Product Packaging\u3011Packaged in paper drums or aluminum foil bags (customizable packaging available upon customer request)<\/h4>\n<\/li>\n<li>\n<h4>\u3010Prazo de entrega\u3011Produtos n\u00e3o personalizados ser\u00e3o enviados em at\u00e9 48 horas; o prazo de entrega para produtos personalizados ser\u00e1 ajustado de acordo com as necessidades reais.<\/h4>\n<\/li>\n<li>\n<h4>\u3010Packaging Method\u301125kg per paper drum or aluminum foil bag; packaging can be adjusted based on actual circumstances.<\/h4>\n<\/li>\n<li>\n<h4>\u3010Transportation Method\u3011Domestic express delivery and logistics; the quotation includes transportation costs.<\/h4>\n<\/li>\n<li>\n<h4>\u3010Condi\u00e7\u00f5es de armazenamento\u3011Selado e protegido da luz, armazenado em local seco, fresco e bem ventilado.<\/h4>\n<\/li>\n<\/ul>","protected":false},"featured_media":10089,"comment_status":"closed","ping_status":"closed","template":"","meta":[],"product_brand":[],"product_cat":[24,17],"product_tag":[],"class_list":{"0":"post-10088","1":"product","2":"type-product","3":"status-publish","4":"has-post-thumbnail","6":"product_cat-ratio-extract","7":"product_cat-plant-extract","9":"first","10":"instock","11":"shipping-taxable","12":"product-type-simple"},"_links":{"self":[{"href":"https:\/\/www.hvbio.com\/pt\/wp-json\/wp\/v2\/product\/10088","targetHints":{"allow":["GET"]}}],"collection":[{"href":"https:\/\/www.hvbio.com\/pt\/wp-json\/wp\/v2\/product"}],"about":[{"href":"https:\/\/www.hvbio.com\/pt\/wp-json\/wp\/v2\/types\/product"}],"replies":[{"embeddable":true,"href":"https:\/\/www.hvbio.com\/pt\/wp-json\/wp\/v2\/comments?post=10088"}],"wp:featuredmedia":[{"embeddable":true,"href":"https:\/\/www.hvbio.com\/pt\/wp-json\/wp\/v2\/media\/10089"}],"wp:attachment":[{"href":"https:\/\/www.hvbio.com\/pt\/wp-json\/wp\/v2\/media?parent=10088"}],"wp:term":[{"taxonomy":"product_brand","embeddable":true,"href":"https:\/\/www.hvbio.com\/pt\/wp-json\/wp\/v2\/product_brand?post=10088"},{"taxonomy":"product_cat","embeddable":true,"href":"https:\/\/www.hvbio.com\/pt\/wp-json\/wp\/v2\/product_cat?post=10088"},{"taxonomy":"product_tag","embeddable":true,"href":"https:\/\/www.hvbio.com\/pt\/wp-json\/wp\/v2\/product_tag?post=10088"}],"curies":[{"name":"wp","href":"https:\/\/api.w.org\/{rel}","templated":true}]}}