{"id":10095,"date":"2025-09-11T10:26:47","date_gmt":"2025-09-11T02:26:47","guid":{"rendered":"https:\/\/www.hvbio.com\/?post_type=product&#038;p=10095"},"modified":"2025-09-11T10:26:48","modified_gmt":"2025-09-11T02:26:48","slug":"spring-erythrina-extract","status":"publish","type":"product","link":"https:\/\/www.hvbio.com\/pt\/produto\/spring-erythrina-extract\/","title":{"rendered":"Extrato de Eritrina de Primavera"},"content":{"rendered":"<table>\n<tbody>\n<tr>\n<td>Nome do produto<\/td>\n<td>Extrato de Eritrina de Primavera<\/td>\n<\/tr>\n<tr>\n<td>Nome em ingl\u00eas<\/td>\n<td>Extrato de c\u00f3rtex pittosporum<\/td>\n<\/tr>\n<tr>\n<td>Nomes alternativos de mat\u00e9ria-prima<\/td>\n<td>Casca de Dingtong, Casca de Gutong, Casca de Ding, Casca de Eritrina, Citong, Erva para Fixa\u00e7\u00e3o de Ossos, Hibisco da Montanha, Tiku, \u00c1rvore Kongtong, Madeira Jitong<\/td>\n<\/tr>\n<tr>\n<td>Fonte de Extra\u00e7\u00e3o<\/td>\n<td>Extra\u00eddo da casca seca de\u00a0<em>Eritrina variegata<\/em>\u00a0L. (uma planta da fam\u00edlia Fabaceae)<\/td>\n<\/tr>\n<tr>\n<td>Caracter\u00edstica do produto<\/td>\n<td>P\u00f3 fino marrom<\/td>\n<\/tr>\n<tr>\n<td>M\u00e9todo de detec\u00e7\u00e3o<\/td>\n<td>TLC (Cromatografia em Camada Delgada)<\/td>\n<\/tr>\n<tr>\n<td>Especifica\u00e7\u00e3o do produto<\/td>\n<td>1:1<\/td>\n<\/tr>\n<tr>\n<td>Malha de Finura<\/td>\n<td>Passa por peneira de 80 malhas<\/td>\n<\/tr>\n<tr>\n<td>Processo de Extra\u00e7\u00e3o<\/td>\n<td>A mat\u00e9ria-prima \u00e9 extra\u00edda com \u00e1gua, seguida de concentra\u00e7\u00e3o, extra\u00e7\u00e3o, reconcentra\u00e7\u00e3o e secagem para produzir o produto<\/td>\n<\/tr>\n<tr>\n<td>Armazenamento de produtos<\/td>\n<td>Conservar em local fresco e seco, ao abrigo da luz e de altas temperaturas.<\/td>\n<\/tr>\n<tr>\n<td>Embalagem do produto<\/td>\n<td>Camada interna: saco pl\u00e1stico de camada dupla; Camada externa: saco de papel alum\u00ednio (1 kg\/saco) ou tambor de papel (25 kg\/tambor)<\/td>\n<\/tr>\n<tr>\n<td>Prazo de validade<\/td>\n<td>Dois anos<\/td>\n<\/tr>\n<\/tbody>\n<\/table>","protected":false},"excerpt":{"rendered":"<p>Extrato de Eritrina de Primavera: p\u00f3 marrom, prazo de validade de 2 anos, testado pelo m\u00e9todo TLC.<\/p>","protected":false},"featured_media":10096,"comment_status":"closed","ping_status":"closed","template":"","meta":[],"product_brand":[],"product_cat":[17,24],"product_tag":[],"class_list":{"0":"post-10095","1":"product","2":"type-product","3":"status-publish","4":"has-post-thumbnail","6":"product_cat-plant-extract","7":"product_cat-ratio-extract","9":"first","10":"instock","11":"shipping-taxable","12":"product-type-simple"},"_links":{"self":[{"href":"https:\/\/www.hvbio.com\/pt\/wp-json\/wp\/v2\/product\/10095","targetHints":{"allow":["GET"]}}],"collection":[{"href":"https:\/\/www.hvbio.com\/pt\/wp-json\/wp\/v2\/product"}],"about":[{"href":"https:\/\/www.hvbio.com\/pt\/wp-json\/wp\/v2\/types\/product"}],"replies":[{"embeddable":true,"href":"https:\/\/www.hvbio.com\/pt\/wp-json\/wp\/v2\/comments?post=10095"}],"wp:featuredmedia":[{"embeddable":true,"href":"https:\/\/www.hvbio.com\/pt\/wp-json\/wp\/v2\/media\/10096"}],"wp:attachment":[{"href":"https:\/\/www.hvbio.com\/pt\/wp-json\/wp\/v2\/media?parent=10095"}],"wp:term":[{"taxonomy":"product_brand","embeddable":true,"href":"https:\/\/www.hvbio.com\/pt\/wp-json\/wp\/v2\/product_brand?post=10095"},{"taxonomy":"product_cat","embeddable":true,"href":"https:\/\/www.hvbio.com\/pt\/wp-json\/wp\/v2\/product_cat?post=10095"},{"taxonomy":"product_tag","embeddable":true,"href":"https:\/\/www.hvbio.com\/pt\/wp-json\/wp\/v2\/product_tag?post=10095"}],"curies":[{"name":"wp","href":"https:\/\/api.w.org\/{rel}","templated":true}]}}