{"id":10150,"date":"2025-09-11T10:56:48","date_gmt":"2025-09-11T02:56:48","guid":{"rendered":"https:\/\/www.hvbio.com\/?post_type=product&#038;p=10150"},"modified":"2025-09-11T11:08:20","modified_gmt":"2025-09-11T03:08:20","slug":"elm-extract","status":"publish","type":"product","link":"https:\/\/www.hvbio.com\/pt\/produto\/elm-extract\/","title":{"rendered":"Extrato de olmo"},"content":{"rendered":"<table>\n<thead>\n<tr>\n<th><strong>Item<\/strong><\/th>\n<th><strong>Descri\u00e7\u00e3o<\/strong><\/th>\n<\/tr>\n<\/thead>\n<tbody>\n<tr>\n<td><strong>Nome do produto<\/strong><\/td>\n<td>Extrato de olmo<\/td>\n<\/tr>\n<tr>\n<td><strong>Componentes principais<\/strong><\/td>\n<td>Polyphenols, flavonoids, tannins, etc.<\/td>\n<\/tr>\n<tr>\n<td><strong>Fonte de Extra\u00e7\u00e3o<\/strong><\/td>\n<td>Elm Extract is derived from the dried bark or root bark of\u00a0<em>Ulmus pumila<\/em>\u00a0L., a deciduous arbor belonging to the Ulmaceae family. This tree is widely distributed in various provinces and regions of northern and southwestern China, and is also cultivated in the lower reaches of the Yangtze River.<\/td>\n<\/tr>\n<tr>\n<td><strong>Apar\u00eancia<\/strong><\/td>\n<td>P\u00f3 marrom<\/td>\n<\/tr>\n<tr>\n<td><strong>M\u00e9todo de detec\u00e7\u00e3o<\/strong><\/td>\n<td>TLC (Cromatografia em Camada Delgada)<\/td>\n<\/tr>\n<tr>\n<td><strong>Formas de dosagem de aplica\u00e7\u00e3o<\/strong><\/td>\n<td>Wide-ranging (e.g., tablets, capsules, powders, oral liquids, etc.)<\/td>\n<\/tr>\n<tr>\n<td><strong>Tempo de fornecimento<\/strong><\/td>\n<td>Dispon\u00edvel durante todo o ano<\/td>\n<\/tr>\n<tr>\n<td><strong>Armazenar<\/strong><\/td>\n<td>Store in a sealed container, and keep it in a cool, dry place away from light, heat sources and humid environments.<\/td>\n<\/tr>\n<tr>\n<td><strong>Prazo de validade<\/strong><\/td>\n<td>2 anos<\/td>\n<\/tr>\n<\/tbody>\n<\/table>","protected":false},"excerpt":{"rendered":"<h4 class=\"header-vfC6AV auto-hide-last-sibling-br\">Product Name: Elm Extract<\/h4>\n<h4 class=\"header-vfC6AV auto-hide-last-sibling-br\">Ingredientes principais:<\/h4>\n<h4 class=\"auto-hide-last-sibling-br paragraph-JOTKXA paragraph-element br-paragraph-space\">Polyphenols, flavonoids, tannins, etc.<\/h4>\n<h4 class=\"header-vfC6AV auto-hide-last-sibling-br\">Fonte de extra\u00e7\u00e3o:<\/h4>\n<h4 class=\"auto-hide-last-sibling-br paragraph-JOTKXA paragraph-element br-paragraph-space\">Elm extract is derived from the dried bark or root bark of\u00a0<em>Ulmus pumila<\/em>\u00a0L., a deciduous tree belonging to the Ulmaceae family. This tree is widely distributed in various provinces and regions in northern and southwestern China, and is also cultivated in the lower reaches of the Yangtze River.<\/h4>\n<h4 class=\"header-vfC6AV auto-hide-last-sibling-br\">Apar\u00eancia:<\/h4>\n<h4 class=\"auto-hide-last-sibling-br paragraph-JOTKXA paragraph-element br-paragraph-space\">P\u00f3 marrom<\/h4>\n<h4 class=\"header-vfC6AV auto-hide-last-sibling-br\">M\u00e9todo de detec\u00e7\u00e3o:<\/h4>\n<h4 class=\"auto-hide-last-sibling-br paragraph-JOTKXA paragraph-element br-paragraph-space\">TLC (Cromatografia em Camada Delgada)<\/h4>\n<h4 class=\"header-vfC6AV auto-hide-last-sibling-br\">Formas de dosagem de aplica\u00e7\u00e3o:<\/h4>\n<h4 class=\"auto-hide-last-sibling-br paragraph-JOTKXA paragraph-element br-paragraph-space\">Ampla gama de aplica\u00e7\u00f5es<\/h4>\n<h4 class=\"header-vfC6AV auto-hide-last-sibling-br\">Tempo de fornecimento:<\/h4>\n<h4 class=\"auto-hide-last-sibling-br paragraph-JOTKXA paragraph-element br-paragraph-space\">Durante todo o ano<\/h4>\n<h4 class=\"header-vfC6AV auto-hide-last-sibling-br\">Instru\u00e7\u00f5es de compra<\/h4>\n<ul class=\"auto-hide-last-sibling-br\">\n<li>\n<h4><strong>M\u00e9todo de embalagem<\/strong>: 25 kg por tambor de papel ou saco de papel alum\u00ednio<\/h4>\n<\/li>\n<li>\n<h4><strong>Condi\u00e7\u00f5es de armazenamento<\/strong>: Deve ser selado e protegido da luz, armazenado em local seco, fresco e bem ventilado<\/h4>\n<\/li>\n<li>\n<h4><strong>Prazo de validade<\/strong>: 2 anos<\/h4>\n<\/li>\n<li>\n<h4><strong>Provis\u00e3o de amostra<\/strong>: Generally, 5-20g of small samples are provided for most products; a sample fee is charged for some products.<\/h4>\n<\/li>\n<li>\n<h4><strong>Embalagem do produto<\/strong>: Packaged in paper drums or aluminum foil bags (customized packaging available upon customer request)<\/h4>\n<\/li>\n<li>\n<h4><strong>Prazo de entrega<\/strong>: Non-customized products will be shipped within 48 hours; the delivery time for customized products will be adjusted based on actual requirements.<\/h4>\n<\/li>\n<li>\n<h4><strong>Ajuste de embalagem<\/strong>: The standard packaging is 25kg per paper drum or aluminum foil bag; adjustments can be made according to actual circumstances.<\/h4>\n<\/li>\n<li>\n<h4><strong>M\u00e9todo de transporte<\/strong>: Entrega expressa nacional ou log\u00edstica; o pre\u00e7o cotado inclui custos de transporte.<\/h4>\n<\/li>\n<li>\n<h4><strong>Additional Storage Note<\/strong>: Seal tightly, protect from light, and store in a dry, cool, and well-ventilated area.<\/h4>\n<\/li>\n<\/ul>","protected":false},"featured_media":10151,"comment_status":"closed","ping_status":"closed","template":"","meta":[],"product_brand":[],"product_cat":[24,17],"product_tag":[],"class_list":{"0":"post-10150","1":"product","2":"type-product","3":"status-publish","4":"has-post-thumbnail","6":"product_cat-ratio-extract","7":"product_cat-plant-extract","9":"first","10":"instock","11":"shipping-taxable","12":"product-type-simple"},"_links":{"self":[{"href":"https:\/\/www.hvbio.com\/pt\/wp-json\/wp\/v2\/product\/10150","targetHints":{"allow":["GET"]}}],"collection":[{"href":"https:\/\/www.hvbio.com\/pt\/wp-json\/wp\/v2\/product"}],"about":[{"href":"https:\/\/www.hvbio.com\/pt\/wp-json\/wp\/v2\/types\/product"}],"replies":[{"embeddable":true,"href":"https:\/\/www.hvbio.com\/pt\/wp-json\/wp\/v2\/comments?post=10150"}],"wp:featuredmedia":[{"embeddable":true,"href":"https:\/\/www.hvbio.com\/pt\/wp-json\/wp\/v2\/media\/10151"}],"wp:attachment":[{"href":"https:\/\/www.hvbio.com\/pt\/wp-json\/wp\/v2\/media?parent=10150"}],"wp:term":[{"taxonomy":"product_brand","embeddable":true,"href":"https:\/\/www.hvbio.com\/pt\/wp-json\/wp\/v2\/product_brand?post=10150"},{"taxonomy":"product_cat","embeddable":true,"href":"https:\/\/www.hvbio.com\/pt\/wp-json\/wp\/v2\/product_cat?post=10150"},{"taxonomy":"product_tag","embeddable":true,"href":"https:\/\/www.hvbio.com\/pt\/wp-json\/wp\/v2\/product_tag?post=10150"}],"curies":[{"name":"wp","href":"https:\/\/api.w.org\/{rel}","templated":true}]}}