{"id":10155,"date":"2025-09-11T11:01:36","date_gmt":"2025-09-11T03:01:36","guid":{"rendered":"https:\/\/www.hvbio.com\/?post_type=product&#038;p=10155"},"modified":"2025-09-11T11:01:36","modified_gmt":"2025-09-11T03:01:36","slug":"lotus-leaf-extract","status":"publish","type":"product","link":"https:\/\/www.hvbio.com\/pt\/produto\/lotus-leaf-extract\/","title":{"rendered":"Lotus Leaf Extract"},"content":{"rendered":"<table style=\"height: 367px;\" width=\"1559\">\n<thead>\n<tr>\n<th><strong>Item<\/strong><\/th>\n<th><strong>Detalhes<\/strong><\/th>\n<\/tr>\n<\/thead>\n<tbody>\n<tr>\n<td>Nome do produto<\/td>\n<td>Lotus Leaf Extract<\/td>\n<\/tr>\n<tr>\n<td>Ingredientes principais<\/td>\n<td>Mainly include alkaloids, flavonoids, volatile oils, and other components<\/td>\n<\/tr>\n<tr>\n<td>Fonte de Extra\u00e7\u00e3o<\/td>\n<td>Lotus leaf extract is derived from the leaves of\u00a0<em>Nelumbo nucifera<\/em>\u00a0Gaertn. (a plant of the Nelumbonaceae family).\u00a0<em>Nelumbo nucifera<\/em>\u00a0is a perennial herbaceous emergent plant, widely distributed in subtropical and temperate regions such as Central Asia, Western Asia, North America, India, China, and Japan.<\/td>\n<\/tr>\n<tr>\n<td>M\u00e9todo de detec\u00e7\u00e3o<\/td>\n<td>TLC (Cromatografia em Camada Delgada)<\/td>\n<\/tr>\n<tr>\n<td>Formas de dosagem de aplica\u00e7\u00e3o<\/td>\n<td>Wide range<\/td>\n<\/tr>\n<tr>\n<td>Tempo de fornecimento<\/td>\n<td>Ano inteiro<\/td>\n<\/tr>\n<tr>\n<td>Condi\u00e7\u00f5es de armazenamento<\/td>\n<td>Conservar em recipiente fechado, em local fresco, seco e ao abrigo da luz, longe de fontes de calor e ambientes h\u00famidos.<\/td>\n<\/tr>\n<tr>\n<td>Prazo de validade<\/td>\n<td>Dois anos<\/td>\n<\/tr>\n<\/tbody>\n<\/table>","protected":false},"excerpt":{"rendered":"<h4 class=\"header-vfC6AV auto-hide-last-sibling-br\">Product Name: Lotus Leaf Extract<\/h4>\n<h4 class=\"header-vfC6AV auto-hide-last-sibling-br\">Ingredientes principais:<\/h4>\n<h4 class=\"auto-hide-last-sibling-br paragraph-JOTKXA paragraph-element br-paragraph-space\">Mainly include alkaloids, flavonoids, volatile oils, and other components<\/h4>\n<h4 class=\"header-vfC6AV auto-hide-last-sibling-br\">Fonte de extra\u00e7\u00e3o:<\/h4>\n<h4 class=\"auto-hide-last-sibling-br paragraph-JOTKXA paragraph-element br-paragraph-space\">Lotus leaf extract is derived from the leaves of\u00a0<em>Nelumbo nucifera<\/em>\u00a0Gaertn. (a plant of the Nelumbonaceae family).\u00a0<em>Nelumbo nucifera<\/em>\u00a0is a perennial herbaceous emergent plant, widely distributed in subtropical and temperate regions such as Central Asia, Western Asia, North America, India, China, and Japan.<\/h4>\n<h4 class=\"header-vfC6AV auto-hide-last-sibling-br\">M\u00e9todo de detec\u00e7\u00e3o:<\/h4>\n<h4 class=\"auto-hide-last-sibling-br paragraph-JOTKXA paragraph-element br-paragraph-space\">TLC (Cromatografia em Camada Delgada)<\/h4>\n<h4 class=\"header-vfC6AV auto-hide-last-sibling-br\">Formas de dosagem de aplica\u00e7\u00e3o:<\/h4>\n<h4 class=\"auto-hide-last-sibling-br paragraph-JOTKXA paragraph-element br-paragraph-space\">Wide range<\/h4>\n<h4 class=\"header-vfC6AV auto-hide-last-sibling-br\">Tempo de fornecimento:<\/h4>\n<h4 class=\"auto-hide-last-sibling-br paragraph-JOTKXA paragraph-element br-paragraph-space\">Ano inteiro<\/h4>\n<h4 class=\"header-vfC6AV auto-hide-last-sibling-br\">Instru\u00e7\u00f5es de compra<\/h4>\n<ul class=\"auto-hide-last-sibling-br\">\n<li>\n<h4>\u3010M\u00e9todo de embalagem\u301125 kg por tambor de papel\u00e3o ou saco de papel alum\u00ednio; a embalagem pode ser ajustada de acordo com as condi\u00e7\u00f5es reais.<\/h4>\n<\/li>\n<li>\n<h4>\u3010Storage Conditions\u3011Should be sealed and protected from light, and stored in a dry, cool, and well-ventilated place.<\/h4>\n<\/li>\n<li>\n<h4>\u3010Validade\u3011Dois anos<\/h4>\n<\/li>\n<li>\n<h4>\u3010Fornecimento de amostras\u3011Geralmente, amostras de 5-20 g s\u00e3o fornecidas para os produtos; taxas de amostra s\u00e3o cobradas para alguns produtos.<\/h4>\n<\/li>\n<li>\n<h4>\u3010Product Packaging\u3011Packaged in cardboard drums or aluminum foil bags (packaging can be customized according to customer requirements).<\/h4>\n<\/li>\n<li>\n<h4>\u3010Prazo de entrega\u3011Produtos n\u00e3o personalizados ser\u00e3o enviados em at\u00e9 48 horas; o prazo de entrega de produtos personalizados ser\u00e1 ajustado de acordo com as necessidades reais.<\/h4>\n<\/li>\n<li>\n<h4>\u3010M\u00e9todo de transporte\u3011Log\u00edstica expressa nacional; o or\u00e7amento inclui custos de transporte.<\/h4>\n<\/li>\n<\/ul>","protected":false},"featured_media":10156,"comment_status":"closed","ping_status":"closed","template":"","meta":[],"product_brand":[],"product_cat":[17,24],"product_tag":[],"class_list":{"0":"post-10155","1":"product","2":"type-product","3":"status-publish","4":"has-post-thumbnail","6":"product_cat-plant-extract","7":"product_cat-ratio-extract","9":"first","10":"instock","11":"shipping-taxable","12":"product-type-simple"},"_links":{"self":[{"href":"https:\/\/www.hvbio.com\/pt\/wp-json\/wp\/v2\/product\/10155","targetHints":{"allow":["GET"]}}],"collection":[{"href":"https:\/\/www.hvbio.com\/pt\/wp-json\/wp\/v2\/product"}],"about":[{"href":"https:\/\/www.hvbio.com\/pt\/wp-json\/wp\/v2\/types\/product"}],"replies":[{"embeddable":true,"href":"https:\/\/www.hvbio.com\/pt\/wp-json\/wp\/v2\/comments?post=10155"}],"wp:featuredmedia":[{"embeddable":true,"href":"https:\/\/www.hvbio.com\/pt\/wp-json\/wp\/v2\/media\/10156"}],"wp:attachment":[{"href":"https:\/\/www.hvbio.com\/pt\/wp-json\/wp\/v2\/media?parent=10155"}],"wp:term":[{"taxonomy":"product_brand","embeddable":true,"href":"https:\/\/www.hvbio.com\/pt\/wp-json\/wp\/v2\/product_brand?post=10155"},{"taxonomy":"product_cat","embeddable":true,"href":"https:\/\/www.hvbio.com\/pt\/wp-json\/wp\/v2\/product_cat?post=10155"},{"taxonomy":"product_tag","embeddable":true,"href":"https:\/\/www.hvbio.com\/pt\/wp-json\/wp\/v2\/product_tag?post=10155"}],"curies":[{"name":"wp","href":"https:\/\/api.w.org\/{rel}","templated":true}]}}