{"id":10174,"date":"2025-09-12T14:22:24","date_gmt":"2025-09-12T06:22:24","guid":{"rendered":"https:\/\/www.hvbio.com\/?post_type=product&#038;p=10174"},"modified":"2025-09-12T15:12:15","modified_gmt":"2025-09-12T07:12:15","slug":"red-bayberry-powder","status":"publish","type":"product","link":"https:\/\/www.hvbio.com\/pt\/produto\/red-bayberry-powder\/","title":{"rendered":"P\u00f3 de mirtilo vermelho"},"content":{"rendered":"<table>\n<thead>\n<tr>\n<th><strong>Item<\/strong><\/th>\n<th><strong>Detalhes<\/strong><\/th>\n<\/tr>\n<\/thead>\n<tbody>\n<tr>\n<td><strong>Nome do produto<\/strong><\/td>\n<td>P\u00f3 de mirtilo vermelho<\/td>\n<\/tr>\n<tr>\n<td><strong>Nome latino<\/strong><\/td>\n<td>Myrica rubra (Lour.) Sieb. et Zucc.<\/td>\n<\/tr>\n<tr>\n<td><strong>M\u00e9todo de teste<\/strong><\/td>\n<td>TLC (Cromatografia em Camada Delgada)<\/td>\n<\/tr>\n<tr>\n<td><strong>Caracter\u00edsticas do produto<\/strong><\/td>\n<td>P\u00f3 rosa<\/td>\n<\/tr>\n<tr>\n<td><strong>Fonte de Extra\u00e7\u00e3o<\/strong><\/td>\n<td>Red bayberry (Myrica rubra)<\/td>\n<\/tr>\n<tr>\n<td><strong>Tamanho da malha do produto<\/strong><\/td>\n<td>100% of the product passes through an 80-mesh sieve.<\/td>\n<\/tr>\n<tr>\n<td><strong>Condi\u00e7\u00f5es de armazenamento<\/strong><\/td>\n<td>This product should be sealed, protected from light and high temperatures, and stored in a dry, cool and well-ventilated place.<\/td>\n<\/tr>\n<tr>\n<td><strong>M\u00e9todo de embalagem<\/strong><\/td>\n<td>Para produtos a granel: 25 kg por tambor de papel; para amostras pequenas: 1 kg por saco de papel alum\u00ednio. Embalagens personalizadas tamb\u00e9m est\u00e3o dispon\u00edveis de acordo com as necessidades do cliente.<\/td>\n<\/tr>\n<tr>\n<td><strong>M\u00e9todo de transporte<\/strong><\/td>\n<td>Entrega expressa ou log\u00edstica. A entrega expressa dom\u00e9stica geralmente chega em at\u00e9 3 dias, e a log\u00edstica geralmente chega em at\u00e9 5 dias. Os or\u00e7amentos geralmente incluem os custos de transporte dom\u00e9stico.<\/td>\n<\/tr>\n<tr>\n<td><strong>Per\u00edodo de validade<\/strong><\/td>\n<td>Dois anos<\/td>\n<\/tr>\n<\/tbody>\n<\/table>","protected":false},"excerpt":{"rendered":"<h1 class=\"header-vfC6AV auto-hide-last-sibling-br\">P\u00f3 de mirtilo vermelho<\/h1>\n<ul class=\"auto-hide-last-sibling-br\">\n<li><strong>Nome latino<\/strong>:\u00a0<em>Myrica rubra<\/em>\u00a0(Lour.) Sieb. et Zucc.<\/li>\n<li><strong>M\u00e9todo de teste<\/strong>: TLC<\/li>\n<li><strong>Apar\u00eancia<\/strong>: P\u00f3 rosa<\/li>\n<li><strong>Fonte de Extra\u00e7\u00e3o<\/strong>: Bayberry<\/li>\n<li><strong>Tamanho da malha<\/strong>: 100% passes through 80-mesh sieve<\/li>\n<li><strong>Condi\u00e7\u00f5es de armazenamento<\/strong>: Seal tightly, protect from light and high temperature; store in a dry, cool and well-ventilated place<\/li>\n<li><strong>Embalagem<\/strong>: Bulk goods: 25kg\/fiber drum; Small samples: 1kg\/aluminum foil bag; Custom packaging available upon request<\/li>\n<li><strong>Transporte<\/strong>: Courier or logistics. Domestic courier arrives within 3 days, logistics arrives within 5 days. Quotations generally include domestic transportation costs.<\/li>\n<li><strong>Prazo de validade<\/strong>: 2 anos<\/li>\n<\/ul>","protected":false},"featured_media":10175,"comment_status":"closed","ping_status":"closed","template":"","meta":[],"product_brand":[],"product_cat":[20,18],"product_tag":[],"class_list":{"0":"post-10174","1":"product","2":"type-product","3":"status-publish","4":"has-post-thumbnail","6":"product_cat-fruit-powder","7":"product_cat-fruit-and-vegetable-powder","9":"first","10":"instock","11":"shipping-taxable","12":"product-type-simple"},"_links":{"self":[{"href":"https:\/\/www.hvbio.com\/pt\/wp-json\/wp\/v2\/product\/10174","targetHints":{"allow":["GET"]}}],"collection":[{"href":"https:\/\/www.hvbio.com\/pt\/wp-json\/wp\/v2\/product"}],"about":[{"href":"https:\/\/www.hvbio.com\/pt\/wp-json\/wp\/v2\/types\/product"}],"replies":[{"embeddable":true,"href":"https:\/\/www.hvbio.com\/pt\/wp-json\/wp\/v2\/comments?post=10174"}],"wp:featuredmedia":[{"embeddable":true,"href":"https:\/\/www.hvbio.com\/pt\/wp-json\/wp\/v2\/media\/10175"}],"wp:attachment":[{"href":"https:\/\/www.hvbio.com\/pt\/wp-json\/wp\/v2\/media?parent=10174"}],"wp:term":[{"taxonomy":"product_brand","embeddable":true,"href":"https:\/\/www.hvbio.com\/pt\/wp-json\/wp\/v2\/product_brand?post=10174"},{"taxonomy":"product_cat","embeddable":true,"href":"https:\/\/www.hvbio.com\/pt\/wp-json\/wp\/v2\/product_cat?post=10174"},{"taxonomy":"product_tag","embeddable":true,"href":"https:\/\/www.hvbio.com\/pt\/wp-json\/wp\/v2\/product_tag?post=10174"}],"curies":[{"name":"wp","href":"https:\/\/api.w.org\/{rel}","templated":true}]}}