{"id":10182,"date":"2025-09-12T14:32:28","date_gmt":"2025-09-12T06:32:28","guid":{"rendered":"https:\/\/www.hvbio.com\/?post_type=product&#038;p=10182"},"modified":"2025-09-12T14:32:29","modified_gmt":"2025-09-12T06:32:29","slug":"maqui-berry-powder","status":"publish","type":"product","link":"https:\/\/www.hvbio.com\/pt\/produto\/maqui-berry-powder\/","title":{"rendered":"P\u00f3 de Maqui Berry"},"content":{"rendered":"<table>\n<thead>\n<tr>\n<th><strong>Item<\/strong><\/th>\n<th><strong>Detalhes<\/strong><\/th>\n<\/tr>\n<\/thead>\n<tbody>\n<tr>\n<td><strong>Nome do produto<\/strong><\/td>\n<td>P\u00f3 de Maqui Berry<\/td>\n<\/tr>\n<tr>\n<td><strong>M\u00e9todo de teste<\/strong><\/td>\n<td>TLC (Cromatografia em Camada Delgada)<\/td>\n<\/tr>\n<tr>\n<td><strong>Caracter\u00edsticas do produto<\/strong><\/td>\n<td>P\u00f3 roxo claro<\/td>\n<\/tr>\n<tr>\n<td><strong>Fonte de Extra\u00e7\u00e3o<\/strong><\/td>\n<td>Baga de Maqui<\/td>\n<\/tr>\n<tr>\n<td><strong>Tamanho da malha do produto<\/strong><\/td>\n<td>100% do produto passa por uma peneira de 80 malhas<\/td>\n<\/tr>\n<tr>\n<td><strong>Condi\u00e7\u00f5es de armazenamento<\/strong><\/td>\n<td>Este produto deve ser selado e protegido da luz, mantido longe de altas temperaturas e armazenado em local seco, fresco e bem ventilado.<\/td>\n<\/tr>\n<tr>\n<td><strong>M\u00e9todo de embalagem<\/strong><\/td>\n<td>Para produtos a granel: 25 kg por tambor de papel; para amostras pequenas: 1 kg por saco de papel alum\u00ednio. Embalagens personalizadas tamb\u00e9m est\u00e3o dispon\u00edveis de acordo com as necessidades do cliente.<\/td>\n<\/tr>\n<tr>\n<td><strong>M\u00e9todo de transporte<\/strong><\/td>\n<td>Entrega expressa ou log\u00edstica. A entrega expressa dom\u00e9stica geralmente chega em at\u00e9 3 dias, e a log\u00edstica geralmente chega em at\u00e9 5 dias. Os or\u00e7amentos geralmente incluem os custos de transporte dom\u00e9stico.<\/td>\n<\/tr>\n<tr>\n<td><strong>Per\u00edodo de validade<\/strong><\/td>\n<td>Dois anos<\/td>\n<\/tr>\n<\/tbody>\n<\/table>","protected":false},"excerpt":{"rendered":"<ul class=\"auto-hide-last-sibling-br\">\n<li><strong>Nome do produto<\/strong>: P\u00f3 de Maqui Berry<\/li>\n<li><strong>M\u00e9todo de teste<\/strong>: TLC<\/li>\n<li><strong>Caracter\u00edstica do produto<\/strong>: P\u00f3 roxo claro<\/li>\n<li><strong>Fonte de Extra\u00e7\u00e3o<\/strong>:Maqui Berry<\/li>\n<li><strong>Tamanho da malha do produto<\/strong>: 100% atrav\u00e9s de malha 80<\/li>\n<li><strong>Condi\u00e7\u00f5es de armazenamento<\/strong>: Este produto deve ser selado e protegido da luz, mantido longe de altas temperaturas e armazenado em local seco, fresco e bem ventilado.<\/li>\n<li><strong>M\u00e9todo de embalagem<\/strong>Para produtos a granel, 25 kg por tambor de papel\u00e3o; para amostras, 1 kg por saco de papel alum\u00ednio. Embalagens personalizadas tamb\u00e9m est\u00e3o dispon\u00edveis mediante solicita\u00e7\u00e3o do cliente.<\/li>\n<li><strong>M\u00e9todo de transporte<\/strong>: Correio ou log\u00edstica. Correios nacionais chegam em at\u00e9 3 dias e log\u00edstica em at\u00e9 5 dias. O or\u00e7amento geralmente inclui os custos de transporte dom\u00e9stico.<\/li>\n<li><strong>Prazo de validade<\/strong>: 2 anos<\/li>\n<\/ul>","protected":false},"featured_media":10183,"comment_status":"closed","ping_status":"closed","template":"","meta":[],"product_brand":[],"product_cat":[18,20],"product_tag":[],"class_list":{"0":"post-10182","1":"product","2":"type-product","3":"status-publish","4":"has-post-thumbnail","6":"product_cat-fruit-and-vegetable-powder","7":"product_cat-fruit-powder","9":"first","10":"instock","11":"shipping-taxable","12":"product-type-simple"},"_links":{"self":[{"href":"https:\/\/www.hvbio.com\/pt\/wp-json\/wp\/v2\/product\/10182","targetHints":{"allow":["GET"]}}],"collection":[{"href":"https:\/\/www.hvbio.com\/pt\/wp-json\/wp\/v2\/product"}],"about":[{"href":"https:\/\/www.hvbio.com\/pt\/wp-json\/wp\/v2\/types\/product"}],"replies":[{"embeddable":true,"href":"https:\/\/www.hvbio.com\/pt\/wp-json\/wp\/v2\/comments?post=10182"}],"wp:featuredmedia":[{"embeddable":true,"href":"https:\/\/www.hvbio.com\/pt\/wp-json\/wp\/v2\/media\/10183"}],"wp:attachment":[{"href":"https:\/\/www.hvbio.com\/pt\/wp-json\/wp\/v2\/media?parent=10182"}],"wp:term":[{"taxonomy":"product_brand","embeddable":true,"href":"https:\/\/www.hvbio.com\/pt\/wp-json\/wp\/v2\/product_brand?post=10182"},{"taxonomy":"product_cat","embeddable":true,"href":"https:\/\/www.hvbio.com\/pt\/wp-json\/wp\/v2\/product_cat?post=10182"},{"taxonomy":"product_tag","embeddable":true,"href":"https:\/\/www.hvbio.com\/pt\/wp-json\/wp\/v2\/product_tag?post=10182"}],"curies":[{"name":"wp","href":"https:\/\/api.w.org\/{rel}","templated":true}]}}