{"id":10216,"date":"2025-09-12T14:50:45","date_gmt":"2025-09-12T06:50:45","guid":{"rendered":"https:\/\/www.hvbio.com\/?post_type=product&#038;p=10216"},"modified":"2025-09-12T14:50:45","modified_gmt":"2025-09-12T06:50:45","slug":"lutein-5","status":"publish","type":"product","link":"https:\/\/www.hvbio.com\/pt\/produto\/lutein-5\/","title":{"rendered":"Lute\u00edna 5%"},"content":{"rendered":"<table>\n<thead>\n<tr>\n<th><strong>Item<\/strong><\/th>\n<th><strong>Detalhes<\/strong><\/th>\n<\/tr>\n<\/thead>\n<tbody>\n<tr>\n<td><strong>Nome do produto<\/strong><\/td>\n<td>Lute\u00edna 5%<\/td>\n<\/tr>\n<tr>\n<td><strong>Nomes Alternativos<\/strong><\/td>\n<td>Plant Lutein, Carotenoids<\/td>\n<\/tr>\n<tr>\n<td><strong>Nome latino<\/strong><\/td>\n<td>Lutein<\/td>\n<\/tr>\n<tr>\n<td><strong>Fonte vegetal<\/strong><\/td>\n<td>Mainly found in vegetables, such as rape, spinach, lettuce, etc.<\/td>\n<\/tr>\n<tr>\n<td><strong>Ingredientes ativos<\/strong><\/td>\n<td>Lutein, Zeaxanthin, Lutein Fatty Acid Esters<\/td>\n<\/tr>\n<tr>\n<td><strong>Especifica\u00e7\u00e3o<\/strong><\/td>\n<td>Lutein 5%. For other specifications, please contact customer service for consultation.<\/td>\n<\/tr>\n<tr>\n<td><strong>Caracter\u00edsticas<\/strong><\/td>\n<td>Orange-yellow powder, easy to absorb moisture, soluble in water, tested by HPLC (High Performance Liquid Chromatography).<\/td>\n<\/tr>\n<tr>\n<td><strong>Tamanho da malha do produto<\/strong><\/td>\n<td>98% do produto passa por uma peneira de 80 mesh.<\/td>\n<\/tr>\n<tr>\n<td><strong>M\u00e9todo de embalagem<\/strong><\/td>\n<td>25 kg per paper drum or aluminum foil bag.<\/td>\n<\/tr>\n<tr>\n<td><strong>Condi\u00e7\u00f5es de armazenamento<\/strong><\/td>\n<td>Deve ser selado e protegido da luz, armazenado em local seco, fresco e bem ventilado.<\/td>\n<\/tr>\n<tr>\n<td><strong>Prazo de validade<\/strong><\/td>\n<td>24 meses<\/td>\n<\/tr>\n<tr>\n<td><strong>Expresso e Log\u00edstica<\/strong><\/td>\n<td>Entrega expressa ou log\u00edstica. A entrega expressa dom\u00e9stica geralmente chega em at\u00e9 3 dias, e a log\u00edstica geralmente chega em at\u00e9 5 dias. Os or\u00e7amentos geralmente incluem os custos de transporte dom\u00e9stico.<\/td>\n<\/tr>\n<tr>\n<td><strong>Provis\u00e3o de amostra<\/strong><\/td>\n<td>Geralmente, amostras de 5-20 g s\u00e3o fornecidas para os produtos; taxas de amostra s\u00e3o cobradas para alguns produtos.<\/td>\n<\/tr>\n<\/tbody>\n<\/table>","protected":false},"excerpt":{"rendered":"<ul class=\"auto-hide-last-sibling-br\">\n<li><strong>Nome do produto<\/strong>: Lutein 5%<\/li>\n<li><strong>Nomes Alternativos<\/strong>: Plant Lutein, Carotenoids<\/li>\n<li><strong>Nome latino<\/strong>: Lutein<\/li>\n<li><strong>Fonte vegetal<\/strong>: Mainly found in vegetables, such as rapeseed, spinach, lettuce, etc.<\/li>\n<li><strong>Ingredientes ativos<\/strong>: Lutein, Zeaxanthin, Lutein Fatty Acid Esters<\/li>\n<li><strong>Especifica\u00e7\u00e3o<\/strong>: Lutein 5%. For other specifications, please contact customer service for consultation.<\/li>\n<li><strong>Caracter\u00edsticas<\/strong>: Orange-yellow powder, easy to absorb moisture, soluble in water, tested by HPLC.<\/li>\n<li><strong>Tamanho da malha do produto<\/strong>: 98% passes through 80-mesh sieve<\/li>\n<li><strong>M\u00e9todo de embalagem<\/strong>: 25 kg por tambor de papel ou saco de papel alum\u00ednio<\/li>\n<li><strong>Condi\u00e7\u00f5es de armazenamento<\/strong>: Deve ser selado e protegido da luz, armazenado em local seco, fresco e bem ventilado<\/li>\n<li><strong>Prazo de validade<\/strong>: 24 meses<\/li>\n<li><strong>Expresso e Log\u00edstica<\/strong>: Express delivery or logistics. Domestic express delivery usually arrives within 3 days, and logistics usually arrives within 5 days. Quotations generally include domestic transportation costs.<\/li>\n<li><strong>Disponibilidade de amostra<\/strong>: Generally, 5-20g samples are provided for products; sample fees are charged for some products.<\/li>\n<\/ul>","protected":false},"featured_media":10217,"comment_status":"closed","ping_status":"closed","template":"","meta":[],"product_brand":[],"product_cat":[17,23],"product_tag":[],"class_list":{"0":"post-10216","1":"product","2":"type-product","3":"status-publish","4":"has-post-thumbnail","6":"product_cat-plant-extract","7":"product_cat-standard-extract","9":"first","10":"instock","11":"shipping-taxable","12":"product-type-simple"},"_links":{"self":[{"href":"https:\/\/www.hvbio.com\/pt\/wp-json\/wp\/v2\/product\/10216","targetHints":{"allow":["GET"]}}],"collection":[{"href":"https:\/\/www.hvbio.com\/pt\/wp-json\/wp\/v2\/product"}],"about":[{"href":"https:\/\/www.hvbio.com\/pt\/wp-json\/wp\/v2\/types\/product"}],"replies":[{"embeddable":true,"href":"https:\/\/www.hvbio.com\/pt\/wp-json\/wp\/v2\/comments?post=10216"}],"wp:featuredmedia":[{"embeddable":true,"href":"https:\/\/www.hvbio.com\/pt\/wp-json\/wp\/v2\/media\/10217"}],"wp:attachment":[{"href":"https:\/\/www.hvbio.com\/pt\/wp-json\/wp\/v2\/media?parent=10216"}],"wp:term":[{"taxonomy":"product_brand","embeddable":true,"href":"https:\/\/www.hvbio.com\/pt\/wp-json\/wp\/v2\/product_brand?post=10216"},{"taxonomy":"product_cat","embeddable":true,"href":"https:\/\/www.hvbio.com\/pt\/wp-json\/wp\/v2\/product_cat?post=10216"},{"taxonomy":"product_tag","embeddable":true,"href":"https:\/\/www.hvbio.com\/pt\/wp-json\/wp\/v2\/product_tag?post=10216"}],"curies":[{"name":"wp","href":"https:\/\/api.w.org\/{rel}","templated":true}]}}