{"id":10235,"date":"2025-09-12T15:08:59","date_gmt":"2025-09-12T07:08:59","guid":{"rendered":"https:\/\/www.hvbio.com\/?post_type=product&#038;p=10235"},"modified":"2025-09-12T15:08:59","modified_gmt":"2025-09-12T07:08:59","slug":"functional-red-yeast-rice-powder","status":"publish","type":"product","link":"https:\/\/www.hvbio.com\/pt\/produto\/functional-red-yeast-rice-powder\/","title":{"rendered":"P\u00f3 de arroz vermelho com fermento funcional"},"content":{"rendered":"<table>\n<thead>\n<tr>\n<th><strong>Item<\/strong><\/th>\n<th><strong>Descri\u00e7\u00e3o<\/strong><\/th>\n<\/tr>\n<\/thead>\n<tbody>\n<tr>\n<td>Nome do produto<\/td>\n<td>P\u00f3 de arroz vermelho com fermento funcional<\/td>\n<\/tr>\n<tr>\n<td>Ingredientes principais<\/td>\n<td>Basic nutritional and pigment components, micronutrients, and other active ingredients<\/td>\n<\/tr>\n<tr>\n<td>Fonte de Extra\u00e7\u00e3o<\/td>\n<td>High-quality rice (usually indica rice, glutinous rice, or japonica rice\u2014with high starch content and low impurities, which can provide sufficient carbon sources for microbial fermentation) is used as the sole fermentation carrier. No other grains or auxiliary materials are added to ensure the purity of fermentation products and the accumulation of active ingredients.<\/td>\n<\/tr>\n<tr>\n<td>Apar\u00eancia<\/td>\n<td>Dark red powder; loose, no caking, and no visible impurities to the naked eye<\/td>\n<\/tr>\n<tr>\n<td>M\u00e9todo de detec\u00e7\u00e3o<\/td>\n<td>TLC (Cromatografia em Camada Delgada)<\/td>\n<\/tr>\n<tr>\n<td>Formas de dosagem de aplica\u00e7\u00e3o<\/td>\n<td>Amplamente aplic\u00e1vel<\/td>\n<\/tr>\n<tr>\n<td>Tempo de fornecimento<\/td>\n<td>Durante todo o ano<\/td>\n<\/tr>\n<tr>\n<td>Condi\u00e7\u00f5es de armazenamento<\/td>\n<td>Conservar em recipiente fechado, em local fresco, seco e ao abrigo da luz, longe de fontes de calor e ambientes h\u00famidos<\/td>\n<\/tr>\n<tr>\n<td>Prazo de validade<\/td>\n<td>2 anos<\/td>\n<\/tr>\n<\/tbody>\n<\/table>","protected":false},"excerpt":{"rendered":"<h1 class=\"header-vfC6AV auto-hide-last-sibling-br\">Product Name: Functional Red Yeast Rice Powder<\/h1>\n<h2 class=\"header-vfC6AV auto-hide-last-sibling-br\">Ingredientes principais:<\/h2>\n<div class=\"auto-hide-last-sibling-br paragraph-JOTKXA paragraph-element br-paragraph-space\">Basic nutritional and pigment components, micronutrients, and other active ingredients<\/div>\n<h2 class=\"header-vfC6AV auto-hide-last-sibling-br\">Fonte de extra\u00e7\u00e3o:<\/h2>\n<div class=\"auto-hide-last-sibling-br paragraph-JOTKXA paragraph-element br-paragraph-space\">High-quality rice (usually indica rice, glutinous rice, or japonica rice, which has high starch content and low impurities and can provide sufficient carbon sources for microbial fermentation) is used as the sole fermentation carrier. No other grains or auxiliary materials are added to ensure the purity of fermentation products and the accumulation of active ingredients.<\/div>\n<h2 class=\"header-vfC6AV auto-hide-last-sibling-br\">Apar\u00eancia:<\/h2>\n<div class=\"auto-hide-last-sibling-br paragraph-JOTKXA paragraph-element br-paragraph-space\">Dark red powder, loose without caking, no visible impurities to the naked eye<\/div>\n<h2 class=\"header-vfC6AV auto-hide-last-sibling-br\">M\u00e9todo de detec\u00e7\u00e3o:<\/h2>\n<div class=\"auto-hide-last-sibling-br paragraph-JOTKXA paragraph-element br-paragraph-space\">TLC (Cromatografia em Camada Delgada)<\/div>\n<h2 class=\"header-vfC6AV auto-hide-last-sibling-br\">Formas de dosagem de aplica\u00e7\u00e3o:<\/h2>\n<div class=\"auto-hide-last-sibling-br paragraph-JOTKXA paragraph-element br-paragraph-space\">Amplamente aplic\u00e1vel<\/div>\n<h2 class=\"header-vfC6AV auto-hide-last-sibling-br\">Tempo de fornecimento:<\/h2>\n<div class=\"auto-hide-last-sibling-br paragraph-JOTKXA paragraph-element br-paragraph-space\">Durante todo o ano<\/div>\n<h2 class=\"header-vfC6AV auto-hide-last-sibling-br\">Instru\u00e7\u00f5es de compra<\/h2>\n<ul class=\"auto-hide-last-sibling-br\">\n<li>\u3010M\u00e9todo de embalagem\u301125 kg por tambor de papel ou saco de papel alum\u00ednio<\/li>\n<li>\u3010Condi\u00e7\u00f5es de armazenamento\u3011Deve ser selado e protegido da luz e armazenado em local seco, fresco e bem ventilado<\/li>\n<li>\u3010Validade\u30112 anos<\/li>\n<li>\u3010Fornecimento de amostra\u3011Geralmente, amostras de 5-20 g s\u00e3o fornecidas para o produto; uma taxa de amostra \u00e9 cobrada para alguns produtos.<\/li>\n<li>\u3010Embalagem do produto\u3011Embalado em tambores de papel ou sacos de papel alum\u00ednio (embalagem personalizada dispon\u00edvel mediante solicita\u00e7\u00e3o do cliente)<\/li>\n<li>\u3010Prazo de entrega\u3011Produtos n\u00e3o personalizados ser\u00e3o enviados em at\u00e9 48 horas; o prazo de entrega para produtos personalizados ser\u00e1 ajustado de acordo com as necessidades reais.<\/li>\n<li>\u3010M\u00e9todo de embalagem\u301125 kg por tambor de papel ou saco de papel alum\u00ednio; a embalagem pode ser ajustada de acordo com as condi\u00e7\u00f5es reais.<\/li>\n<li>\u3010M\u00e9todo de transporte\u3011Log\u00edstica expressa nacional; o or\u00e7amento inclui custos de transporte.<\/li>\n<li>\u3010Condi\u00e7\u00f5es de armazenamento\u3011Selado e protegido da luz, armazenado em local seco, fresco e bem ventilado<\/li>\n<\/ul>","protected":false},"featured_media":10236,"comment_status":"closed","ping_status":"closed","template":"","meta":[],"product_brand":[],"product_cat":[18,20],"product_tag":[],"class_list":{"0":"post-10235","1":"product","2":"type-product","3":"status-publish","4":"has-post-thumbnail","6":"product_cat-fruit-and-vegetable-powder","7":"product_cat-fruit-powder","9":"first","10":"instock","11":"shipping-taxable","12":"product-type-simple"},"_links":{"self":[{"href":"https:\/\/www.hvbio.com\/pt\/wp-json\/wp\/v2\/product\/10235","targetHints":{"allow":["GET"]}}],"collection":[{"href":"https:\/\/www.hvbio.com\/pt\/wp-json\/wp\/v2\/product"}],"about":[{"href":"https:\/\/www.hvbio.com\/pt\/wp-json\/wp\/v2\/types\/product"}],"replies":[{"embeddable":true,"href":"https:\/\/www.hvbio.com\/pt\/wp-json\/wp\/v2\/comments?post=10235"}],"wp:featuredmedia":[{"embeddable":true,"href":"https:\/\/www.hvbio.com\/pt\/wp-json\/wp\/v2\/media\/10236"}],"wp:attachment":[{"href":"https:\/\/www.hvbio.com\/pt\/wp-json\/wp\/v2\/media?parent=10235"}],"wp:term":[{"taxonomy":"product_brand","embeddable":true,"href":"https:\/\/www.hvbio.com\/pt\/wp-json\/wp\/v2\/product_brand?post=10235"},{"taxonomy":"product_cat","embeddable":true,"href":"https:\/\/www.hvbio.com\/pt\/wp-json\/wp\/v2\/product_cat?post=10235"},{"taxonomy":"product_tag","embeddable":true,"href":"https:\/\/www.hvbio.com\/pt\/wp-json\/wp\/v2\/product_tag?post=10235"}],"curies":[{"name":"wp","href":"https:\/\/api.w.org\/{rel}","templated":true}]}}